{"id":1509,"date":"2015-05-11T09:13:20","date_gmt":"2015-05-11T09:13:20","guid":{"rendered":"http:\/\/guenther-bestattungen.com\/es\/homepage\/"},"modified":"2016-09-22T17:56:29","modified_gmt":"2016-09-22T15:56:29","slug":"homepage","status":"publish","type":"page","link":"https:\/\/guenther-bestattungen.com\/es\/","title":{"rendered":"Casa"},"content":{"rendered":"<section class=\"wpb-content-wrapper\"><p>[vc_row][vc_column css=\u00bb.vc_custom_1432042943665{padding-top: 5.5em !important;padding-bottom: 5em !important;background-image: url(https:\/\/guenther-bestattungen.com\/wp-content\/uploads\/2015\/05\/white_bg.jpg?id=332) !important;}\u00bb]<div class=\"sc_content content_wrap\" data-animation=\"animated fadeInUp normal\"><div class=\"sc_section\"><div class=\"columns_wrap sc_columns columns_nofluid sc_columns_count_2\"><div class=\"column-1_2 sc_column_item sc_column_item_1 odd first\"><figure class=\"sc_image  sc_image_shape_square\"><div style=\"padding: 0.4em; padding-bottom: 0;\"><img src=\"https:\/\/guenther-bestattungen.com\/wp-content\/uploads\/2015\/05\/Bild2.jpg\" alt=\"\" \/><\/div><\/figure><\/div><div class=\"column-1_2 sc_column_item sc_column_item_2 even\"><h2 class=\"sc_title sc_title_regular \" style=\"margin-top:0px;margin-bottom:0.15em;\">Bienvenida<\/h2>[vc_column_text]En el duelo, es particularmente importante contar con un socio de confianza a su lado. Que sabemos acerca de la situaci\u00f3n de estr\u00e9s emocional para miembros y sobrevivientes.<\/p>\n<p>As\u00ed que nos ocupamos de todos los tr\u00e1mites pendientes y hacerse cargo a petici\u00f3n del servicio de organizaci\u00f3n del funeral &#8211; de los arreglos florales a la mediaci\u00f3n de un orador funeral o cura. Por supuesto, tomamos mucho tiempo para una consulta detallada y de confianza. Le apoyamos en las decisiones resultantes y le asesoramos con nuestros a\u00f1os de experiencia y conocimientos.<\/p>\n<p>Confiar en nosotros &#8211; nuestro trabajo es ayudarle.[\/vc_column_text]<\/div><\/div><\/div><\/div>[\/vc_column][\/vc_row][vc_row][vc_column]<div class=\"sc_section\"><div class=\"sc_content content_wrap\" data-animation=\"animated fadeInUp normal\" style=\"margin-top:1.8em !important;\"><h2 class=\"sc_title sc_title_regular sc_align_center fig_border\" style=\"text-align:center;\">Estamos aqu\u00ed para usted!<\/h2><div class=\"columns_wrap sc_columns columns_nofluid sc_columns_count_4 history_service\" style=\"margin-bottom:5em;\"><div class=\"column-1_4 sc_column_item sc_column_item_1 odd first\"><figure class=\"sc_image  sc_image_shape_square\" style=\"width:11.866em;\"><div style=\"padding: 0.4em; padding-bottom: 0;\"><img src=\"https:\/\/guenther-bestattungen.com\/wp-content\/uploads\/2015\/05\/service.jpg\" alt=\"\" \/><\/div><\/figure>[vc_column_text]<\/p>\n<p style=\"text-align: center;\"><a href=\"https:\/\/guenther-bestattungen.com\/es\/service\/\">servicio<\/a><\/p>\n<p>[\/vc_column_text]<\/div><div class=\"column-1_4 sc_column_item sc_column_item_2 even\"><figure class=\"sc_image  sc_image_shape_square\" style=\"width:11.866em;\"><div style=\"padding: 0.4em; padding-bottom: 0;\"><img src=\"https:\/\/guenther-bestattungen.com\/wp-content\/uploads\/2015\/05\/arten.jpg\" alt=\"\" \/><\/div><\/figure>[vc_column_text]<\/p>\n<p style=\"text-align: center;\"><a href=\"https:\/\/guenther-bestattungen.com\/es\/bestattungsarten\/\">especies funerarios<\/a><\/p>\n<p>[\/vc_column_text]<\/div><div class=\"column-1_4 sc_column_item sc_column_item_3 odd\"><figure class=\"sc_image  sc_image_shape_square\" style=\"width:11.866em;\"><div style=\"padding: 0.4em; padding-bottom: 0;\"><img src=\"https:\/\/guenther-bestattungen.com\/wp-content\/uploads\/2015\/05\/vorsorge-1.jpg\" alt=\"\" \/><\/div><\/figure>[vc_column_text]<\/p>\n<p style=\"text-align: center;\"><a href=\"https:\/\/guenther-bestattungen.com\/es\/vorsorge\/\">precauci\u00f3n<\/a><\/p>\n<p>[\/vc_column_text]<\/div><div class=\"column-1_4 sc_column_item sc_column_item_4 even\"><figure class=\"sc_image  sc_image_shape_square\" style=\"width:11.866em;\"><div style=\"padding: 0.4em; padding-bottom: 0;\"><img src=\"https:\/\/guenther-bestattungen.com\/wp-content\/uploads\/2015\/05\/kosten.jpg\" alt=\"\" \/><\/div><\/figure>[vc_column_text]<\/p>\n<p style=\"text-align: center;\"><a href=\"https:\/\/guenther-bestattungen.com\/es\/kosten\/\">costes<\/a><\/p>\n<p>[\/vc_column_text]<\/div><\/div><\/div><\/div>[\/vc_column][\/vc_row][vc_row][vc_column]<!-- #TRX_GAP_START# --><div class=\"sc_parallax bg_tint_light\" style=\"width:100%;height:27.866em;color:#ffffff;\" data-parallax-speed=\"0.4\" data-parallax-x-pos=\"50%\" data-parallax-y-pos=\"50%\"><div class=\"sc_parallax_content\" style=\"background-image:url(https:\/\/guenther-bestattungen.com\/wp-content\/uploads\/2015\/05\/parallax-1.jpg); background-position:50% 50%;\">[vc_column_text css=\u00bb.vc_custom_1474547393979{margin-top: 9em !important;}\u00bb]<\/p>\n<h2 style=\"text-align: center;\"><span style=\"color: #ffffff;\">Lo mejor que una persona puede dejar una sonrisa en la cara de los que piensan de \u00e9l.<\/span><\/h2>\n<p>[\/vc_column_text][vc_column_text css=\u00bb.vc_custom_1450461261529{margin-top: 1em !important;}\u00bb][\/vc_column_text]<\/div><\/div><!-- #TRX_GAP_END# -->[\/vc_column][\/vc_row]<\/p>\n<\/section>","protected":false},"excerpt":{"rendered":"<p>[vc_row][vc_column css=\u00bb.vc_custom_1432042943665{padding-top: 5.5em !important;padding-bottom: 5em !important;background-image: url(https:\/\/guenther-bestattungen.com\/wp-content\/uploads\/2015\/05\/white_bg.jpg?id=332) !important;}\u00bb][\/vc_column][\/vc_row][vc_row][vc_column][\/vc_column][\/vc_row][vc_row][vc_column][\/vc_column][\/vc_row]<\/p>\n","protected":false},"author":1,"featured_media":0,"parent":0,"menu_order":0,"comment_status":"open","ping_status":"open","template":"","meta":[],"_links":{"self":[{"href":"https:\/\/guenther-bestattungen.com\/es\/wp-json\/wp\/v2\/pages\/1509"}],"collection":[{"href":"https:\/\/guenther-bestattungen.com\/es\/wp-json\/wp\/v2\/pages"}],"about":[{"href":"https:\/\/guenther-bestattungen.com\/es\/wp-json\/wp\/v2\/types\/page"}],"author":[{"embeddable":true,"href":"https:\/\/guenther-bestattungen.com\/es\/wp-json\/wp\/v2\/users\/1"}],"replies":[{"embeddable":true,"href":"https:\/\/guenther-bestattungen.com\/es\/wp-json\/wp\/v2\/comments?post=1509"}],"version-history":[{"count":3,"href":"https:\/\/guenther-bestattungen.com\/es\/wp-json\/wp\/v2\/pages\/1509\/revisions"}],"predecessor-version":[{"id":1862,"href":"https:\/\/guenther-bestattungen.com\/es\/wp-json\/wp\/v2\/pages\/1509\/revisions\/1862"}],"wp:attachment":[{"href":"https:\/\/guenther-bestattungen.com\/es\/wp-json\/wp\/v2\/media?parent=1509"}],"curies":[{"name":"wp","href":"https:\/\/api.w.org\/{rel}","templated":true}]}}