{"id":1540,"date":"2015-12-16T23:12:48","date_gmt":"2015-12-16T22:12:48","guid":{"rendered":"http:\/\/guenther-bestattungen.com\/es\/kosten\/"},"modified":"2016-09-22T15:10:43","modified_gmt":"2016-09-22T13:10:43","slug":"kosten","status":"publish","type":"page","link":"https:\/\/guenther-bestattungen.com\/es\/kosten\/","title":{"rendered":"Kosten"},"content":{"rendered":"<section class=\"wpb-content-wrapper\"><p>[vc_row][vc_column][vc_column_text]<\/p>\n<h3 style=\"text-align: center;\">Los costos del funeral \/ formas de enterramiento<\/h3>\n<p>[\/vc_column_text][vc_empty_space][vc_column_text]Especialmente en un duelo, es importante ser capaz de confiar enteramente en un funeral profesional.<\/p>\n<p>El funeral costo depende de muchos aspectos individuales, como los deseos individuales o las oportunidades financieras. Asesoramiento espec\u00edfico de aclaraci\u00f3n precisa de los costos, por lo tanto es necesario.<\/p>\n<p>Aqu\u00ed para crear un cat\u00e1logo completo ser\u00eda muy confuso y depende de muchos detalles.<\/p>\n<p>No ofrecemos los denominados paquetes funerarios, pero s\u00f3lo calcular lo que quiere sobrevivientes. Este es un c\u00e1lculo manejable.<\/p>\n<p>Ll\u00e1menos para concertar una consulta sin compromiso, tambi\u00e9n en casa en la ciudad y el distrito de G\u00f6ttingen y de Northeim.[\/vc_column_text][\/vc_column][\/vc_row]<\/p>\n<\/section>","protected":false},"excerpt":{"rendered":"<p>[vc_row][vc_column][vc_column_text] Los costos del funeral \/ formas de enterramiento [\/vc_column_text][vc_empty_space][vc_column_text]Especialmente en un duelo, es importante ser capaz de confiar enteramente en un funeral profesional. El funeral costo depende de muchos aspectos individuales, como los deseos individuales o las oportunidades financieras. Asesoramiento espec\u00edfico de aclaraci\u00f3n precisa de los costos, por lo tanto es necesario. Aqu\u00ed para [&hellip;]<\/p>\n","protected":false},"author":1,"featured_media":0,"parent":0,"menu_order":0,"comment_status":"closed","ping_status":"closed","template":"","meta":[],"_links":{"self":[{"href":"https:\/\/guenther-bestattungen.com\/es\/wp-json\/wp\/v2\/pages\/1540"}],"collection":[{"href":"https:\/\/guenther-bestattungen.com\/es\/wp-json\/wp\/v2\/pages"}],"about":[{"href":"https:\/\/guenther-bestattungen.com\/es\/wp-json\/wp\/v2\/types\/page"}],"author":[{"embeddable":true,"href":"https:\/\/guenther-bestattungen.com\/es\/wp-json\/wp\/v2\/users\/1"}],"replies":[{"embeddable":true,"href":"https:\/\/guenther-bestattungen.com\/es\/wp-json\/wp\/v2\/comments?post=1540"}],"version-history":[{"count":2,"href":"https:\/\/guenther-bestattungen.com\/es\/wp-json\/wp\/v2\/pages\/1540\/revisions"}],"predecessor-version":[{"id":1716,"href":"https:\/\/guenther-bestattungen.com\/es\/wp-json\/wp\/v2\/pages\/1540\/revisions\/1716"}],"wp:attachment":[{"href":"https:\/\/guenther-bestattungen.com\/es\/wp-json\/wp\/v2\/media?parent=1540"}],"curies":[{"name":"wp","href":"https:\/\/api.w.org\/{rel}","templated":true}]}}