{"id":1558,"date":"2015-12-16T23:13:12","date_gmt":"2015-12-16T22:13:12","guid":{"rendered":"http:\/\/guenther-bestattungen.com\/es\/vorsorge\/"},"modified":"2016-09-22T16:07:49","modified_gmt":"2016-09-22T14:07:49","slug":"vorsorge","status":"publish","type":"page","link":"https:\/\/guenther-bestattungen.com\/es\/vorsorge\/","title":{"rendered":"Vorsorge"},"content":{"rendered":"<section class=\"wpb-content-wrapper\"><p>[vc_row][vc_column][vc_column_text]<\/p>\n<h3 style=\"text-align: center;\">precauci\u00f3n<\/h3>\n<p style=\"text-align: center;\">tomar precauciones, da una buena sensaci\u00f3n de tener todo controlado.<\/p>\n<p>[\/vc_column_text][vc_empty_space][\/vc_column][\/vc_row][vc_row][vc_column][vc_column_text]Mientras que antes de la muerte fue considerada como una parte integral de la vida, se est\u00e1 convirtiendo cada vez m\u00e1s marginados. A nadie le gusta pensar en la muerte de su familia, o incluso a las propias. Pero s\u00f3lo en el sentido de la familia, es recomendable hacer un temprano reflexiones sobre las medidas que deben adoptarse en caso de fallecimiento.<\/p>\n<p>En un contrato de pensi\u00f3n funeral se requisitos para el dise\u00f1o de la funeraria puede escribir legalmente vinculante. La informaci\u00f3n sobre la manera y la forma de los funerales son una parte integrante del contrato. La cobertura del coste se puede hacer a trav\u00e9s de la creaci\u00f3n de una cuenta bancaria especial.<\/p>\n<p>Estamos encantados de ayudarle a formular sus deseos individuales para el dise\u00f1o de su entierro en un contrato de pensi\u00f3n funeral.<br \/>\nMientras que anteriormente ten\u00eda todo seguro de enfermedad obligatorio tienen derecho a las prestaciones de muerte, la ventaja de muerte ha sido eliminado por completo a partir del 1 1 de 2004. Mediante la eliminaci\u00f3n de la ventaja de muerte con el aumento de las cuotas comunales y estancamiento del empleo y los ingresos de pensiones, gastos funerarios para los que se quedan a menudo a una carga no despreciable son.<\/p>\n<p>Para aliviar a los afligidos, tiene sentido contratar un seguro de funeral. Ayuda a evitar tener que depender de ahorros o de la pensi\u00f3n de supervivencia en el cumplimiento de los gastos del funeral.<\/p>\n<p>Incluso para las personas de edad avanzada se puede realizar en condiciones relativamente favorables coberturas aut\u00f3nomas correspondientes. Nos gustar\u00eda presentar una oferta adaptada individualmente. Por favor, p\u00f3ngase en contacto con nosotros en este sentido.<\/p>\n<p>Nuestros socios de seguros, que pueden usted y su familia una pensi\u00f3n segura.[\/vc_column_text][\/vc_column][\/vc_row][vc_row][vc_column][vc_column_text]<\/p>\n<h3 style=\"text-align: center;\"><\/h3>\n<h3 style=\"text-align: center;\">testamento<\/h3>\n<p>[\/vc_column_text][vc_empty_space][\/vc_column][\/vc_row][vc_row][vc_column][vc_column_text]En cualquier caso, tiene sentido para crear un testamento. Para asegurarse de que la emergencia se hace todo de acuerdo a sus deseos.<\/p>\n<p>El testamento ol\u00f3grafo debe ser escrito a mano elaborado y firmado. Las parejas tambi\u00e9n pueden elaborar una voluntad conjunta. En este caso, ambos deben firmar el testamento escrito a mano creado por un c\u00f3nyuge.<\/p>\n<p>Aseg\u00farese de que las firmas se hace siempre con el nombre completo y apellidos. Para evitar Personenmissverst\u00e4ndnisse. Tambi\u00e9n debe estar seguro de mantener el lugar y fecha de la escritura. Si usted quiere estar seguro de que su voluntad ahora entrar en vigor, por lo que lo introduzcan en la corte de distrito o un notario en custodia oficial.<\/p>\n<p>B\u00e1sicamente, usted es libre de determinar en su testamento que c\u00f3mo y bajo qu\u00e9 condiciones deben heredar lo. S\u00f3lo la parte obligatoria que no tiene control.<\/p>\n<p>Una vez creado Testamento se puede revocar en cualquier momento. Teniendo en cuenta la destrucci\u00f3n de la voluntad o hacer una nota escrita a mano \u00abno v\u00e1lido\u00bb. Un nuevo se establece autom\u00e1ticamente una suspensi\u00f3n anterior.[\/vc_column_text][\/vc_column][\/vc_row]<\/p>\n<\/section>","protected":false},"excerpt":{"rendered":"<p>[vc_row][vc_column][vc_column_text] precauci\u00f3n tomar precauciones, da una buena sensaci\u00f3n de tener todo controlado. [\/vc_column_text][vc_empty_space][\/vc_column][\/vc_row][vc_row][vc_column][vc_column_text]Mientras que antes de la muerte fue considerada como una parte integral de la vida, se est\u00e1 convirtiendo cada vez m\u00e1s marginados. A nadie le gusta pensar en la muerte de su familia, o incluso a las propias. Pero s\u00f3lo en el sentido [&hellip;]<\/p>\n","protected":false},"author":1,"featured_media":0,"parent":0,"menu_order":0,"comment_status":"closed","ping_status":"closed","template":"","meta":[],"_links":{"self":[{"href":"https:\/\/guenther-bestattungen.com\/es\/wp-json\/wp\/v2\/pages\/1558"}],"collection":[{"href":"https:\/\/guenther-bestattungen.com\/es\/wp-json\/wp\/v2\/pages"}],"about":[{"href":"https:\/\/guenther-bestattungen.com\/es\/wp-json\/wp\/v2\/types\/page"}],"author":[{"embeddable":true,"href":"https:\/\/guenther-bestattungen.com\/es\/wp-json\/wp\/v2\/users\/1"}],"replies":[{"embeddable":true,"href":"https:\/\/guenther-bestattungen.com\/es\/wp-json\/wp\/v2\/comments?post=1558"}],"version-history":[{"count":3,"href":"https:\/\/guenther-bestattungen.com\/es\/wp-json\/wp\/v2\/pages\/1558\/revisions"}],"predecessor-version":[{"id":1743,"href":"https:\/\/guenther-bestattungen.com\/es\/wp-json\/wp\/v2\/pages\/1558\/revisions\/1743"}],"wp:attachment":[{"href":"https:\/\/guenther-bestattungen.com\/es\/wp-json\/wp\/v2\/media?parent=1558"}],"curies":[{"name":"wp","href":"https:\/\/api.w.org\/{rel}","templated":true}]}}