{"id":1612,"date":"2015-12-20T11:47:06","date_gmt":"2015-12-20T10:47:06","guid":{"rendered":"http:\/\/guenther-bestattungen.com\/es\/bestattungsarten\/erd-feuerbestattungen\/"},"modified":"2016-09-23T14:36:24","modified_gmt":"2016-09-23T12:36:24","slug":"erd-feuerbestattungen","status":"publish","type":"page","link":"https:\/\/guenther-bestattungen.com\/es\/bestattungsarten\/erd-feuerbestattungen\/","title":{"rendered":"Erd-Feuerbestattungen"},"content":{"rendered":"<section class=\"wpb-content-wrapper\"><p>[vc_row][vc_column][vc_column_text]<\/p>\n<h3 style=\"text-align: center;\">Cremaciones Tierra<\/h3>\n<p>[\/vc_column_text][vc_empty_space][vc_column_text]Como su nombre lo dice, el fallecido se pasa directamente a la funeraria de la tierra.<\/p>\n<p>El funeral se lleva a cabo con familiares, amigos y conocidos de los fallecidos, celebrada en la capilla del cementerio respectiva con la tumba se encuentra. Tras la dise\u00f1ada individualmente de acuerdo con los deseos del difunto y la ceremonia de la familia del fallecido, se realiza en el ata\u00fad de los portadores del cementerio de la capilla de la tumba, que le acompa\u00f1an a los dolientes. Desde un pastor o el altavoz unas \u00faltimas palabras que se hablan en la tumba antes de que el difunto est\u00e1 puesto en su lugar de descanso final.<\/p>\n<p>Varias opciones nos ayudan a expresar nuestros sentimientos sinceros. El embellecidas con las flores sala funeraria y el ata\u00fad con flores proporcionan una visi\u00f3n reconfortante y son tambi\u00e9n una expresi\u00f3n de aprecio y honor de los difuntos.[\/vc_column_text][vc_empty_space][\/vc_column][\/vc_row][vc_row][vc_column width=\u00bb1\/2&#8243;]<figure class=\"sc_image  sc_image_shape_square\"><div style=\"padding: 0.4em; padding-bottom: 0;\"><img src=\"https:\/\/guenther-bestattungen.com\/wp-content\/uploads\/2015\/12\/3123789.jpg\" alt=\"\" \/><\/div><\/figure>[\/vc_column][vc_column width=\u00bb1\/2&#8243;]<figure class=\"sc_image  sc_image_shape_square\"><div style=\"padding: 0.4em; padding-bottom: 0;\"><img src=\"https:\/\/guenther-bestattungen.com\/wp-content\/uploads\/2015\/12\/4451918.jpg\" alt=\"\" \/><\/div><\/figure>[\/vc_column][\/vc_row]<\/p>\n<\/section>","protected":false},"excerpt":{"rendered":"<p>[vc_row][vc_column][vc_column_text] Cremaciones Tierra [\/vc_column_text][vc_empty_space][vc_column_text]Como su nombre lo dice, el fallecido se pasa directamente a la funeraria de la tierra. El funeral se lleva a cabo con familiares, amigos y conocidos de los fallecidos, celebrada en la capilla del cementerio respectiva con la tumba se encuentra. Tras la dise\u00f1ada individualmente de acuerdo con los deseos del [&hellip;]<\/p>\n","protected":false},"author":1,"featured_media":0,"parent":1594,"menu_order":0,"comment_status":"closed","ping_status":"closed","template":"","meta":[],"_links":{"self":[{"href":"https:\/\/guenther-bestattungen.com\/es\/wp-json\/wp\/v2\/pages\/1612"}],"collection":[{"href":"https:\/\/guenther-bestattungen.com\/es\/wp-json\/wp\/v2\/pages"}],"about":[{"href":"https:\/\/guenther-bestattungen.com\/es\/wp-json\/wp\/v2\/types\/page"}],"author":[{"embeddable":true,"href":"https:\/\/guenther-bestattungen.com\/es\/wp-json\/wp\/v2\/users\/1"}],"replies":[{"embeddable":true,"href":"https:\/\/guenther-bestattungen.com\/es\/wp-json\/wp\/v2\/comments?post=1612"}],"version-history":[{"count":2,"href":"https:\/\/guenther-bestattungen.com\/es\/wp-json\/wp\/v2\/pages\/1612\/revisions"}],"predecessor-version":[{"id":1886,"href":"https:\/\/guenther-bestattungen.com\/es\/wp-json\/wp\/v2\/pages\/1612\/revisions\/1886"}],"up":[{"embeddable":true,"href":"https:\/\/guenther-bestattungen.com\/es\/wp-json\/wp\/v2\/pages\/1594"}],"wp:attachment":[{"href":"https:\/\/guenther-bestattungen.com\/es\/wp-json\/wp\/v2\/media?parent=1612"}],"curies":[{"name":"wp","href":"https:\/\/api.w.org\/{rel}","templated":true}]}}