{"id":1630,"date":"2015-12-20T11:47:24","date_gmt":"2015-12-20T10:47:24","guid":{"rendered":"http:\/\/guenther-bestattungen.com\/es\/bestattungsarten\/naturbestattungen\/"},"modified":"2016-09-23T20:44:23","modified_gmt":"2016-09-23T18:44:23","slug":"naturbestattungen","status":"publish","type":"page","link":"https:\/\/guenther-bestattungen.com\/es\/bestattungsarten\/naturbestattungen\/","title":{"rendered":"Naturbestattungen"},"content":{"rendered":"<section class=\"wpb-content-wrapper\"><p>[vc_row][vc_column][vc_column_text]<\/p>\n<h3 style=\"text-align: center;\">Entierros naturales en G\u00f6ttingen<\/h3>\n<p>[\/vc_column_text][vc_empty_space][vc_column_text]<em>Friedewald o frito en el Parque huertos Stadtfriedhof- tumba Parkfriedhof Junker Berg<\/em><\/p>\n<p>El entierro \u00e1rbol en un Friedewald ofrece para todas las personas una alternativa, que quieren un individuo y el entierro natural fuera de los cementerios normales.<\/p>\n<p>En Friedewald, una pieza natural de la madera, las cenizas del difunto ser\u00e1 enterrado al pie de un \u00e1rbol. B\u00e1sicamente es posible que un \u00e1rbol con el tiempo el lugar de descanso final para una familia entera puede ser. Si esto est\u00e1 previsto, el funeral de Friedewald tema debe ser discutido con la familia y aceptado por todos los interesados \u00e1rbol se seleccionan. El \u00ab\u00e1rbol geneal\u00f3gico\u00bb, entonces a menudo se establece una fecha tan lejana como punto central de referencia, con independencia del centro de la vida de los miembros individuales de la familia.<\/p>\n<p>Friedewald \u00e1rboles son exactamente cartogr\u00e1ficamente registrar e introducir en el registro \u00e1rbol. La representaci\u00f3n exacta del \u00e1rbol en el plan de sitio lo permite en cualquier momento para encontrar e identificar. Tambi\u00e9n es posible proporcionar el \u00e1rbol con un cartel en el que se pueden grabar los datos de all\u00ed enterrados fallecido. Un certificado de premio certifica el derecho de uso del \u00e1rbol. Mediante la inscripci\u00f3n en el Registro de la Propiedad del \u00e1rbol est\u00e1 protegido hasta 99 a\u00f1os en comparaci\u00f3n deforestaci\u00f3n.<\/p>\n<p>Al igual que en los entierros convencionales, el funeral se lleva a cabo en la casa del difunto. El funeral en Friedewald es entonces m\u00e1s tarde la familia inmediata, que a menudo supone un cl\u00e9rigo o representante gratuita. (En principio, tambi\u00e9n es posible, una urna funeraria con el entierro realizar localmente.)<br \/>\nPor supuesto, todos aceptamos en relaci\u00f3n con los enterramientos de Friedewald ocurre tr\u00e1mites. Nos ocupamos de la cremaci\u00f3n y organizar el funeral.<\/p>\n<p>\u00bfNecesita m\u00e1s informaci\u00f3n sobre enterramientos de Friedewald, por favor visite el siguiente sitio web:<\/p>\n<p><span style=\"color: #000000;\"><a href=\"http:\/\/www.friedwald.de\/\">www.friedwald.de<\/a><br \/>\n<\/span>[\/vc_column_text][vc_empty_space][\/vc_column][\/vc_row][vc_row][vc_column][vc_column_text]<\/p>\n<h3 style=\"text-align: center;\">La alternativa a Friedewald<\/h3>\n<p>[\/vc_column_text][vc_empty_space][\/vc_column][\/vc_row][vc_row][vc_column width=\u00bb1\/2&#8243;][vc_column_text]<\/p>\n<p style=\"text-align: center;\"><em>Parque Fried en el cementerio de la ciudad de G\u00f6ttingen<\/em><\/p>\n<p style=\"text-align: center;\">Un entierro individual y natural en el cementerio.<\/p>\n<p>[\/vc_column_text][vc_empty_space height=\u00bb15px\u00bb]<figure class=\"sc_image  sc_image_shape_square\"><div style=\"padding: 0.4em; padding-bottom: 0;\"><img src=\"https:\/\/guenther-bestattungen.com\/wp-content\/uploads\/2015\/12\/friedpark.jpg\" alt=\"\" \/><\/div><\/figure>[vc_empty_space height=\u00bb5px\u00bb][vc_column_text]<\/p>\n<p style=\"text-align: center;\"><a href=\"https:\/\/guenther-bestattungen.com\/wp-content\/uploads\/2015\/12\/Friedpark-Fotos.pdf\" target=\"_blank\">&#8211; m\u00e1s informaci\u00f3n &#8211;\u00a0<\/a><\/p>\n<p>[\/vc_column_text][\/vc_column][vc_column width=\u00bb1\/2&#8243;][vc_column_text]<\/p>\n<p style=\"text-align: center;\"><em>Huertos tumba en el cementerio Parque Junker Berg<\/em><\/p>\n<p style=\"text-align: center;\">Un entierro individual y natural en el cementerio.<\/p>\n<p>[\/vc_column_text][vc_empty_space height=\u00bb15px\u00bb]<figure class=\"sc_image  sc_image_shape_square\"><div style=\"padding: 0.4em; padding-bottom: 0;\"><img src=\"https:\/\/guenther-bestattungen.com\/wp-content\/uploads\/2015\/12\/junkernberg.jpg\" alt=\"\" \/><\/div><\/figure>[vc_empty_space height=\u00bb5px\u00bb][vc_column_text]<\/p>\n<p style=\"text-align: center;\"><a href=\"https:\/\/guenther-bestattungen.com\/wp-content\/uploads\/2015\/12\/blatt1.pdf\" target=\"_blank\">&#8211; m\u00e1s informaci\u00f3n &#8211;\u00a0<\/a><\/p>\n<p>[\/vc_column_text][\/vc_column][\/vc_row][vc_row][vc_column][vc_empty_space][vc_column_text]Los funerales se ofrecen en un entorno natural como lugares de enterramiento de la comunidad en los dos cementerios municipales tambi\u00e9n. La elecci\u00f3n de las tumbas de las urnas no han Grabbeet y tambi\u00e9n puede ser reservada en la compra anticipada. Un compromiso con un cuidado regular de la tumba eliminado.<\/p>\n<p>El funeral se lleva a cabo en una c\u00e1psula de cenizas transitoria. Las tumbas tambi\u00e9n una ocupaci\u00f3n doble con dos c\u00e1psulas de ceniza se superpone, seleccionable como una tumba familiar.<\/p>\n<p>A petici\u00f3n hay la posibilidad de una marca nominal sobre una estela conmemorativa. La participaci\u00f3n de los miembros en el entierro es posible. El costo de los funerales, por favor refi\u00e9rase a las tasas del cementerio estatutos aplicables. Los hu\u00e9spedes tambi\u00e9n pueden asesora a la administraci\u00f3n del cementerio en el cementerio del parque Junker Berg al (0551) 400-5216.<\/p>\n<p>El departamento de \u00abFruit Wies tumba\u00bb en el cementerio del parque Junker Berg, inaugurado en 2006. La naturaleza de un huerto de modelado est\u00e1n aqu\u00ed 41 \u00e1rboles frutales diferentes en una diversa, prado floreciente. El granito asignado cada \u00e1rbol Tele ofrece la posibilidad de almacenar la joyer\u00eda de luto, as\u00ed como con una peque\u00f1a etiqueta con su nombre en el \/ fallecido \/ n para recordar.<\/p>\n<p>En el cementerio de la ciudad es desde el a\u00f1o 2006 bajo los \u00e1rboles viejos, la posibilidad de entierro en \u00abFried Park\u00bb. De un seto de carpes blindado dominan los cuatro pilares principales de roble del departamento. Estas estelas se obtuvieron de los bosques locales y toman el simbolismo del \u00e1rbol en el entierro.<\/p>\n<p>Una vez m\u00e1s, se almacena la joyer\u00eda de luto, y una etiqueta de nombre adjunto.[\/vc_column_text][\/vc_column][\/vc_row]<\/p>\n<\/section>","protected":false},"excerpt":{"rendered":"<p>[vc_row][vc_column][vc_column_text] Entierros naturales en G\u00f6ttingen [\/vc_column_text][vc_empty_space][vc_column_text]Friedewald o frito en el Parque huertos Stadtfriedhof- tumba Parkfriedhof Junker Berg El entierro \u00e1rbol en un Friedewald ofrece para todas las personas una alternativa, que quieren un individuo y el entierro natural fuera de los cementerios normales. En Friedewald, una pieza natural de la madera, las cenizas del difunto [&hellip;]<\/p>\n","protected":false},"author":1,"featured_media":0,"parent":1594,"menu_order":0,"comment_status":"closed","ping_status":"closed","template":"","meta":[],"_links":{"self":[{"href":"https:\/\/guenther-bestattungen.com\/es\/wp-json\/wp\/v2\/pages\/1630"}],"collection":[{"href":"https:\/\/guenther-bestattungen.com\/es\/wp-json\/wp\/v2\/pages"}],"about":[{"href":"https:\/\/guenther-bestattungen.com\/es\/wp-json\/wp\/v2\/types\/page"}],"author":[{"embeddable":true,"href":"https:\/\/guenther-bestattungen.com\/es\/wp-json\/wp\/v2\/users\/1"}],"replies":[{"embeddable":true,"href":"https:\/\/guenther-bestattungen.com\/es\/wp-json\/wp\/v2\/comments?post=1630"}],"version-history":[{"count":3,"href":"https:\/\/guenther-bestattungen.com\/es\/wp-json\/wp\/v2\/pages\/1630\/revisions"}],"predecessor-version":[{"id":1899,"href":"https:\/\/guenther-bestattungen.com\/es\/wp-json\/wp\/v2\/pages\/1630\/revisions\/1899"}],"up":[{"embeddable":true,"href":"https:\/\/guenther-bestattungen.com\/es\/wp-json\/wp\/v2\/pages\/1594"}],"wp:attachment":[{"href":"https:\/\/guenther-bestattungen.com\/es\/wp-json\/wp\/v2\/media?parent=1630"}],"curies":[{"name":"wp","href":"https:\/\/api.w.org\/{rel}","templated":true}]}}