{"id":1506,"date":"2015-05-11T09:13:20","date_gmt":"2015-05-11T09:13:20","guid":{"rendered":"http:\/\/guenther-bestattungen.com\/fr\/homepage\/"},"modified":"2016-09-22T17:55:06","modified_gmt":"2016-09-22T15:55:06","slug":"homepage","status":"publish","type":"page","link":"https:\/\/guenther-bestattungen.com\/fr\/","title":{"rendered":"Maison"},"content":{"rendered":"<section class=\"wpb-content-wrapper\"><p>[vc_row][vc_column css=\u00a0\u00bb.vc_custom_1432042943665{padding-top: 5.5em !important;padding-bottom: 5em !important;background-image: url(https:\/\/guenther-bestattungen.com\/wp-content\/uploads\/2015\/05\/white_bg.jpg?id=332) !important;}\u00a0\u00bb]<div class=\"sc_content content_wrap\" data-animation=\"animated fadeInUp normal\"><div class=\"sc_section\"><div class=\"columns_wrap sc_columns columns_nofluid sc_columns_count_2\"><div class=\"column-1_2 sc_column_item sc_column_item_1 odd first\"><figure class=\"sc_image  sc_image_shape_square\"><div style=\"padding: 0.4em; padding-bottom: 0;\"><img src=\"https:\/\/guenther-bestattungen.com\/wp-content\/uploads\/2015\/05\/Bild2.jpg\" alt=\"\" \/><\/div><\/figure><\/div><div class=\"column-1_2 sc_column_item sc_column_item_2 even\"><h2 class=\"sc_title sc_title_regular \" style=\"margin-top:0px;margin-bottom:0.15em;\">Bienvenue<\/h2>[vc_column_text]En deuil, il est particuli\u00e8rement important d&rsquo;avoir un partenaire fiable \u00e0 vos c\u00f4t\u00e9s. Nous savons \u00e0 propos de la situation stressante \u00e9motionnelle pour les membres et les survivants.<\/p>\n<p>Donc, nous prenons soin de toutes les formalit\u00e9s en attente et prendre en charge \u00e0 la demande du service organisation fun\u00e9raire &#8211; des arrangements floraux \u00e0 la m\u00e9diation d&rsquo;un orateur fun\u00e9raire ou pr\u00eatre. Bien s\u00fbr, nous prenons beaucoup de temps pour une consultation d\u00e9taill\u00e9e et confiant. Nous vous accompagnons dans les d\u00e9cisions qui en d\u00e9coulent et vous conseillons avec nos ann\u00e9es d&rsquo;exp\u00e9rience et d&rsquo;expertise.<\/p>\n<p>Faites-nous confiance &#8211; notre travail est de vous aider.[\/vc_column_text]<\/div><\/div><\/div><\/div>[\/vc_column][\/vc_row][vc_row][vc_column]<div class=\"sc_section\"><div class=\"sc_content content_wrap\" data-animation=\"animated fadeInUp normal\" style=\"margin-top:1.8em !important;\"><h2 class=\"sc_title sc_title_regular sc_align_center fig_border\" style=\"text-align:center;\">Nous sommes l\u00e0 pour vous!<\/h2><div class=\"columns_wrap sc_columns columns_nofluid sc_columns_count_4 history_service\" style=\"margin-bottom:5em;\"><div class=\"column-1_4 sc_column_item sc_column_item_1 odd first\"><figure class=\"sc_image  sc_image_shape_square\" style=\"width:11.866em;\"><div style=\"padding: 0.4em; padding-bottom: 0;\"><img src=\"https:\/\/guenther-bestattungen.com\/wp-content\/uploads\/2015\/05\/service.jpg\" alt=\"\" \/><\/div><\/figure>[vc_column_text]<\/p>\n<p style=\"text-align: center;\"><a href=\"https:\/\/guenther-bestattungen.com\/fr\/service\/\">Service<\/a><\/p>\n<p>[\/vc_column_text]<\/div><div class=\"column-1_4 sc_column_item sc_column_item_2 even\"><figure class=\"sc_image  sc_image_shape_square\" style=\"width:11.866em;\"><div style=\"padding: 0.4em; padding-bottom: 0;\"><img src=\"https:\/\/guenther-bestattungen.com\/wp-content\/uploads\/2015\/05\/arten.jpg\" alt=\"\" \/><\/div><\/figure>[vc_column_text]<\/p>\n<p style=\"text-align: center;\"><a href=\"https:\/\/guenther-bestattungen.com\/fr\/bestattungsarten\/\">esp\u00e8ces fun\u00e9raires<\/a><\/p>\n<p>[\/vc_column_text]<\/div><div class=\"column-1_4 sc_column_item sc_column_item_3 odd\"><figure class=\"sc_image  sc_image_shape_square\" style=\"width:11.866em;\"><div style=\"padding: 0.4em; padding-bottom: 0;\"><img src=\"https:\/\/guenther-bestattungen.com\/wp-content\/uploads\/2015\/05\/vorsorge-1.jpg\" alt=\"\" \/><\/div><\/figure>[vc_column_text]<\/p>\n<p style=\"text-align: center;\"><a href=\"https:\/\/guenther-bestattungen.com\/fr\/vorsorge\/\">pr\u00e9caution<\/a><\/p>\n<p>[\/vc_column_text]<\/div><div class=\"column-1_4 sc_column_item sc_column_item_4 even\"><figure class=\"sc_image  sc_image_shape_square\" style=\"width:11.866em;\"><div style=\"padding: 0.4em; padding-bottom: 0;\"><img src=\"https:\/\/guenther-bestattungen.com\/wp-content\/uploads\/2015\/05\/kosten.jpg\" alt=\"\" \/><\/div><\/figure>[vc_column_text]<\/p>\n<p style=\"text-align: center;\"><a href=\"https:\/\/guenther-bestattungen.com\/fr\/kosten\/\">frais<\/a><\/p>\n<p>[\/vc_column_text]<\/div><\/div><\/div><\/div>[\/vc_column][\/vc_row][vc_row][vc_column]<!-- #TRX_GAP_START# --><div class=\"sc_parallax bg_tint_light\" style=\"width:100%;height:27.866em;color:#ffffff;\" data-parallax-speed=\"0.4\" data-parallax-x-pos=\"50%\" data-parallax-y-pos=\"50%\"><div class=\"sc_parallax_content\" style=\"background-image:url(https:\/\/guenther-bestattungen.com\/wp-content\/uploads\/2015\/05\/parallax-1.jpg); background-position:50% 50%;\">[vc_column_text css=\u00a0\u00bb.vc_custom_1474546922674{margin-top: 9em !important;}\u00a0\u00bb]<\/p>\n<h2 style=\"text-align: center;\"><span style=\"color: #ffffff;\">La meilleure chose qu&rsquo;une personne peut laisser un sourire sur le visage de ceux qui pensent de lui.<\/span><\/h2>\n<p>[\/vc_column_text][vc_column_text css=\u00a0\u00bb.vc_custom_1450461261529{margin-top: 1em !important;}\u00a0\u00bb][\/vc_column_text]<\/div><\/div><!-- #TRX_GAP_END# -->[\/vc_column][\/vc_row]<\/p>\n<\/section>","protected":false},"excerpt":{"rendered":"<p>[vc_row][vc_column css=\u00a0\u00bb.vc_custom_1432042943665{padding-top: 5.5em !important;padding-bottom: 5em !important;background-image: url(https:\/\/guenther-bestattungen.com\/wp-content\/uploads\/2015\/05\/white_bg.jpg?id=332) !important;}\u00a0\u00bb][\/vc_column][\/vc_row][vc_row][vc_column][\/vc_column][\/vc_row][vc_row][vc_column][\/vc_column][\/vc_row]<\/p>\n","protected":false},"author":1,"featured_media":0,"parent":0,"menu_order":0,"comment_status":"open","ping_status":"open","template":"","meta":[],"_links":{"self":[{"href":"https:\/\/guenther-bestattungen.com\/fr\/wp-json\/wp\/v2\/pages\/1506"}],"collection":[{"href":"https:\/\/guenther-bestattungen.com\/fr\/wp-json\/wp\/v2\/pages"}],"about":[{"href":"https:\/\/guenther-bestattungen.com\/fr\/wp-json\/wp\/v2\/types\/page"}],"author":[{"embeddable":true,"href":"https:\/\/guenther-bestattungen.com\/fr\/wp-json\/wp\/v2\/users\/1"}],"replies":[{"embeddable":true,"href":"https:\/\/guenther-bestattungen.com\/fr\/wp-json\/wp\/v2\/comments?post=1506"}],"version-history":[{"count":4,"href":"https:\/\/guenther-bestattungen.com\/fr\/wp-json\/wp\/v2\/pages\/1506\/revisions"}],"predecessor-version":[{"id":1859,"href":"https:\/\/guenther-bestattungen.com\/fr\/wp-json\/wp\/v2\/pages\/1506\/revisions\/1859"}],"wp:attachment":[{"href":"https:\/\/guenther-bestattungen.com\/fr\/wp-json\/wp\/v2\/media?parent=1506"}],"curies":[{"name":"wp","href":"https:\/\/api.w.org\/{rel}","templated":true}]}}