{"id":1519,"date":"2015-12-16T23:11:55","date_gmt":"2015-12-16T22:11:55","guid":{"rendered":"http:\/\/guenther-bestattungen.com\/fr\/service\/"},"modified":"2016-09-22T15:40:07","modified_gmt":"2016-09-22T13:40:07","slug":"service","status":"publish","type":"page","link":"https:\/\/guenther-bestattungen.com\/fr\/service\/","title":{"rendered":"Service"},"content":{"rendered":"<section class=\"wpb-content-wrapper\"><p>[vc_row][vc_column][vc_column_text]<\/p>\n<h3 style=\"text-align: center;\">Notre offre d&rsquo;aide<\/h3>\n<p>[\/vc_column_text][vc_empty_space][\/vc_column][\/vc_row][vc_row][vc_column][vc_column_text]Surtout dans un deuil, il est important de pouvoir compter enti\u00e8rement sur un enterrement professionnel.<\/p>\n<p>Nous prenons l&rsquo;ensemble des formalit\u00e9s et vous conseiller en toute confiance et avec sensibilit\u00e9.<\/p>\n<p><strong>Nos services comprennent:<\/strong><\/p>\n<ul>\n<li>Conseils et soutien lors de l&rsquo;achat d&rsquo;un site tombe<\/li>\n<li>Manipulation de toutes les questions d&rsquo;organisation pour les fun\u00e9railles<\/li>\n<li>Recrutez pasteur ou haut-parleur pour les fun\u00e9railles<\/li>\n<li>Ornements Ordre de fleurs (urnes et conteneurs cercueil, couronnes, bouquets de main, ornements d&rsquo;\u00e9glise)<\/li>\n<li>D\u00e9coration de la salle de c\u00e9r\u00e9monie<\/li>\n<li>Production de lettres de deuil, des publicit\u00e9s et Remerciements<\/li>\n<li>L&rsquo;ach\u00e8vement de toutes les formalit\u00e9s administratives (certificats de d\u00e9c\u00e8s, demander des fonds de mort, etc.)<\/li>\n<li>Transport des personnes d\u00e9c\u00e9d\u00e9es (au niveau international)<\/li>\n<\/ul>\n<p>etc.[\/vc_column_text][\/vc_column][\/vc_row]<\/p>\n<\/section>","protected":false},"excerpt":{"rendered":"<p>[vc_row][vc_column][vc_column_text] Notre offre d&rsquo;aide [\/vc_column_text][vc_empty_space][\/vc_column][\/vc_row][vc_row][vc_column][vc_column_text]Surtout dans un deuil, il est important de pouvoir compter enti\u00e8rement sur un enterrement professionnel. Nous prenons l&rsquo;ensemble des formalit\u00e9s et vous conseiller en toute confiance et avec sensibilit\u00e9. Nos services comprennent: Conseils et soutien lors de l&rsquo;achat d&rsquo;un site tombe Manipulation de toutes les questions d&rsquo;organisation pour les fun\u00e9railles Recrutez [&hellip;]<\/p>\n","protected":false},"author":1,"featured_media":0,"parent":0,"menu_order":0,"comment_status":"closed","ping_status":"closed","template":"","meta":[],"_links":{"self":[{"href":"https:\/\/guenther-bestattungen.com\/fr\/wp-json\/wp\/v2\/pages\/1519"}],"collection":[{"href":"https:\/\/guenther-bestattungen.com\/fr\/wp-json\/wp\/v2\/pages"}],"about":[{"href":"https:\/\/guenther-bestattungen.com\/fr\/wp-json\/wp\/v2\/types\/page"}],"author":[{"embeddable":true,"href":"https:\/\/guenther-bestattungen.com\/fr\/wp-json\/wp\/v2\/users\/1"}],"replies":[{"embeddable":true,"href":"https:\/\/guenther-bestattungen.com\/fr\/wp-json\/wp\/v2\/comments?post=1519"}],"version-history":[{"count":3,"href":"https:\/\/guenther-bestattungen.com\/fr\/wp-json\/wp\/v2\/pages\/1519\/revisions"}],"predecessor-version":[{"id":1726,"href":"https:\/\/guenther-bestattungen.com\/fr\/wp-json\/wp\/v2\/pages\/1519\/revisions\/1726"}],"wp:attachment":[{"href":"https:\/\/guenther-bestattungen.com\/fr\/wp-json\/wp\/v2\/media?parent=1519"}],"curies":[{"name":"wp","href":"https:\/\/api.w.org\/{rel}","templated":true}]}}