{"id":1537,"date":"2015-12-16T23:12:48","date_gmt":"2015-12-16T22:12:48","guid":{"rendered":"http:\/\/guenther-bestattungen.com\/fr\/kosten\/"},"modified":"2016-09-22T15:03:34","modified_gmt":"2016-09-22T13:03:34","slug":"kosten","status":"publish","type":"page","link":"https:\/\/guenther-bestattungen.com\/fr\/kosten\/","title":{"rendered":"Kosten"},"content":{"rendered":"<section class=\"wpb-content-wrapper\"><p>[vc_row][vc_column][vc_column_text]<\/p>\n<h3 style=\"text-align: center;\">Les frais fun\u00e9raires \/ formes de s\u00e9pulture<\/h3>\n<p>[\/vc_column_text][vc_empty_space][vc_column_text]Surtout dans un deuil, il est important de pouvoir compter enti\u00e8rement sur un enterrement professionnel.<\/p>\n<p>Les fun\u00e9railles des co\u00fbts d\u00e9pendent de nombreux aspects individuels, tels que les d\u00e9sirs individuels ou des possibilit\u00e9s financi\u00e8res. Des conseils cibl\u00e9s pour une clarification pr\u00e9cise des co\u00fbts est donc n\u00e9cessaire.<\/p>\n<p>Ici pour cr\u00e9er un catalogue complet serait tr\u00e8s confuse et d\u00e9pend beaucoup de d\u00e9tails.<\/p>\n<p>Nous ne proposons pas des paquets dits fun\u00e9raires, mais seulement de calculer ce que veulent les survivants. Ce calcul est g\u00e9rable.<\/p>\n<p>Appelez-nous pour organiser une consultation sans obligation, \u00e9galement \u00e0 la maison dans la ville et du district et de G\u00f6ttingen Northeim.[\/vc_column_text][\/vc_column][\/vc_row]<\/p>\n<\/section>","protected":false},"excerpt":{"rendered":"<p>[vc_row][vc_column][vc_column_text] Les frais fun\u00e9raires \/ formes de s\u00e9pulture [\/vc_column_text][vc_empty_space][vc_column_text]Surtout dans un deuil, il est important de pouvoir compter enti\u00e8rement sur un enterrement professionnel. Les fun\u00e9railles des co\u00fbts d\u00e9pendent de nombreux aspects individuels, tels que les d\u00e9sirs individuels ou des possibilit\u00e9s financi\u00e8res. Des conseils cibl\u00e9s pour une clarification pr\u00e9cise des co\u00fbts est donc n\u00e9cessaire. Ici pour [&hellip;]<\/p>\n","protected":false},"author":1,"featured_media":0,"parent":0,"menu_order":0,"comment_status":"closed","ping_status":"closed","template":"","meta":[],"_links":{"self":[{"href":"https:\/\/guenther-bestattungen.com\/fr\/wp-json\/wp\/v2\/pages\/1537"}],"collection":[{"href":"https:\/\/guenther-bestattungen.com\/fr\/wp-json\/wp\/v2\/pages"}],"about":[{"href":"https:\/\/guenther-bestattungen.com\/fr\/wp-json\/wp\/v2\/types\/page"}],"author":[{"embeddable":true,"href":"https:\/\/guenther-bestattungen.com\/fr\/wp-json\/wp\/v2\/users\/1"}],"replies":[{"embeddable":true,"href":"https:\/\/guenther-bestattungen.com\/fr\/wp-json\/wp\/v2\/comments?post=1537"}],"version-history":[{"count":2,"href":"https:\/\/guenther-bestattungen.com\/fr\/wp-json\/wp\/v2\/pages\/1537\/revisions"}],"predecessor-version":[{"id":1713,"href":"https:\/\/guenther-bestattungen.com\/fr\/wp-json\/wp\/v2\/pages\/1537\/revisions\/1713"}],"wp:attachment":[{"href":"https:\/\/guenther-bestattungen.com\/fr\/wp-json\/wp\/v2\/media?parent=1537"}],"curies":[{"name":"wp","href":"https:\/\/api.w.org\/{rel}","templated":true}]}}