{"id":1555,"date":"2015-12-16T23:13:12","date_gmt":"2015-12-16T22:13:12","guid":{"rendered":"http:\/\/guenther-bestattungen.com\/fr\/vorsorge\/"},"modified":"2016-09-22T15:59:31","modified_gmt":"2016-09-22T13:59:31","slug":"vorsorge","status":"publish","type":"page","link":"https:\/\/guenther-bestattungen.com\/fr\/vorsorge\/","title":{"rendered":"Vorsorge"},"content":{"rendered":"<section class=\"wpb-content-wrapper\"><p>[vc_row][vc_column][vc_column_text]<\/p>\n<h3 style=\"text-align: center;\">pr\u00e9caution<\/h3>\n<p style=\"text-align: center;\">de prendre des pr\u00e9cautions, donne un bon sentiment d&rsquo;avoir tout contr\u00f4l\u00e9.<\/p>\n<p>[\/vc_column_text][vc_empty_space][\/vc_column][\/vc_row][vc_row][vc_column][vc_column_text]Alors qu&rsquo;auparavant la mort a \u00e9t\u00e9 consid\u00e9r\u00e9e comme une partie int\u00e9grante de la vie, il est maintenant de plus en plus marginalis\u00e9s. Personne n&rsquo;aime penser \u00e0 la mort de sa famille, ou m\u00eame de leur propre. Mais seulement dans le sens de la famille, il est conseill\u00e9 de faire un d\u00e9but r\u00e9flexions sur les mesures \u00e0 prendre en cas de d\u00e9c\u00e8s.<\/p>\n<p>Dans un contrat de pension fun\u00e9raire est l\u00e9galement les exigences relatives \u00e0 la conception des fun\u00e9railles peut \u00e9crire obligatoire. Informations sur la mani\u00e8re et la forme des fun\u00e9railles font partie int\u00e9grante du contrat. La couverture du co\u00fbt peut se faire par la cr\u00e9ation d&rsquo;un compte bancaire sp\u00e9cial.<\/p>\n<p>Nous sommes heureux de vous aider \u00e0 formuler vos souhaits individuels pour la conception de vos fun\u00e9railles dans un contrat de pension fun\u00e9raire.<br \/>\nBien que d\u00e9j\u00e0 eu toutes les assurances maladie obligatoire ont droit \u00e0 des prestations de d\u00e9c\u00e8s, la prestation de d\u00e9c\u00e8s a \u00e9t\u00e9 supprim\u00e9 enti\u00e8rement \u00e0 partir de 1 1 de 2004. En \u00e9liminant la prestation de d\u00e9c\u00e8s \u00e0 la hausse des cotisations communales et stagnation de l&#8217;emploi et des revenus de retraite, les frais fun\u00e9raires pour ceux qui restent souvent \u00e0 une charge non n\u00e9gligeable sont.<\/p>\n<p>Pour soulager les personnes en deuil, il est logique de prendre une assurance fun\u00e9railles. Elle permet d&rsquo;\u00e9viter d&rsquo;avoir \u00e0 compter sur l&rsquo;\u00e9pargne ou la pension de survivant pour r\u00e9pondre aux frais fun\u00e9raires.<\/p>\n<p>M\u00eame pour les personnes \u00e2g\u00e9es peuvent \u00eatre r\u00e9alis\u00e9es dans des conditions relativement favorables des couvertures autonomes correspondantes. Nous tenons \u00e0 pr\u00e9senter une offre adapt\u00e9e individuellement. S&rsquo;il vous pla\u00eet nous contacter \u00e0 cet \u00e9gard.<\/p>\n<p>Nos partenaires d&rsquo;assurance, nous pouvons vous et votre famille offrir une pension s\u00fbre.[\/vc_column_text][\/vc_column][\/vc_row][vc_row][vc_column][vc_column_text]<\/p>\n<h3 style=\"text-align: center;\"><\/h3>\n<h3 style=\"text-align: center;\">testament<\/h3>\n<p>[\/vc_column_text][vc_empty_space][\/vc_column][\/vc_row][vc_row][vc_column][vc_column_text]Dans tous les cas, il est logique de cr\u00e9er une volont\u00e9. Pour vous assurer que la situation d&rsquo;urgence est fait selon vos souhaits.<\/p>\n<p>Le testament olographe doit \u00eatre manuscrite r\u00e9dig\u00e9e et sign\u00e9e. Les couples peuvent \u00e9galement \u00e9tablir une volont\u00e9 commune. Dans ce cas, les deux doivent signer le testament manuscrit cr\u00e9\u00e9 par un conjoint.<\/p>\n<p>Veiller \u00e0 ce que les signatures sont toujours r\u00e9alis\u00e9es avec le nom et pr\u00e9nom. Pour \u00e9viter Personenmissverst\u00e4ndnisse. De plus, assurez-vous de tenir le lieu et la date de l&rsquo;\u00e9criture. Si vous voulez \u00eatre s\u00fbr que votre volont\u00e9 maintenant entrer en vigueur, alors s&rsquo;il vous pla\u00eet taper au moment de la cour de district ou d&rsquo;un notaire en garde \u00e0 vue.<\/p>\n<p>Fondamentalement, vous \u00eates libre de d\u00e9terminer dans votre testament qui comment et dans quelles conditions devraient h\u00e9riter de ce. Seule la partie obligatoire que vous avez aucun contr\u00f4le.<\/p>\n<p>Une fois cr\u00e9\u00e9 Testament vous pouvez r\u00e9voquer \u00e0 tout moment. Compte tenu de la destruction de volont\u00e9 ou de faire une note manuscrite \u00abinvalide\u00bb. Une nouvelle volont\u00e9 \u00e9tablit automatiquement une pr\u00e9c\u00e9dente suspendue.[\/vc_column_text][\/vc_column][\/vc_row]<\/p>\n<\/section>","protected":false},"excerpt":{"rendered":"<p>[vc_row][vc_column][vc_column_text] pr\u00e9caution de prendre des pr\u00e9cautions, donne un bon sentiment d&rsquo;avoir tout contr\u00f4l\u00e9. [\/vc_column_text][vc_empty_space][\/vc_column][\/vc_row][vc_row][vc_column][vc_column_text]Alors qu&rsquo;auparavant la mort a \u00e9t\u00e9 consid\u00e9r\u00e9e comme une partie int\u00e9grante de la vie, il est maintenant de plus en plus marginalis\u00e9s. Personne n&rsquo;aime penser \u00e0 la mort de sa famille, ou m\u00eame de leur propre. Mais seulement dans le sens de [&hellip;]<\/p>\n","protected":false},"author":1,"featured_media":0,"parent":0,"menu_order":0,"comment_status":"closed","ping_status":"closed","template":"","meta":[],"_links":{"self":[{"href":"https:\/\/guenther-bestattungen.com\/fr\/wp-json\/wp\/v2\/pages\/1555"}],"collection":[{"href":"https:\/\/guenther-bestattungen.com\/fr\/wp-json\/wp\/v2\/pages"}],"about":[{"href":"https:\/\/guenther-bestattungen.com\/fr\/wp-json\/wp\/v2\/types\/page"}],"author":[{"embeddable":true,"href":"https:\/\/guenther-bestattungen.com\/fr\/wp-json\/wp\/v2\/users\/1"}],"replies":[{"embeddable":true,"href":"https:\/\/guenther-bestattungen.com\/fr\/wp-json\/wp\/v2\/comments?post=1555"}],"version-history":[{"count":3,"href":"https:\/\/guenther-bestattungen.com\/fr\/wp-json\/wp\/v2\/pages\/1555\/revisions"}],"predecessor-version":[{"id":1737,"href":"https:\/\/guenther-bestattungen.com\/fr\/wp-json\/wp\/v2\/pages\/1555\/revisions\/1737"}],"wp:attachment":[{"href":"https:\/\/guenther-bestattungen.com\/fr\/wp-json\/wp\/v2\/media?parent=1555"}],"curies":[{"name":"wp","href":"https:\/\/api.w.org\/{rel}","templated":true}]}}