{"id":1609,"date":"2015-12-20T11:47:06","date_gmt":"2015-12-20T10:47:06","guid":{"rendered":"http:\/\/guenther-bestattungen.com\/fr\/bestattungsarten\/erd-feuerbestattungen\/"},"modified":"2016-09-23T14:33:56","modified_gmt":"2016-09-23T12:33:56","slug":"erd-feuerbestattungen","status":"publish","type":"page","link":"https:\/\/guenther-bestattungen.com\/fr\/bestattungsarten\/erd-feuerbestattungen\/","title":{"rendered":"Erd-Feuerbestattungen"},"content":{"rendered":"<section class=\"wpb-content-wrapper\"><p>[vc_row][vc_column][vc_column_text]<\/p>\n<h3 style=\"text-align: center;\">Cr\u00e9mations Terre<\/h3>\n<p>[\/vc_column_text][vc_empty_space][vc_column_text]Comme son nom l&rsquo;indique, le d\u00e9funt est pass\u00e9 directement \u00e0 l&rsquo;enterrement de la terre.<\/p>\n<p>L&rsquo;enterrement a lieu avec des parents, amis et connaissances du d\u00e9funt d\u00e9tenues dans la chapelle du cimeti\u00e8re respectif avec la tombe se trouve. Suite \u00e0 l&rsquo;con\u00e7u individuellement selon les souhaits du d\u00e9funt et la c\u00e9r\u00e9monie de la famille, le d\u00e9funt est transport\u00e9 dans son cercueil des transporteurs cimeti\u00e8re de la chapelle de la tombe, qui l&rsquo;accompagnent les personnes en deuil. D&rsquo;un pasteur ou haut-parleur quelques derniers mots sont prononc\u00e9s sur la tombe avant que le d\u00e9funt est pos\u00e9 dans son dernier lieu de repos.<\/p>\n<p>Diverses options nous permettent d&rsquo;exprimer nos sentiments sinc\u00e8res. Le agr\u00e9ment\u00e9 de fleurs salle fun\u00e9raire et le cercueil fleuri offrent un spectacle r\u00e9confortant et sont aussi une expression de reconnaissance et de l&rsquo;honneur du d\u00e9funt.[\/vc_column_text][vc_empty_space][\/vc_column][\/vc_row][vc_row][vc_column width=\u00a0\u00bb1\/2&Prime;]<figure class=\"sc_image  sc_image_shape_square\"><div style=\"padding: 0.4em; padding-bottom: 0;\"><img src=\"https:\/\/guenther-bestattungen.com\/wp-content\/uploads\/2015\/12\/3123789.jpg\" alt=\"\" \/><\/div><\/figure>[\/vc_column][vc_column width=\u00a0\u00bb1\/2&Prime;]<figure class=\"sc_image  sc_image_shape_square\"><div style=\"padding: 0.4em; padding-bottom: 0;\"><img src=\"https:\/\/guenther-bestattungen.com\/wp-content\/uploads\/2015\/12\/4451918.jpg\" alt=\"\" \/><\/div><\/figure>[\/vc_column][\/vc_row]<\/p>\n<\/section>","protected":false},"excerpt":{"rendered":"<p>[vc_row][vc_column][vc_column_text] Cr\u00e9mations Terre [\/vc_column_text][vc_empty_space][vc_column_text]Comme son nom l&rsquo;indique, le d\u00e9funt est pass\u00e9 directement \u00e0 l&rsquo;enterrement de la terre. L&rsquo;enterrement a lieu avec des parents, amis et connaissances du d\u00e9funt d\u00e9tenues dans la chapelle du cimeti\u00e8re respectif avec la tombe se trouve. Suite \u00e0 l&rsquo;con\u00e7u individuellement selon les souhaits du d\u00e9funt et la c\u00e9r\u00e9monie de la famille, [&hellip;]<\/p>\n","protected":false},"author":1,"featured_media":0,"parent":1591,"menu_order":0,"comment_status":"closed","ping_status":"closed","template":"","meta":[],"_links":{"self":[{"href":"https:\/\/guenther-bestattungen.com\/fr\/wp-json\/wp\/v2\/pages\/1609"}],"collection":[{"href":"https:\/\/guenther-bestattungen.com\/fr\/wp-json\/wp\/v2\/pages"}],"about":[{"href":"https:\/\/guenther-bestattungen.com\/fr\/wp-json\/wp\/v2\/types\/page"}],"author":[{"embeddable":true,"href":"https:\/\/guenther-bestattungen.com\/fr\/wp-json\/wp\/v2\/users\/1"}],"replies":[{"embeddable":true,"href":"https:\/\/guenther-bestattungen.com\/fr\/wp-json\/wp\/v2\/comments?post=1609"}],"version-history":[{"count":2,"href":"https:\/\/guenther-bestattungen.com\/fr\/wp-json\/wp\/v2\/pages\/1609\/revisions"}],"predecessor-version":[{"id":1883,"href":"https:\/\/guenther-bestattungen.com\/fr\/wp-json\/wp\/v2\/pages\/1609\/revisions\/1883"}],"up":[{"embeddable":true,"href":"https:\/\/guenther-bestattungen.com\/fr\/wp-json\/wp\/v2\/pages\/1591"}],"wp:attachment":[{"href":"https:\/\/guenther-bestattungen.com\/fr\/wp-json\/wp\/v2\/media?parent=1609"}],"curies":[{"name":"wp","href":"https:\/\/api.w.org\/{rel}","templated":true}]}}