{"id":1627,"date":"2015-12-20T11:47:24","date_gmt":"2015-12-20T10:47:24","guid":{"rendered":"http:\/\/guenther-bestattungen.com\/fr\/bestattungsarten\/naturbestattungen\/"},"modified":"2016-09-23T20:34:00","modified_gmt":"2016-09-23T18:34:00","slug":"naturbestattungen","status":"publish","type":"page","link":"https:\/\/guenther-bestattungen.com\/fr\/bestattungsarten\/naturbestattungen\/","title":{"rendered":"Naturbestattungen"},"content":{"rendered":"<section class=\"wpb-content-wrapper\"><p>[vc_row][vc_column][vc_column_text]<\/p>\n<h3 style=\"text-align: center;\">Enterrements naturels A G\u00f6ttingen<\/h3>\n<p>[\/vc_column_text][vc_empty_space][vc_column_text]Friedwald ou Fried Park, sur la tombe vergers Stadtfriedhof- Parkfriedhof Junker Berg<\/p>\n<p>L&rsquo;enterrement d&rsquo;arbre dans un Friedwald fournit pour tous les gens une alternative, qui veulent un individu et de l&rsquo;enterrement naturel \u00e0 l&rsquo;ext\u00e9rieur des cimeti\u00e8res normaux.<\/p>\n<p>En Friedwald, une pi\u00e8ce naturelle du bois, les cendres du d\u00e9funt sera enterr\u00e9 au pied d&rsquo;un arbre. Il est en principe possible qu&rsquo;un arbre au fil du temps le dernier lieu de repos pour toute une famille peut \u00eatre. Si cela est pr\u00e9vu, la question Friedwald fun\u00e9railles devrait \u00eatre discut\u00e9 avec la famille et accept\u00e9 par tous les intervenants arbre sont s\u00e9lectionn\u00e9s. Le \u00abarbre g\u00e9n\u00e9alogique\u00bb met alors souvent aussi loin que d&rsquo;un point central de r\u00e9f\u00e9rence, quel que soit le centre de la vie des membres de la famille.<br \/>\narbres Friedwald sont exactement cartographiquement enregistr\u00e9s et inscrits au registre de l&rsquo;arbre. La repr\u00e9sentation exacte de l&rsquo;arbre sur le plan du site permet \u00e0 tout moment pour trouver et identifier. Il est \u00e9galement possible de pr\u00e9voir l&rsquo;arbre avec un signe sur lequel les donn\u00e9es d&rsquo;il enterr\u00e9 d\u00e9c\u00e9d\u00e9 peuvent \u00eatre grav\u00e9s. Un certificat d&rsquo;attribution atteste le droit d&rsquo;utilisation de l&rsquo;arbre. Par l&rsquo;inscription au registre foncier de l&rsquo;arbre est prot\u00e9g\u00e9 jusqu&rsquo;\u00e0 99 ans d\u00e9forestation par rapport.<\/p>\n<p>Comme dans les s\u00e9pultures traditionnelles, les fun\u00e9railles ont lieu dans la maison du d\u00e9funt. Les fun\u00e9railles dans Friedwald est alors plus tard, la famille imm\u00e9diate, souvent impliquant aussi un eccl\u00e9siastique ou haut-parleur libre. (En principe, il est \u00e9galement possible d&rsquo;effectuer une urne fun\u00e9raire avec enfouissement sur place.)<br \/>\nBien s\u00fbr, nous acceptons tous dans le cadre de s\u00e9pultures Friedwald survenant formalit\u00e9s. Nous prenons soin de la cr\u00e9mation et d&rsquo;organiser les fun\u00e9railles.<\/p>\n<p>Besoin de plus d&rsquo;informations sur les s\u00e9pultures Friedwald, s&rsquo;il vous pla\u00eet visitez le site Web suivant:<\/p>\n<p><span style=\"color: #000000;\"><a href=\"http:\/\/www.friedwald.de\/\">www.friedwald.de<\/a><br \/>\n<\/span>[\/vc_column_text][vc_empty_space][\/vc_column][\/vc_row][vc_row][vc_column][vc_column_text]<\/p>\n<h3 style=\"text-align: center;\">L&rsquo;alternative \u00e0 Friedwald<\/h3>\n<p>[\/vc_column_text][vc_empty_space][\/vc_column][\/vc_row][vc_row][vc_column width=\u00a0\u00bb1\/2&Prime;][vc_column_text]<\/p>\n<p style=\"text-align: center;\">Fried Parc au cimeti\u00e8re de la ville de G\u00f6ttingen<\/p>\n<p style=\"text-align: center;\">Une s\u00e9pulture individuelle et naturel dans le cimeti\u00e8re.<\/p>\n<p>[\/vc_column_text][vc_empty_space height=\u00a0\u00bb15px\u00a0\u00bb]<figure class=\"sc_image  sc_image_shape_square\"><div style=\"padding: 0.4em; padding-bottom: 0;\"><img src=\"https:\/\/guenther-bestattungen.com\/wp-content\/uploads\/2015\/12\/friedpark.jpg\" alt=\"\" \/><\/div><\/figure>[vc_empty_space height=\u00a0\u00bb5px\u00a0\u00bb][vc_column_text]<\/p>\n<p style=\"text-align: center;\"><a href=\"https:\/\/guenther-bestattungen.com\/wp-content\/uploads\/2015\/12\/Friedpark-Fotos.pdf\" target=\"_blank\">&#8211; plus d&rsquo;informations &#8211;\u00a0<\/a><\/p>\n<p>[\/vc_column_text][\/vc_column][vc_column width=\u00a0\u00bb1\/2&Prime;][vc_column_text]<\/p>\n<p style=\"text-align: center;\">Orchards tombe dans le cimeti\u00e8re Parc Junker Berg<\/p>\n<p style=\"text-align: center;\">Une s\u00e9pulture individuelle et naturel dans le cimeti\u00e8re.<\/p>\n<p>[\/vc_column_text][vc_empty_space height=\u00a0\u00bb15px\u00a0\u00bb]<figure class=\"sc_image  sc_image_shape_square\"><div style=\"padding: 0.4em; padding-bottom: 0;\"><img src=\"https:\/\/guenther-bestattungen.com\/wp-content\/uploads\/2015\/12\/junkernberg.jpg\" alt=\"\" \/><\/div><\/figure>[vc_empty_space height=\u00a0\u00bb5px\u00a0\u00bb][vc_column_text]<\/p>\n<p style=\"text-align: center;\"><a href=\"https:\/\/guenther-bestattungen.com\/wp-content\/uploads\/2015\/12\/blatt1.pdf\" target=\"_blank\">&#8211; plus d&rsquo;informations &#8211;\u00a0<\/a><\/p>\n<p>[\/vc_column_text][\/vc_column][\/vc_row][vc_row][vc_column][vc_empty_space][vc_column_text]Les fun\u00e9railles sont offerts dans un environnement naturel en tant que communaut\u00e9 de graves sites sur les deux cimeti\u00e8res municipaux aussi. Le choix des lieux de s\u00e9pulture pour les urnes ont pas Grabbeet et peut \u00e9galement \u00eatre r\u00e9serv\u00e9 \u00e0 l&rsquo;achat \u00e0 l&rsquo;avance. Un engagement \u00e0 un soin r\u00e9gulier tombe supprim\u00e9.<\/p>\n<p>L&rsquo;enterrement a lieu dans une capsule de cendres transitoire. Les tombes aussi une occupation double avec deux capsules cendres est superpos\u00e9e, s\u00e9lectionnable comme une tombe familiale.<\/p>\n<p>Sur demande, il y a la possibilit\u00e9 d&rsquo;une marque par appel nominal sur une st\u00e8le comm\u00e9morative. La participation des membres \u00e0 l&rsquo;enterrement est possible. Le co\u00fbt des fun\u00e9railles, s&rsquo;il vous pla\u00eet se r\u00e9f\u00e9rer aux frais statuts du cimeti\u00e8re applicables. Vous pourrez vous conseille \u00e9galement l&rsquo;administration du cimeti\u00e8re dans le parc cimeti\u00e8re Junker Berg au (0551) 400-5216.<\/p>\n<p>Le d\u00e9partement \u00abtombe Fruit Wies\u00a0\u00bb on the Park Cemetery Junker Berg Ouvert en 2006. La nature d&rsquo;un verger model\u00e9 sont ici 41 arbres fruitiers diff\u00e9rents dans une soci\u00e9t\u00e9 diverse, prairie florissante. Le tout arbre granite attribu\u00e9 Tele offre la possibilit\u00e9 de stocker des bijoux de deuil, ainsi qu&rsquo;avec une petite \u00e9tiquette de nom sur le \/ d\u00e9c\u00e9d\u00e9 \/ n \u00e0 retenir.<\/p>\n<p>Au cimeti\u00e8re de la ville est depuis 2006 sous les arbres s\u00e9culaires la possibilit\u00e9 d&rsquo;inhumation dans \u00ab\u00a0Fried Park\u00a0\u00bb. A partir d&rsquo;une haie de charmille blind\u00e9 dominent quatre grands piliers de ch\u00eane du minist\u00e8re. Ces st\u00e8les ont \u00e9t\u00e9 obtenues \u00e0 partir des for\u00eats locales et de prendre le symbolisme de l&rsquo;enterrement de l&rsquo;arbre \u00e0.<\/p>\n<p>Encore une fois, stock\u00e9 des bijoux de deuil, et une \u00e9tiquette de nom attach\u00e9.[\/vc_column_text][\/vc_column][\/vc_row]<\/p>\n<\/section>","protected":false},"excerpt":{"rendered":"<p>[vc_row][vc_column][vc_column_text] Enterrements naturels A G\u00f6ttingen [\/vc_column_text][vc_empty_space][vc_column_text]Friedwald ou Fried Park, sur la tombe vergers Stadtfriedhof- Parkfriedhof Junker Berg L&rsquo;enterrement d&rsquo;arbre dans un Friedwald fournit pour tous les gens une alternative, qui veulent un individu et de l&rsquo;enterrement naturel \u00e0 l&rsquo;ext\u00e9rieur des cimeti\u00e8res normaux. En Friedwald, une pi\u00e8ce naturelle du bois, les cendres du d\u00e9funt sera enterr\u00e9 [&hellip;]<\/p>\n","protected":false},"author":1,"featured_media":0,"parent":1591,"menu_order":0,"comment_status":"closed","ping_status":"closed","template":"","meta":[],"_links":{"self":[{"href":"https:\/\/guenther-bestattungen.com\/fr\/wp-json\/wp\/v2\/pages\/1627"}],"collection":[{"href":"https:\/\/guenther-bestattungen.com\/fr\/wp-json\/wp\/v2\/pages"}],"about":[{"href":"https:\/\/guenther-bestattungen.com\/fr\/wp-json\/wp\/v2\/types\/page"}],"author":[{"embeddable":true,"href":"https:\/\/guenther-bestattungen.com\/fr\/wp-json\/wp\/v2\/users\/1"}],"replies":[{"embeddable":true,"href":"https:\/\/guenther-bestattungen.com\/fr\/wp-json\/wp\/v2\/comments?post=1627"}],"version-history":[{"count":3,"href":"https:\/\/guenther-bestattungen.com\/fr\/wp-json\/wp\/v2\/pages\/1627\/revisions"}],"predecessor-version":[{"id":1893,"href":"https:\/\/guenther-bestattungen.com\/fr\/wp-json\/wp\/v2\/pages\/1627\/revisions\/1893"}],"up":[{"embeddable":true,"href":"https:\/\/guenther-bestattungen.com\/fr\/wp-json\/wp\/v2\/pages\/1591"}],"wp:attachment":[{"href":"https:\/\/guenther-bestattungen.com\/fr\/wp-json\/wp\/v2\/media?parent=1627"}],"curies":[{"name":"wp","href":"https:\/\/api.w.org\/{rel}","templated":true}]}}