{"id":1645,"date":"2015-12-20T11:47:50","date_gmt":"2015-12-20T10:47:50","guid":{"rendered":"http:\/\/guenther-bestattungen.com\/fr\/bestattungsarten\/seebestattungen\/"},"modified":"2016-09-23T14:25:06","modified_gmt":"2016-09-23T12:25:06","slug":"seebestattungen","status":"publish","type":"page","link":"https:\/\/guenther-bestattungen.com\/fr\/bestattungsarten\/seebestattungen\/","title":{"rendered":"Seebestattungen"},"content":{"rendered":"<section class=\"wpb-content-wrapper\"><p>[vc_row][vc_column][vc_column_text]<\/p>\n<h3 style=\"text-align: center;\">enterrements de mer<\/h3>\n<p>[\/vc_column_text][vc_empty_space][vc_column_text]La mer comme un lieu de repos final<\/p>\n<p>Souvent, choisir des gens qui ont d\u00e9j\u00e0 eu un lien \u00e9troit avec la mer en vie, pour leur dernier lieu de repos comme un lieu fascinant, changeant comme la mer. Mais pour les personnes ayant le d\u00e9sir d&rsquo;un adieu sp\u00e9cial, l&rsquo;enterrement en mer une alternative unique pour. Exemple du cimeti\u00e8re est. Ferme symboliquement avec l&rsquo;enterrement en mer du cycle de vie, puisque l&rsquo;eau est consid\u00e9r\u00e9e comme l&rsquo;\u00e9l\u00e9ment original et qui donne la vie.[\/vc_column_text][vc_empty_space][\/vc_column][\/vc_row][vc_row][vc_column width=\u00a0\u00bb1\/2&Prime;]<figure class=\"sc_image  sc_image_shape_square\"><div style=\"padding: 0.4em; padding-bottom: 0;\"><img src=\"https:\/\/guenther-bestattungen.com\/wp-content\/uploads\/2015\/12\/see-1.jpg\" alt=\"\" \/><\/div><\/figure>[\/vc_column][vc_column width=\u00a0\u00bb1\/2&Prime;]<figure class=\"sc_image  sc_image_shape_square\"><div style=\"padding: 0.4em; padding-bottom: 0;\"><img src=\"https:\/\/guenther-bestattungen.com\/wp-content\/uploads\/2015\/12\/see_2-1.jpg\" alt=\"\" \/><\/div><\/figure>[\/vc_column][\/vc_row]<\/p>\n<\/section>","protected":false},"excerpt":{"rendered":"<p>[vc_row][vc_column][vc_column_text] enterrements de mer [\/vc_column_text][vc_empty_space][vc_column_text]La mer comme un lieu de repos final Souvent, choisir des gens qui ont d\u00e9j\u00e0 eu un lien \u00e9troit avec la mer en vie, pour leur dernier lieu de repos comme un lieu fascinant, changeant comme la mer. Mais pour les personnes ayant le d\u00e9sir d&rsquo;un adieu sp\u00e9cial, l&rsquo;enterrement en mer [&hellip;]<\/p>\n","protected":false},"author":1,"featured_media":0,"parent":1591,"menu_order":0,"comment_status":"closed","ping_status":"closed","template":"","meta":[],"_links":{"self":[{"href":"https:\/\/guenther-bestattungen.com\/fr\/wp-json\/wp\/v2\/pages\/1645"}],"collection":[{"href":"https:\/\/guenther-bestattungen.com\/fr\/wp-json\/wp\/v2\/pages"}],"about":[{"href":"https:\/\/guenther-bestattungen.com\/fr\/wp-json\/wp\/v2\/types\/page"}],"author":[{"embeddable":true,"href":"https:\/\/guenther-bestattungen.com\/fr\/wp-json\/wp\/v2\/users\/1"}],"replies":[{"embeddable":true,"href":"https:\/\/guenther-bestattungen.com\/fr\/wp-json\/wp\/v2\/comments?post=1645"}],"version-history":[{"count":2,"href":"https:\/\/guenther-bestattungen.com\/fr\/wp-json\/wp\/v2\/pages\/1645\/revisions"}],"predecessor-version":[{"id":1875,"href":"https:\/\/guenther-bestattungen.com\/fr\/wp-json\/wp\/v2\/pages\/1645\/revisions\/1875"}],"up":[{"embeddable":true,"href":"https:\/\/guenther-bestattungen.com\/fr\/wp-json\/wp\/v2\/pages\/1591"}],"wp:attachment":[{"href":"https:\/\/guenther-bestattungen.com\/fr\/wp-json\/wp\/v2\/media?parent=1645"}],"curies":[{"name":"wp","href":"https:\/\/api.w.org\/{rel}","templated":true}]}}