{"id":1679,"date":"2015-12-16T23:10:17","date_gmt":"2015-12-16T22:10:17","guid":{"rendered":"http:\/\/guenther-bestattungen.com\/fr\/ueber-uns\/"},"modified":"2016-09-22T14:54:26","modified_gmt":"2016-09-22T12:54:26","slug":"ueber-uns","status":"publish","type":"page","link":"https:\/\/guenther-bestattungen.com\/fr\/ueber-uns\/","title":{"rendered":"A propos de nous"},"content":{"rendered":"<section class=\"wpb-content-wrapper\"><p>[vc_row][vc_column][vc_column_text]<\/p>\n<h3 style=\"text-align: center;\">Bestattungshaus G\u00fcnther G\u00f6ttingen<\/h3>\n<p>[\/vc_column_text][vc_empty_space][\/vc_column][\/vc_row][vc_row][vc_column width=\u00a0\u00bb1\/3&Prime;]<figure class=\"sc_image  sc_image_shape_square\"><div style=\"padding: 0.4em; padding-bottom: 0;\"><img src=\"https:\/\/guenther-bestattungen.com\/wp-content\/uploads\/2015\/05\/Bild2.jpg\" alt=\"\" \/><\/div><\/figure><ul class=\"sc_list boxed_icon sc_list_style_iconed\"><li class=\"sc_list_item odd first\"><span class=\"sc_list_icon icon-home-1\"><\/span>[vc_column_text]Pfalz-Grona-Breite 86,\u00a037081 G\u00f6ttingen[\/vc_column_text]<\/li><li class=\"sc_list_item even\"><span class=\"sc_list_icon icon-smartphone\"><\/span>[vc_column_text]0551 \/ 50 48 30[\/vc_column_text]<\/li><li class=\"sc_list_item odd\"><span class=\"sc_list_icon icon-printer\"><\/span>[vc_column_text]0551 \/\u00a050 48 319[\/vc_column_text]<\/li><li class=\"sc_list_item even\"><span class=\"sc_list_icon icon-mail-2\"><\/span>[vc_column_text]<a href=\"mailto:info@guenther-bestattungen.de\">info@guenther-bestattungen.com<\/a>[\/vc_column_text]<\/li><\/ul>[\/vc_column][vc_column width=\u00a0\u00bb2\/3&Prime;][vc_column_text]Notre vaste exp\u00e9rience nous permet un soutien comp\u00e9tent et fiable du deuil des morts.<\/p>\n<p>Dans le domaine de la pension personnelle, nous pouvons offrir un conseil objectif et professionnel dans ce contexte. Bien s\u00fbr, nous sommes \u00e0 votre disposition pour toutes les questions dans une conversation personnelle. Lorsqu&rsquo;un d\u00e9c\u00e8s survient, la douleur de perdre un \u00eatre cher complique pens\u00e9es la plupart du temps clair. En ce moment, il est de faire une multitude de documents et les t\u00e2ches.<\/p>\n<p>Ici, nous sommes r\u00f4le de soutien et de conseil. Nous sommes votre partenaire s\u00e9rieux et fiable qui est familier avec toutes les formalit\u00e9s de fun\u00e9railles et vous pouvez alors la soulager.<\/p>\n<p>Faites confiance dans cette situation difficile pour vous nos conseils fiables et comp\u00e9tents.<\/p>\n<p>Votre Bestattungshaus G\u00fcnther[\/vc_column_text][\/vc_column][\/vc_row]<\/p>\n<\/section>","protected":false},"excerpt":{"rendered":"<p>[vc_row][vc_column][vc_column_text] Bestattungshaus G\u00fcnther G\u00f6ttingen [\/vc_column_text][vc_empty_space][\/vc_column][\/vc_row][vc_row][vc_column width=\u00a0\u00bb1\/3&Prime;][\/vc_column][vc_column width=\u00a0\u00bb2\/3&Prime;][vc_column_text]Notre vaste exp\u00e9rience nous permet un soutien comp\u00e9tent et fiable du deuil des morts. Dans le domaine de la pension personnelle, nous pouvons offrir un conseil objectif et professionnel dans ce contexte. Bien s\u00fbr, nous sommes \u00e0 votre disposition pour toutes les questions dans une conversation personnelle. Lorsqu&rsquo;un d\u00e9c\u00e8s [&hellip;]<\/p>\n","protected":false},"author":1,"featured_media":0,"parent":0,"menu_order":0,"comment_status":"closed","ping_status":"closed","template":"","meta":[],"_links":{"self":[{"href":"https:\/\/guenther-bestattungen.com\/fr\/wp-json\/wp\/v2\/pages\/1679"}],"collection":[{"href":"https:\/\/guenther-bestattungen.com\/fr\/wp-json\/wp\/v2\/pages"}],"about":[{"href":"https:\/\/guenther-bestattungen.com\/fr\/wp-json\/wp\/v2\/types\/page"}],"author":[{"embeddable":true,"href":"https:\/\/guenther-bestattungen.com\/fr\/wp-json\/wp\/v2\/users\/1"}],"replies":[{"embeddable":true,"href":"https:\/\/guenther-bestattungen.com\/fr\/wp-json\/wp\/v2\/comments?post=1679"}],"version-history":[{"count":3,"href":"https:\/\/guenther-bestattungen.com\/fr\/wp-json\/wp\/v2\/pages\/1679\/revisions"}],"predecessor-version":[{"id":1703,"href":"https:\/\/guenther-bestattungen.com\/fr\/wp-json\/wp\/v2\/pages\/1679\/revisions\/1703"}],"wp:attachment":[{"href":"https:\/\/guenther-bestattungen.com\/fr\/wp-json\/wp\/v2\/media?parent=1679"}],"curies":[{"name":"wp","href":"https:\/\/api.w.org\/{rel}","templated":true}]}}