{"id":1511,"date":"2015-05-11T09:13:20","date_gmt":"2015-05-11T09:13:20","guid":{"rendered":"http:\/\/guenther-bestattungen.com\/hr\/homepage\/"},"modified":"2016-09-22T17:56:55","modified_gmt":"2016-09-22T15:56:55","slug":"homepage","status":"publish","type":"page","link":"https:\/\/guenther-bestattungen.com\/hr\/","title":{"rendered":"dom"},"content":{"rendered":"<section class=\"wpb-content-wrapper\"><p>[vc_row][vc_column css=&#8221;.vc_custom_1432042943665{padding-top: 5.5em !important;padding-bottom: 5em !important;background-image: url(https:\/\/guenther-bestattungen.com\/wp-content\/uploads\/2015\/05\/white_bg.jpg?id=332) !important;}&#8221;]<div class=\"sc_content content_wrap\" data-animation=\"animated fadeInUp normal\"><div class=\"sc_section\"><div class=\"columns_wrap sc_columns columns_nofluid sc_columns_count_2\"><div class=\"column-1_2 sc_column_item sc_column_item_1 odd first\"><figure class=\"sc_image  sc_image_shape_square\"><div style=\"padding: 0.4em; padding-bottom: 0;\"><img src=\"https:\/\/guenther-bestattungen.com\/wp-content\/uploads\/2015\/05\/Bild2.jpg\" alt=\"\" \/><\/div><\/figure><\/div><div class=\"column-1_2 sc_column_item sc_column_item_2 even\"><h2 class=\"sc_title sc_title_regular \" style=\"margin-top:0px;margin-bottom:0.15em;\">dobrodo\u0161li<\/h2>[vc_column_text]U \u017ealovanja, osobito je va\u017eno imati pouzdanog partnera na svojoj strani. Znamo o emocionalnom stresne situacije za \u010dlanove i pre\u017eivjelih.<\/p>\n<p>Tako smo se pobrinuti za sva otvorena formalnosti i preuzeti na zahtjev organizacije pogrebnih usluga &#8211; od cvjetnih aran\u017emana za posredovanje pogrebni govornik ili sve\u0107enika. Naravno, mi se puno vremena za detaljno i povjerljivu konzultacije. Podr\u017eavamo vas u krajnjim odlukama i savjetovati vas s na\u0161im dugogodi\u0161njim iskustvom i stru\u010dno\u0161\u0107u.<\/p>\n<p>Vjerujte nam &#8211; na\u0161 posao je da vam pomogne.[\/vc_column_text]<\/div><\/div><\/div><\/div>[\/vc_column][\/vc_row][vc_row][vc_column]<div class=\"sc_section\"><div class=\"sc_content content_wrap\" data-animation=\"animated fadeInUp normal\" style=\"margin-top:1.8em !important;\"><h2 class=\"sc_title sc_title_regular sc_align_center fig_border\" style=\"text-align:center;\">Mi smo tu za vas!<\/h2><div class=\"columns_wrap sc_columns columns_nofluid sc_columns_count_4 history_service\" style=\"margin-bottom:5em;\"><div class=\"column-1_4 sc_column_item sc_column_item_1 odd first\"><figure class=\"sc_image  sc_image_shape_square\" style=\"width:11.866em;\"><div style=\"padding: 0.4em; padding-bottom: 0;\"><img src=\"https:\/\/guenther-bestattungen.com\/wp-content\/uploads\/2015\/05\/service.jpg\" alt=\"\" \/><\/div><\/figure>[vc_column_text]<\/p>\n<p style=\"text-align: center;\"><a href=\"https:\/\/guenther-bestattungen.com\/hr\/service\/\">usluga<\/a><\/p>\n<p>[\/vc_column_text]<\/div><div class=\"column-1_4 sc_column_item sc_column_item_2 even\"><figure class=\"sc_image  sc_image_shape_square\" style=\"width:11.866em;\"><div style=\"padding: 0.4em; padding-bottom: 0;\"><img src=\"https:\/\/guenther-bestattungen.com\/wp-content\/uploads\/2015\/05\/arten.jpg\" alt=\"\" \/><\/div><\/figure>[vc_column_text]<\/p>\n<p style=\"text-align: center;\"><a href=\"https:\/\/guenther-bestattungen.com\/hr\/bestattungsarten\/\">pogrebne vrste<\/a><\/p>\n<p>[\/vc_column_text]<\/div><div class=\"column-1_4 sc_column_item sc_column_item_3 odd\"><figure class=\"sc_image  sc_image_shape_square\" style=\"width:11.866em;\"><div style=\"padding: 0.4em; padding-bottom: 0;\"><img src=\"https:\/\/guenther-bestattungen.com\/wp-content\/uploads\/2015\/05\/vorsorge-1.jpg\" alt=\"\" \/><\/div><\/figure>[vc_column_text]<\/p>\n<p style=\"text-align: center;\"><a href=\"https:\/\/guenther-bestattungen.com\/hr\/vorsorge\/\">predostro\u017enost<\/a><\/p>\n<p>[\/vc_column_text]<\/div><div class=\"column-1_4 sc_column_item sc_column_item_4 even\"><figure class=\"sc_image  sc_image_shape_square\" style=\"width:11.866em;\"><div style=\"padding: 0.4em; padding-bottom: 0;\"><img src=\"https:\/\/guenther-bestattungen.com\/wp-content\/uploads\/2015\/05\/kosten.jpg\" alt=\"\" \/><\/div><\/figure>[vc_column_text]<\/p>\n<p style=\"text-align: center;\"><a href=\"https:\/\/guenther-bestattungen.com\/hr\/kosten\/\">tro\u0161kovi<\/a><\/p>\n<p>[\/vc_column_text]<\/div><\/div><\/div><\/div>[\/vc_column][\/vc_row][vc_row][vc_column]<!-- #TRX_GAP_START# --><div class=\"sc_parallax bg_tint_light\" style=\"width:100%;height:27.866em;color:#ffffff;\" data-parallax-speed=\"0.4\" data-parallax-x-pos=\"50%\" data-parallax-y-pos=\"50%\"><div class=\"sc_parallax_content\" style=\"background-image:url(https:\/\/guenther-bestattungen.com\/wp-content\/uploads\/2015\/05\/parallax-1.jpg); background-position:50% 50%;\">[vc_column_text css=&#8221;.vc_custom_1474547790546{margin-top: 9em !important;}&#8221;]<\/p>\n<h2 style=\"text-align: center;\"><span style=\"color: #ffffff;\">Najbolja stvar koju osoba mo\u017ee ostaviti je osmijeh na licu onih koji misle o njemu.<\/span><\/h2>\n<p>[\/vc_column_text][vc_column_text css=&#8221;.vc_custom_1450461261529{margin-top: 1em !important;}&#8221;][\/vc_column_text]<\/div><\/div><!-- #TRX_GAP_END# -->[\/vc_column][\/vc_row]<\/p>\n<\/section>","protected":false},"excerpt":{"rendered":"<p>[vc_row][vc_column css=&#8221;.vc_custom_1432042943665{padding-top: 5.5em !important;padding-bottom: 5em !important;background-image: url(https:\/\/guenther-bestattungen.com\/wp-content\/uploads\/2015\/05\/white_bg.jpg?id=332) !important;}&#8221;][\/vc_column][\/vc_row][vc_row][vc_column][\/vc_column][\/vc_row][vc_row][vc_column][\/vc_column][\/vc_row]<\/p>\n","protected":false},"author":1,"featured_media":0,"parent":0,"menu_order":0,"comment_status":"open","ping_status":"open","template":"","meta":[],"_links":{"self":[{"href":"https:\/\/guenther-bestattungen.com\/hr\/wp-json\/wp\/v2\/pages\/1511"}],"collection":[{"href":"https:\/\/guenther-bestattungen.com\/hr\/wp-json\/wp\/v2\/pages"}],"about":[{"href":"https:\/\/guenther-bestattungen.com\/hr\/wp-json\/wp\/v2\/types\/page"}],"author":[{"embeddable":true,"href":"https:\/\/guenther-bestattungen.com\/hr\/wp-json\/wp\/v2\/users\/1"}],"replies":[{"embeddable":true,"href":"https:\/\/guenther-bestattungen.com\/hr\/wp-json\/wp\/v2\/comments?post=1511"}],"version-history":[{"count":3,"href":"https:\/\/guenther-bestattungen.com\/hr\/wp-json\/wp\/v2\/pages\/1511\/revisions"}],"predecessor-version":[{"id":1863,"href":"https:\/\/guenther-bestattungen.com\/hr\/wp-json\/wp\/v2\/pages\/1511\/revisions\/1863"}],"wp:attachment":[{"href":"https:\/\/guenther-bestattungen.com\/hr\/wp-json\/wp\/v2\/media?parent=1511"}],"curies":[{"name":"wp","href":"https:\/\/api.w.org\/{rel}","templated":true}]}}