{"id":1524,"date":"2015-12-16T23:11:55","date_gmt":"2015-12-16T22:11:55","guid":{"rendered":"http:\/\/guenther-bestattungen.com\/hr\/service\/"},"modified":"2016-09-22T15:44:26","modified_gmt":"2016-09-22T13:44:26","slug":"service","status":"publish","type":"page","link":"https:\/\/guenther-bestattungen.com\/hr\/service\/","title":{"rendered":"Service"},"content":{"rendered":"<section class=\"wpb-content-wrapper\"><p>[vc_row][vc_column][vc_column_text]<\/p>\n<h3 style=\"text-align: center;\">Na\u0161a ponuda pomo\u0107i<\/h3>\n<p>[\/vc_column_text][vc_empty_space][\/vc_column][\/vc_row][vc_row][vc_column][vc_column_text]Pogotovo u \u017ealovanja, va\u017eno je biti u stanju osloniti isklju\u010divo na profesionalnim pogreba.<\/p>\n<p>Mi se cijeli formalnosti i savjetovati vas pouzdano i osjetljivo.<\/p>\n<p><strong>Na\u0161e usluge uklju\u010duju:<\/strong><\/p>\n<ul>\n<li>Savjetovanje i podr\u0161ka pri kupnji grobnice<\/li>\n<li>Rukovanje svih organizacijskih pitanja za pogreb<\/li>\n<li>Iznajmljivanje pastor ili zvu\u010dnik za pogreb<\/li>\n<li>Red cvijet ukrasi (\u017eare i posude lijes, vijenci, ru\u010dno bukete, crkveni ukrasi)<br \/>\nUre\u0111enje sve\u010danoj dvorani<\/li>\n<li>Proizvodnja \u017ealosti pisama, reklama i Zahvale<\/li>\n<li>Zavr\u0161etak svih administrativnih formalnosti (potvrda o smrti, podno\u0161enja zahtjeva za smrt sredstava, itd)<\/li>\n<li>Prijevoz umrlih osoba (me\u0111unarodno)<\/li>\n<\/ul>\n<p>itd[\/vc_column_text][\/vc_column][\/vc_row]<\/p>\n<\/section>","protected":false},"excerpt":{"rendered":"<p>[vc_row][vc_column][vc_column_text] Na\u0161a ponuda pomo\u0107i [\/vc_column_text][vc_empty_space][\/vc_column][\/vc_row][vc_row][vc_column][vc_column_text]Pogotovo u \u017ealovanja, va\u017eno je biti u stanju osloniti isklju\u010divo na profesionalnim pogreba. Mi se cijeli formalnosti i savjetovati vas pouzdano i osjetljivo. Na\u0161e usluge uklju\u010duju: Savjetovanje i podr\u0161ka pri kupnji grobnice Rukovanje svih organizacijskih pitanja za pogreb Iznajmljivanje pastor ili zvu\u010dnik za pogreb Red cvijet ukrasi (\u017eare i posude lijes, [&hellip;]<\/p>\n","protected":false},"author":1,"featured_media":0,"parent":0,"menu_order":0,"comment_status":"closed","ping_status":"closed","template":"","meta":[],"_links":{"self":[{"href":"https:\/\/guenther-bestattungen.com\/hr\/wp-json\/wp\/v2\/pages\/1524"}],"collection":[{"href":"https:\/\/guenther-bestattungen.com\/hr\/wp-json\/wp\/v2\/pages"}],"about":[{"href":"https:\/\/guenther-bestattungen.com\/hr\/wp-json\/wp\/v2\/types\/page"}],"author":[{"embeddable":true,"href":"https:\/\/guenther-bestattungen.com\/hr\/wp-json\/wp\/v2\/users\/1"}],"replies":[{"embeddable":true,"href":"https:\/\/guenther-bestattungen.com\/hr\/wp-json\/wp\/v2\/comments?post=1524"}],"version-history":[{"count":2,"href":"https:\/\/guenther-bestattungen.com\/hr\/wp-json\/wp\/v2\/pages\/1524\/revisions"}],"predecessor-version":[{"id":1731,"href":"https:\/\/guenther-bestattungen.com\/hr\/wp-json\/wp\/v2\/pages\/1524\/revisions\/1731"}],"wp:attachment":[{"href":"https:\/\/guenther-bestattungen.com\/hr\/wp-json\/wp\/v2\/media?parent=1524"}],"curies":[{"name":"wp","href":"https:\/\/api.w.org\/{rel}","templated":true}]}}