{"id":1542,"date":"2015-12-16T23:12:48","date_gmt":"2015-12-16T22:12:48","guid":{"rendered":"http:\/\/guenther-bestattungen.com\/hr\/kosten\/"},"modified":"2016-09-22T15:12:14","modified_gmt":"2016-09-22T13:12:14","slug":"kosten","status":"publish","type":"page","link":"https:\/\/guenther-bestattungen.com\/hr\/kosten\/","title":{"rendered":"Kosten"},"content":{"rendered":"<section class=\"wpb-content-wrapper\"><p>[vc_row][vc_column][vc_column_text]<\/p>\n<h3 style=\"text-align: center;\">Tro\u0161kove pogreba \/ oblici ukopa<\/h3>\n<p>[\/vc_column_text][vc_empty_space][vc_column_text]Pogotovo u \u017ealovanja, va\u017eno je biti u stanju osloniti isklju\u010divo na profesionalnim pogreba.<\/p>\n<p>Tro\u0161kovi pogreba ovisiti o mnogim pojedinim aspektima, kao \u0161to su individualnim \u017eeljama i financijskim mogu\u0107nostima. Ciljano savjet za precizno poja\u0161njenje tro\u0161kova Stoga je potrebno.<\/p>\n<p>Ovdje stvoriti kompletan katalog \u0107e biti vrlo zbunjuju\u0107i i ovisi o mnogim detaljima.<\/p>\n<p>Mi ne nude takozvane pogreba paketa, ali samo izra\u010dunati koliko \u017eele pre\u017eivjele. To je rukovanje izra\u010dun.<\/p>\n<p>Nazovite nas i dogovorite konzultacije bez obaveze, i kod ku\u0107e u gradu i okrugu u G\u00f6ttingenu i northeim.[\/vc_column_text][\/vc_column][\/vc_row]<\/p>\n<\/section>","protected":false},"excerpt":{"rendered":"<p>[vc_row][vc_column][vc_column_text] Tro\u0161kove pogreba \/ oblici ukopa [\/vc_column_text][vc_empty_space][vc_column_text]Pogotovo u \u017ealovanja, va\u017eno je biti u stanju osloniti isklju\u010divo na profesionalnim pogreba. Tro\u0161kovi pogreba ovisiti o mnogim pojedinim aspektima, kao \u0161to su individualnim \u017eeljama i financijskim mogu\u0107nostima. Ciljano savjet za precizno poja\u0161njenje tro\u0161kova Stoga je potrebno. Ovdje stvoriti kompletan katalog \u0107e biti vrlo zbunjuju\u0107i i ovisi o mnogim [&hellip;]<\/p>\n","protected":false},"author":1,"featured_media":0,"parent":0,"menu_order":0,"comment_status":"closed","ping_status":"closed","template":"","meta":[],"_links":{"self":[{"href":"https:\/\/guenther-bestattungen.com\/hr\/wp-json\/wp\/v2\/pages\/1542"}],"collection":[{"href":"https:\/\/guenther-bestattungen.com\/hr\/wp-json\/wp\/v2\/pages"}],"about":[{"href":"https:\/\/guenther-bestattungen.com\/hr\/wp-json\/wp\/v2\/types\/page"}],"author":[{"embeddable":true,"href":"https:\/\/guenther-bestattungen.com\/hr\/wp-json\/wp\/v2\/users\/1"}],"replies":[{"embeddable":true,"href":"https:\/\/guenther-bestattungen.com\/hr\/wp-json\/wp\/v2\/comments?post=1542"}],"version-history":[{"count":2,"href":"https:\/\/guenther-bestattungen.com\/hr\/wp-json\/wp\/v2\/pages\/1542\/revisions"}],"predecessor-version":[{"id":1717,"href":"https:\/\/guenther-bestattungen.com\/hr\/wp-json\/wp\/v2\/pages\/1542\/revisions\/1717"}],"wp:attachment":[{"href":"https:\/\/guenther-bestattungen.com\/hr\/wp-json\/wp\/v2\/media?parent=1542"}],"curies":[{"name":"wp","href":"https:\/\/api.w.org\/{rel}","templated":true}]}}