{"id":1560,"date":"2015-12-16T23:13:12","date_gmt":"2015-12-16T22:13:12","guid":{"rendered":"http:\/\/guenther-bestattungen.com\/hr\/vorsorge\/"},"modified":"2016-09-22T16:09:46","modified_gmt":"2016-09-22T14:09:46","slug":"vorsorge","status":"publish","type":"page","link":"https:\/\/guenther-bestattungen.com\/hr\/vorsorge\/","title":{"rendered":"Vorsorge"},"content":{"rendered":"<section class=\"wpb-content-wrapper\"><p>[vc_row][vc_column][vc_column_text]<\/p>\n<h3 style=\"text-align: center;\">predostro\u017enost<\/h3>\n<p style=\"text-align: center;\">poduzeti mjere, daje dobar osje\u0107aj da kontroliraju sve.<\/p>\n<p>[\/vc_column_text][vc_empty_space][\/vc_column][\/vc_row][vc_row][vc_column][vc_column_text]Dok je prije smrti smatralo sastavni dio \u017eivota, sada je sve marginalizirani. Nitko ne voli razmi\u0161ljati o smrti njegove obitelji, ili \u010dak i na vlastitu. Ali samo u smislu obitelji, to je po\u017eeljno da se u ranoj misli o mjerama koje treba poduzeti u slu\u010daju smrti.<\/p>\n<p>U mirovinskom ugovora posmrtne pravno obvezuju\u0107i uvjeti za projektiranje pogreba mo\u017ee pisati. Informacije o na\u010dinu i obliku pogreba su sastavni dio ugovora. Iz toga proizlazi tro\u0161kova mo\u017ee biti u\u010dinjeno kroz uspostavu posebnog bankovnog ra\u010duna.<\/p>\n<p>Mi smo sretni da vam pomo\u0107i da formuliraju svoje individualne \u017eelje za dizajniranje pogreb u mirovinskom ugovora o pogrebu.<br \/>\nDok je ranije imao svu propisanu zdravstveno osiguranje imaju pravo na naknadu smrti, smrti korist je u potpunosti izbrisana od 1. 1. 2004. godine. Po uklanjanju smrti korist s rastu\u0107im komunalnih pristojbi i staja\u0107ica zapo\u0161ljavanje i mirovinskih primanja, pogrebne tro\u0161kove za one koji ostaju \u010desto ne-zanemarivom tereta jesu.<\/p>\n<p>Za ubla\u017eavanje osamljena, ima smisla da se iz pogrebnih osiguranje. To poma\u017ee izbje\u0107i da se oslanjaju na \u0161tednju ili obiteljsku mirovinu u ispunjavanju tro\u0161kove pogreba.<\/p>\n<p>\u010cak i za starije osobe, mo\u017ee se ostvariti u relativno povoljnim uvjetima odgovaraju\u0107ih autonomne \u017eivice. \u017deljeli bismo podnijeti pojedina\u010dno prilago\u0111en ponudu. Molimo kontaktirajte nas u tom pogledu.<\/p>\n<p>Na\u0161i osiguranje partneri, vama i va\u0161oj obitelji mogu ponuditi sigurnu mirovinu.[\/vc_column_text][\/vc_column][\/vc_row][vc_row][vc_column][vc_column_text]<\/p>\n<h3 style=\"text-align: center;\"><\/h3>\n<h3 style=\"text-align: center;\">testament<\/h3>\n<p>[\/vc_column_text][vc_empty_space][\/vc_column][\/vc_row][vc_row][vc_column][vc_column_text]U svakom slu\u010daju, ima smisla za stvaranje volju. Da bi bili sigurni da je u nu\u017edi je sve u\u010dinjeno u skladu s va\u0161im \u017eeljama.<\/p>\n<p>Holografska volja mora biti rukom pisane sastavljen i potpisan. Parovi mogu sastaviti zajedni\u010dku volju. U tom slu\u010daju, obje moraju potpisati oporuku rukom pisane stvorio supru\u017enika.<\/p>\n<p>Osigurati da potpisi uvijek su u\u010dinili s punim imenom i prezimenom. Da bi se izbjegla Personenmissverst\u00e4ndnisse. Tako\u0111er morate biti sigurni da se dr\u017eite mjesto i datum pisanja. Ako \u017eelite biti sigurni da va\u0161 \u0107e sada stupiti na snagu, pa unesite ga na okru\u017enom sudu ili kod javnog bilje\u017enika u slu\u017ebenom pritvoru.<\/p>\n<p>U osnovi, vi ste slobodni kako bi se utvrdilo u va\u0161oj volje koji na\u010din i pod kojim uvjetima bi trebao naslijediti ono. Samo je obavezan dio nema\u0161 kontrolu.<\/p>\n<p>Nakon stvorio zavjet mo\u017eete opozvati u svakom trenutku. S obzirom uni\u0161tava volju ili napraviti rukom note &#8220;neva\u017ee\u0107i&#8221;. Novi \u0107e se automatski postavlja prethodna suspendiran.[\/vc_column_text][\/vc_column][\/vc_row]<\/p>\n<\/section>","protected":false},"excerpt":{"rendered":"<p>[vc_row][vc_column][vc_column_text] predostro\u017enost poduzeti mjere, daje dobar osje\u0107aj da kontroliraju sve. [\/vc_column_text][vc_empty_space][\/vc_column][\/vc_row][vc_row][vc_column][vc_column_text]Dok je prije smrti smatralo sastavni dio \u017eivota, sada je sve marginalizirani. Nitko ne voli razmi\u0161ljati o smrti njegove obitelji, ili \u010dak i na vlastitu. Ali samo u smislu obitelji, to je po\u017eeljno da se u ranoj misli o mjerama koje treba poduzeti u slu\u010daju [&hellip;]<\/p>\n","protected":false},"author":1,"featured_media":0,"parent":0,"menu_order":0,"comment_status":"closed","ping_status":"closed","template":"","meta":[],"_links":{"self":[{"href":"https:\/\/guenther-bestattungen.com\/hr\/wp-json\/wp\/v2\/pages\/1560"}],"collection":[{"href":"https:\/\/guenther-bestattungen.com\/hr\/wp-json\/wp\/v2\/pages"}],"about":[{"href":"https:\/\/guenther-bestattungen.com\/hr\/wp-json\/wp\/v2\/types\/page"}],"author":[{"embeddable":true,"href":"https:\/\/guenther-bestattungen.com\/hr\/wp-json\/wp\/v2\/users\/1"}],"replies":[{"embeddable":true,"href":"https:\/\/guenther-bestattungen.com\/hr\/wp-json\/wp\/v2\/comments?post=1560"}],"version-history":[{"count":3,"href":"https:\/\/guenther-bestattungen.com\/hr\/wp-json\/wp\/v2\/pages\/1560\/revisions"}],"predecessor-version":[{"id":1745,"href":"https:\/\/guenther-bestattungen.com\/hr\/wp-json\/wp\/v2\/pages\/1560\/revisions\/1745"}],"wp:attachment":[{"href":"https:\/\/guenther-bestattungen.com\/hr\/wp-json\/wp\/v2\/media?parent=1560"}],"curies":[{"name":"wp","href":"https:\/\/api.w.org\/{rel}","templated":true}]}}