{"id":1614,"date":"2015-12-20T11:47:06","date_gmt":"2015-12-20T10:47:06","guid":{"rendered":"http:\/\/guenther-bestattungen.com\/hr\/bestattungsarten\/erd-feuerbestattungen\/"},"modified":"2016-09-23T14:37:08","modified_gmt":"2016-09-23T12:37:08","slug":"erd-feuerbestattungen","status":"publish","type":"page","link":"https:\/\/guenther-bestattungen.com\/hr\/bestattungsarten\/erd-feuerbestattungen\/","title":{"rendered":"Erd-Feuerbestattungen"},"content":{"rendered":"<section class=\"wpb-content-wrapper\"><p>[vc_row][vc_column][vc_column_text]<\/p>\n<h3 style=\"text-align: center;\">Pogreba uz kremiranje Earth<\/h3>\n<p>[\/vc_column_text][vc_empty_space][vc_column_text]Kao \u0161to sam naziv ka\u017ee, pokojnik je pro\u0161ao direktno na sprovod na zemlji.<\/p>\n<p>Pogreb se odvija s rodbinom, prijateljima i poznanicima pokojnika odr\u017eavaju u kapeli doti\u010dnog groblja uz grob nalazi. Slijedom osmi\u0161ljen individualno prema \u017eeljama pokojnika i obiteljske sve\u010danosti, pokojnika se provodi u lijesu s groblja prijevoznika iz kapele na grob, \u0161to ga prate o\u017ealo\u0161\u0107enih. Iz Pastor ili zvu\u010dnik neke posljednje rije\u010di izgovorene na grobu prije pokojnika je postavljen u svom kona\u010dnom po\u010divali\u0161tu.<\/p>\n<p>Razne opcije nam pomo\u0107i da izraze svoje iskren osje\u0107aje. Ukra\u0161ena cvije\u0107em pogrebnoj dvorani i cvije\u0107em lijes pru\u017eiti utjehu iz vida, a tako\u0111er su izraz zahvalnosti i \u010dast pokojnika.[\/vc_column_text][vc_empty_space][\/vc_column][\/vc_row][vc_row][vc_column width=&#8221;1\/2&#8243;]<figure class=\"sc_image  sc_image_shape_square\"><div style=\"padding: 0.4em; padding-bottom: 0;\"><img src=\"https:\/\/guenther-bestattungen.com\/wp-content\/uploads\/2015\/12\/3123789.jpg\" alt=\"\" \/><\/div><\/figure>[\/vc_column][vc_column width=&#8221;1\/2&#8243;]<figure class=\"sc_image  sc_image_shape_square\"><div style=\"padding: 0.4em; padding-bottom: 0;\"><img src=\"https:\/\/guenther-bestattungen.com\/wp-content\/uploads\/2015\/12\/4451918.jpg\" alt=\"\" \/><\/div><\/figure>[\/vc_column][\/vc_row]<\/p>\n<\/section>","protected":false},"excerpt":{"rendered":"<p>[vc_row][vc_column][vc_column_text] Pogreba uz kremiranje Earth [\/vc_column_text][vc_empty_space][vc_column_text]Kao \u0161to sam naziv ka\u017ee, pokojnik je pro\u0161ao direktno na sprovod na zemlji. Pogreb se odvija s rodbinom, prijateljima i poznanicima pokojnika odr\u017eavaju u kapeli doti\u010dnog groblja uz grob nalazi. Slijedom osmi\u0161ljen individualno prema \u017eeljama pokojnika i obiteljske sve\u010danosti, pokojnika se provodi u lijesu s groblja prijevoznika iz kapele na [&hellip;]<\/p>\n","protected":false},"author":1,"featured_media":0,"parent":1596,"menu_order":0,"comment_status":"closed","ping_status":"closed","template":"","meta":[],"_links":{"self":[{"href":"https:\/\/guenther-bestattungen.com\/hr\/wp-json\/wp\/v2\/pages\/1614"}],"collection":[{"href":"https:\/\/guenther-bestattungen.com\/hr\/wp-json\/wp\/v2\/pages"}],"about":[{"href":"https:\/\/guenther-bestattungen.com\/hr\/wp-json\/wp\/v2\/types\/page"}],"author":[{"embeddable":true,"href":"https:\/\/guenther-bestattungen.com\/hr\/wp-json\/wp\/v2\/users\/1"}],"replies":[{"embeddable":true,"href":"https:\/\/guenther-bestattungen.com\/hr\/wp-json\/wp\/v2\/comments?post=1614"}],"version-history":[{"count":2,"href":"https:\/\/guenther-bestattungen.com\/hr\/wp-json\/wp\/v2\/pages\/1614\/revisions"}],"predecessor-version":[{"id":1887,"href":"https:\/\/guenther-bestattungen.com\/hr\/wp-json\/wp\/v2\/pages\/1614\/revisions\/1887"}],"up":[{"embeddable":true,"href":"https:\/\/guenther-bestattungen.com\/hr\/wp-json\/wp\/v2\/pages\/1596"}],"wp:attachment":[{"href":"https:\/\/guenther-bestattungen.com\/hr\/wp-json\/wp\/v2\/media?parent=1614"}],"curies":[{"name":"wp","href":"https:\/\/api.w.org\/{rel}","templated":true}]}}