{"id":1632,"date":"2015-12-20T11:47:24","date_gmt":"2015-12-20T10:47:24","guid":{"rendered":"http:\/\/guenther-bestattungen.com\/hr\/bestattungsarten\/naturbestattungen\/"},"modified":"2016-09-23T20:47:10","modified_gmt":"2016-09-23T18:47:10","slug":"naturbestattungen","status":"publish","type":"page","link":"https:\/\/guenther-bestattungen.com\/hr\/bestattungsarten\/naturbestattungen\/","title":{"rendered":"Naturbestattungen"},"content":{"rendered":"<section class=\"wpb-content-wrapper\"><p>[vc_row][vc_column][vc_column_text]<\/p>\n<h3 style=\"text-align: center;\">Prirodni ukopi u G\u00f6ttingenu<\/h3>\n<p>[\/vc_column_text][vc_empty_space][vc_column_text]FriedWald ili Fried Park na Stadtfriedhof- vo\u0107njacima groba Parkfriedhof Junker Berg<\/p>\n<p>Stablo ukop u FriedWald daje za sve ljude alternativa, koji \u017eele pojedinca i prirodni pokop izvan normalnih groblja.<\/p>\n<p>U FriedWald, prirodni komad drveta, pepeo pokojnika bit \u0107e pokopan u podno\u017eju stabla. To je u osnovi mogu\u0107e da je stablo s vremenom posljednje po\u010divali\u0161te za cijelu obitelj mo\u017ee biti. Ako je to planirano, pitanje FriedWald pogreb treba razgovarati s obitelji i prihva\u0107en od strane svih zainteresiranih strana stabla su odabrani. Na &#8220;obiteljsko stablo&#8221; onda postavlja \u010desto jo\u0161 kao sredi\u0161nje referentnu to\u010dku, bez obzira na sredi\u0161te \u017eivota pojedinih \u010dlanova obitelji.<\/p>\n<p>FriedWald stabla su upravo kartografski bilje\u017ee i u\u0161ao u stablo registar. To\u010dan prikaz stabla na tlocrtne to omogu\u0107uje da u svakom trenutku prona\u0161li i identificirali. Tako\u0111er je mogu\u0107e izraditi stablo s natpisom na kojem se mo\u017ee ugraviranim podaci o tamo pokopana preminula. Potvrde nagrada potvr\u0111uje pravo kori\u0161tenja stabla. Do upisa u zemlji\u0161ne knjige stabla za\u0161ti\u0107en do 99 godina u odnosu deforestacije.<\/p>\n<p>Kao u standardnim ukopa, pogreb se odvija u ku\u0107i pokojnika. Pogreb u FriedWald je onda kasnije u\u017ea obitelj, \u010desto uklju\u010duje duhovnika ili besplatno zvu\u010dnik. (U principu, to je tako\u0111er mogu\u0107e, pogrebna urna s ukop obaviti na licu mjesta.)<br \/>\nNaravno, svi smo prihvatiti u vezi s FriedWald ukopi javljaju formalnosti. Vodimo brigu o kremiranje i organizirati sprovod.<\/p>\n<p>Potrebno je vi\u0161e podataka o FriedWald ukopa, posjetite sljede\u0107e web stranice:<\/p>\n<p><span style=\"color: #000000;\"><a href=\"http:\/\/www.friedwald.de\/\">www.friedwald.de<\/a><br \/>\n<\/span>[\/vc_column_text][vc_empty_space][\/vc_column][\/vc_row][vc_row][vc_column][vc_column_text]<\/p>\n<h3 style=\"text-align: center;\">Alternativa FriedWald<\/h3>\n<p>[\/vc_column_text][vc_empty_space][\/vc_column][\/vc_row][vc_row][vc_column width=&#8221;1\/2&#8243;][vc_column_text]<\/p>\n<p style=\"text-align: center;\"><em>Fried Park na gradskom groblju u G\u00f6ttingen<\/em><\/p>\n<p style=\"text-align: center;\">Pojedinac i prirodna ukop na groblju.<\/p>\n<p>[\/vc_column_text][vc_empty_space height=&#8221;15px&#8221;]<figure class=\"sc_image  sc_image_shape_square\"><div style=\"padding: 0.4em; padding-bottom: 0;\"><img src=\"https:\/\/guenther-bestattungen.com\/wp-content\/uploads\/2015\/12\/friedpark.jpg\" alt=\"\" \/><\/div><\/figure>[vc_empty_space height=&#8221;5px&#8221;][vc_column_text]<\/p>\n<p style=\"text-align: center;\"><a href=\"https:\/\/guenther-bestattungen.com\/wp-content\/uploads\/2015\/12\/Friedpark-Fotos.pdf\" target=\"_blank\">&#8211; vi\u0161e informacija &#8211;\u00a0<\/a><\/p>\n<p>[\/vc_column_text][\/vc_column][vc_column width=&#8221;1\/2&#8243;][vc_column_text]<\/p>\n<p style=\"text-align: center;\"><em>Vo\u0107njaci grob na groblju Park Junker Berg<\/em><\/p>\n<p style=\"text-align: center;\">Pojedinac i prirodna ukop na groblju.<\/p>\n<p>[\/vc_column_text][vc_empty_space height=&#8221;15px&#8221;]<figure class=\"sc_image  sc_image_shape_square\"><div style=\"padding: 0.4em; padding-bottom: 0;\"><img src=\"https:\/\/guenther-bestattungen.com\/wp-content\/uploads\/2015\/12\/junkernberg.jpg\" alt=\"\" \/><\/div><\/figure>[vc_empty_space height=&#8221;5px&#8221;][vc_column_text]<\/p>\n<p style=\"text-align: center;\"><a href=\"https:\/\/guenther-bestattungen.com\/wp-content\/uploads\/2015\/12\/blatt1.pdf\" target=\"_blank\">&#8211; vi\u0161e informacija &#8211;\u00a0<\/a><\/p>\n<p>[\/vc_column_text][\/vc_column][\/vc_row][vc_row][vc_column][vc_empty_space][vc_column_text]Pogrebi se nude u prirodnom okru\u017eenju kao zajednica grobi\u0161ta na dva op\u0107inska groblja tako\u0111er. Odabir grobnica za urne nisu Grabbeet, a mo\u017ee se rezervirati unaprijed kupnju. Predanost redovito te\u0161ke brige bri\u0161e.<\/p>\n<p>Pogreb se odvija u prijelaznom pepela kapsule. Grobovi tako\u0111er dvokrevetne s dva jasena kapsula postavljenih, mo\u017ee se odabrati kao obiteljski grob.<\/p>\n<p>Na upit postoji mogu\u0107nost oznakom roll-call na spomen stele. Sudjelovanje \u010dlanova na pokopu je mogu\u0107e. Tro\u0161kovi pogreba, obratite se na primjenjive zakone groblja naknade. Gosti tako\u0111er mogu savjetuje groblja uprave u parku Groblja Junker Berg na (0551) 400-5216.<\/p>\n<p>Odjel &#8220;Vo\u0107e Wies grob&#8221; na park groblja Junker Berg Otvoren u 2006. Priroda vo\u0107njak modeliranog ovdje stajati 41 razli\u010ditih vo\u0107aka u raznolik i cvjetnim livadama. Te svaki stablo dodijeljena granit Tele nudi mogu\u0107nost pohranjivanja \u017ealosti nakita, kao i sa malom oznakom ime na \/ preminulom \/ n za pam\u0107enje.<\/p>\n<p>Na mjesnom groblju je od 2006. godine pod starim stablima na mogu\u0107nost ukopa u &#8220;Fried Park&#8221;. Iz graba \u017eivice za\u0161ti\u0107eni dominiraju \u010detiri glavna stupa hrasta odjela. Ove steles dobivene su iz lokalnih \u0161uma i uzeti simboliku stabla ukopa u.<\/p>\n<p>Opet, pohranjeni \u017ealosti nakit, a oznaka ime u prilogu.[\/vc_column_text][\/vc_column][\/vc_row]<\/p>\n<\/section>","protected":false},"excerpt":{"rendered":"<p>[vc_row][vc_column][vc_column_text] Prirodni ukopi u G\u00f6ttingenu [\/vc_column_text][vc_empty_space][vc_column_text]FriedWald ili Fried Park na Stadtfriedhof- vo\u0107njacima groba Parkfriedhof Junker Berg Stablo ukop u FriedWald daje za sve ljude alternativa, koji \u017eele pojedinca i prirodni pokop izvan normalnih groblja. U FriedWald, prirodni komad drveta, pepeo pokojnika bit \u0107e pokopan u podno\u017eju stabla. To je u osnovi mogu\u0107e da je stablo [&hellip;]<\/p>\n","protected":false},"author":1,"featured_media":0,"parent":1596,"menu_order":0,"comment_status":"closed","ping_status":"closed","template":"","meta":[],"_links":{"self":[{"href":"https:\/\/guenther-bestattungen.com\/hr\/wp-json\/wp\/v2\/pages\/1632"}],"collection":[{"href":"https:\/\/guenther-bestattungen.com\/hr\/wp-json\/wp\/v2\/pages"}],"about":[{"href":"https:\/\/guenther-bestattungen.com\/hr\/wp-json\/wp\/v2\/types\/page"}],"author":[{"embeddable":true,"href":"https:\/\/guenther-bestattungen.com\/hr\/wp-json\/wp\/v2\/users\/1"}],"replies":[{"embeddable":true,"href":"https:\/\/guenther-bestattungen.com\/hr\/wp-json\/wp\/v2\/comments?post=1632"}],"version-history":[{"count":3,"href":"https:\/\/guenther-bestattungen.com\/hr\/wp-json\/wp\/v2\/pages\/1632\/revisions"}],"predecessor-version":[{"id":1901,"href":"https:\/\/guenther-bestattungen.com\/hr\/wp-json\/wp\/v2\/pages\/1632\/revisions\/1901"}],"up":[{"embeddable":true,"href":"https:\/\/guenther-bestattungen.com\/hr\/wp-json\/wp\/v2\/pages\/1596"}],"wp:attachment":[{"href":"https:\/\/guenther-bestattungen.com\/hr\/wp-json\/wp\/v2\/media?parent=1632"}],"curies":[{"name":"wp","href":"https:\/\/api.w.org\/{rel}","templated":true}]}}