{"id":1650,"date":"2015-12-20T11:47:50","date_gmt":"2015-12-20T10:47:50","guid":{"rendered":"http:\/\/guenther-bestattungen.com\/hr\/bestattungsarten\/seebestattungen\/"},"modified":"2016-09-23T14:28:35","modified_gmt":"2016-09-23T12:28:35","slug":"seebestattungen","status":"publish","type":"page","link":"https:\/\/guenther-bestattungen.com\/hr\/bestattungsarten\/seebestattungen\/","title":{"rendered":"Seebestattungen"},"content":{"rendered":"<section class=\"wpb-content-wrapper\"><p>[vc_row][vc_column][vc_column_text]<\/p>\n<h3 style=\"text-align: center;\">more ukopi<\/h3>\n<p>[\/vc_column_text][vc_empty_space][vc_column_text]More kao posljednje po\u010divali\u0161te<\/p>\n<p>\u010cesto birati ljude koji su ve\u0107 imali bliske veze s morem \u017eiv, za svoje posljednje po\u010divali\u0161te kao takav fascinantan, mijenjanje mjestu kao i na more. No, za ljude sa \u017eeljom za poseban opro\u0161taj, pokop na moru jedinstvena alternativa za. Primjer na groblju je. Simboli\u010dno zavr\u0161ava pokop na moru ciklusa \u017eivota, jer voda se smatra izvorno i \u017eivotvorna elementa.[\/vc_column_text][vc_empty_space][\/vc_column][\/vc_row][vc_row][vc_column width=&#8221;1\/2&#8243;]<figure class=\"sc_image  sc_image_shape_square\"><div style=\"padding: 0.4em; padding-bottom: 0;\"><img src=\"https:\/\/guenther-bestattungen.com\/wp-content\/uploads\/2015\/12\/see-1.jpg\" alt=\"\" \/><\/div><\/figure>[\/vc_column][vc_column width=&#8221;1\/2&#8243;]<figure class=\"sc_image  sc_image_shape_square\"><div style=\"padding: 0.4em; padding-bottom: 0;\"><img src=\"https:\/\/guenther-bestattungen.com\/wp-content\/uploads\/2015\/12\/see_2-1.jpg\" alt=\"\" \/><\/div><\/figure>[\/vc_column][\/vc_row]<\/p>\n<\/section>","protected":false},"excerpt":{"rendered":"<p>[vc_row][vc_column][vc_column_text] more ukopi [\/vc_column_text][vc_empty_space][vc_column_text]More kao posljednje po\u010divali\u0161te \u010cesto birati ljude koji su ve\u0107 imali bliske veze s morem \u017eiv, za svoje posljednje po\u010divali\u0161te kao takav fascinantan, mijenjanje mjestu kao i na more. No, za ljude sa \u017eeljom za poseban opro\u0161taj, pokop na moru jedinstvena alternativa za. Primjer na groblju je. Simboli\u010dno zavr\u0161ava pokop na moru [&hellip;]<\/p>\n","protected":false},"author":1,"featured_media":0,"parent":1596,"menu_order":0,"comment_status":"closed","ping_status":"closed","template":"","meta":[],"_links":{"self":[{"href":"https:\/\/guenther-bestattungen.com\/hr\/wp-json\/wp\/v2\/pages\/1650"}],"collection":[{"href":"https:\/\/guenther-bestattungen.com\/hr\/wp-json\/wp\/v2\/pages"}],"about":[{"href":"https:\/\/guenther-bestattungen.com\/hr\/wp-json\/wp\/v2\/types\/page"}],"author":[{"embeddable":true,"href":"https:\/\/guenther-bestattungen.com\/hr\/wp-json\/wp\/v2\/users\/1"}],"replies":[{"embeddable":true,"href":"https:\/\/guenther-bestattungen.com\/hr\/wp-json\/wp\/v2\/comments?post=1650"}],"version-history":[{"count":2,"href":"https:\/\/guenther-bestattungen.com\/hr\/wp-json\/wp\/v2\/pages\/1650\/revisions"}],"predecessor-version":[{"id":1879,"href":"https:\/\/guenther-bestattungen.com\/hr\/wp-json\/wp\/v2\/pages\/1650\/revisions\/1879"}],"up":[{"embeddable":true,"href":"https:\/\/guenther-bestattungen.com\/hr\/wp-json\/wp\/v2\/pages\/1596"}],"wp:attachment":[{"href":"https:\/\/guenther-bestattungen.com\/hr\/wp-json\/wp\/v2\/media?parent=1650"}],"curies":[{"name":"wp","href":"https:\/\/api.w.org\/{rel}","templated":true}]}}