{"id":1684,"date":"2015-12-16T23:10:17","date_gmt":"2015-12-16T22:10:17","guid":{"rendered":"http:\/\/guenther-bestattungen.com\/hr\/ueber-uns\/"},"modified":"2016-09-22T14:57:14","modified_gmt":"2016-09-22T12:57:14","slug":"ueber-uns","status":"publish","type":"page","link":"https:\/\/guenther-bestattungen.com\/hr\/ueber-uns\/","title":{"rendered":"\u00dcber uns"},"content":{"rendered":"<section class=\"wpb-content-wrapper\"><p>[vc_row][vc_column][vc_column_text]<\/p>\n<h3 style=\"text-align: center;\">Bestattungshaus G\u00fcnther\u00a0G\u00f6ttingen<\/h3>\n<p>[\/vc_column_text][vc_empty_space][\/vc_column][\/vc_row][vc_row][vc_column width=&#8221;1\/3&#8243;]<figure class=\"sc_image  sc_image_shape_square\"><div style=\"padding: 0.4em; padding-bottom: 0;\"><img src=\"https:\/\/guenther-bestattungen.com\/wp-content\/uploads\/2015\/05\/Bild2.jpg\" alt=\"\" \/><\/div><\/figure><ul class=\"sc_list boxed_icon sc_list_style_iconed\"><li class=\"sc_list_item odd first\"><span class=\"sc_list_icon icon-home-1\"><\/span>[vc_column_text]Pfalz-Grona-Breite 86,\u00a037081 G\u00f6ttingen[\/vc_column_text]<\/li><li class=\"sc_list_item even\"><span class=\"sc_list_icon icon-smartphone\"><\/span>[vc_column_text]0551 \/ 50 48 30[\/vc_column_text]<\/li><li class=\"sc_list_item odd\"><span class=\"sc_list_icon icon-printer\"><\/span>[vc_column_text]0551 \/\u00a050 48 319[\/vc_column_text]<\/li><li class=\"sc_list_item even\"><span class=\"sc_list_icon icon-mail-2\"><\/span>[vc_column_text]<a href=\"mailto:info@guenther-bestattungen.de\">info@guenther-bestattungen.com<\/a>[\/vc_column_text]<\/li><\/ul>[\/vc_column][vc_column width=&#8221;2\/3&#8243;][vc_column_text]Na\u0161e iskustvo omogu\u0107uje nam kompetentno i pouzdano podr\u0161ku ucviljen u smrti.<\/p>\n<p>Na podru\u010dju osobne mirovine, mo\u017eemo ponuditi objektivno i stru\u010dne savjete u ovom kontekstu. Naravno, mi smo Vam na raspolaganju za sva pitanja u osobnom razgovoru. Kada do\u0111e do smrti, bol zbog gubitka voljene osobe komplicira uglavnom jasne misli. U tom trenutku je u\u010diniti bezbroj papirologije i zadataka.<\/p>\n<p>Ovdje smo podr\u0161ku i savjetodavnu ulogu. Mi smo Va\u0161 ozbiljan i pouzdan partner koji je upoznat sa svim formalnosti sprovod i onda mo\u017eete ga osloboditi.<\/p>\n<p>Vjerujte u ovoj te\u0161koj situaciji za vas na\u0161e pouzdane i kompetentne savjete.<\/p>\n<p>Va\u0161 Bestattungshaus G\u00fcnther[\/vc_column_text][\/vc_column][\/vc_row]<\/p>\n<\/section>","protected":false},"excerpt":{"rendered":"<p>[vc_row][vc_column][vc_column_text] Bestattungshaus G\u00fcnther\u00a0G\u00f6ttingen [\/vc_column_text][vc_empty_space][\/vc_column][\/vc_row][vc_row][vc_column width=&#8221;1\/3&#8243;][\/vc_column][vc_column width=&#8221;2\/3&#8243;][vc_column_text]Na\u0161e iskustvo omogu\u0107uje nam kompetentno i pouzdano podr\u0161ku ucviljen u smrti. Na podru\u010dju osobne mirovine, mo\u017eemo ponuditi objektivno i stru\u010dne savjete u ovom kontekstu. Naravno, mi smo Vam na raspolaganju za sva pitanja u osobnom razgovoru. Kada do\u0111e do smrti, bol zbog gubitka voljene osobe komplicira uglavnom jasne misli. U [&hellip;]<\/p>\n","protected":false},"author":1,"featured_media":0,"parent":0,"menu_order":0,"comment_status":"closed","ping_status":"closed","template":"","meta":[],"_links":{"self":[{"href":"https:\/\/guenther-bestattungen.com\/hr\/wp-json\/wp\/v2\/pages\/1684"}],"collection":[{"href":"https:\/\/guenther-bestattungen.com\/hr\/wp-json\/wp\/v2\/pages"}],"about":[{"href":"https:\/\/guenther-bestattungen.com\/hr\/wp-json\/wp\/v2\/types\/page"}],"author":[{"embeddable":true,"href":"https:\/\/guenther-bestattungen.com\/hr\/wp-json\/wp\/v2\/users\/1"}],"replies":[{"embeddable":true,"href":"https:\/\/guenther-bestattungen.com\/hr\/wp-json\/wp\/v2\/comments?post=1684"}],"version-history":[{"count":2,"href":"https:\/\/guenther-bestattungen.com\/hr\/wp-json\/wp\/v2\/pages\/1684\/revisions"}],"predecessor-version":[{"id":1708,"href":"https:\/\/guenther-bestattungen.com\/hr\/wp-json\/wp\/v2\/pages\/1684\/revisions\/1708"}],"wp:attachment":[{"href":"https:\/\/guenther-bestattungen.com\/hr\/wp-json\/wp\/v2\/media?parent=1684"}],"curies":[{"name":"wp","href":"https:\/\/api.w.org\/{rel}","templated":true}]}}