{"id":1520,"date":"2015-12-16T23:11:55","date_gmt":"2015-12-16T22:11:55","guid":{"rendered":"http:\/\/guenther-bestattungen.com\/it\/service\/"},"modified":"2016-09-22T15:39:32","modified_gmt":"2016-09-22T13:39:32","slug":"service","status":"publish","type":"page","link":"https:\/\/guenther-bestattungen.com\/it\/service\/","title":{"rendered":"Service"},"content":{"rendered":"<section class=\"wpb-content-wrapper\"><p>[vc_row][vc_column][vc_column_text]<\/p>\n<h3 style=\"text-align: center;\">La nostra offerta di aiuto<\/h3>\n<p>[\/vc_column_text][vc_empty_space][\/vc_column][\/vc_row][vc_row][vc_column][vc_column_text]Specialmente in un lutto, \u00e8 importante poter contare interamente su un funerale professionale.<\/p>\n<p>Prendiamo l&#8217;intero formalit\u00e0 e Ti consigliamo fiducia e sensibilit\u00e0.<\/p>\n<p><strong>I nostri servizi comprendono:<\/strong><\/p>\n<ul>\n<li>Consulenza e supporto al momento dell&#8217;acquisto di un sito tomba<\/li>\n<li>Gestione di tutte le questioni organizzative per il funerale<\/li>\n<li>Noleggio pastore o altoparlante per il funerale<\/li>\n<li>Ornamenti floreali Order (urne e contenitori bara, corone, mazzi mano, arredi sacri)<\/li>\n<li>Decorazione della sala cerimoniale<\/li>\n<li>Produzione di lettere lutto, pubblicit\u00e0 e riconoscimenti<\/li>\n<li>Il completamento di tutte le formalit\u00e0 amministrative (certificati di morte, l&#8217;applicazione per i fondi di morte, ecc)<\/li>\n<li>Trasporto di persone decedute (a livello internazionale)<\/li>\n<\/ul>\n<p>eccetera[\/vc_column_text][\/vc_column][\/vc_row]<\/p>\n<\/section>","protected":false},"excerpt":{"rendered":"<p>[vc_row][vc_column][vc_column_text] La nostra offerta di aiuto [\/vc_column_text][vc_empty_space][\/vc_column][\/vc_row][vc_row][vc_column][vc_column_text]Specialmente in un lutto, \u00e8 importante poter contare interamente su un funerale professionale. Prendiamo l&#8217;intero formalit\u00e0 e Ti consigliamo fiducia e sensibilit\u00e0. I nostri servizi comprendono: Consulenza e supporto al momento dell&#8217;acquisto di un sito tomba Gestione di tutte le questioni organizzative per il funerale Noleggio pastore o altoparlante [&hellip;]<\/p>\n","protected":false},"author":1,"featured_media":0,"parent":0,"menu_order":0,"comment_status":"closed","ping_status":"closed","template":"","meta":[],"_links":{"self":[{"href":"https:\/\/guenther-bestattungen.com\/it\/wp-json\/wp\/v2\/pages\/1520"}],"collection":[{"href":"https:\/\/guenther-bestattungen.com\/it\/wp-json\/wp\/v2\/pages"}],"about":[{"href":"https:\/\/guenther-bestattungen.com\/it\/wp-json\/wp\/v2\/types\/page"}],"author":[{"embeddable":true,"href":"https:\/\/guenther-bestattungen.com\/it\/wp-json\/wp\/v2\/users\/1"}],"replies":[{"embeddable":true,"href":"https:\/\/guenther-bestattungen.com\/it\/wp-json\/wp\/v2\/comments?post=1520"}],"version-history":[{"count":2,"href":"https:\/\/guenther-bestattungen.com\/it\/wp-json\/wp\/v2\/pages\/1520\/revisions"}],"predecessor-version":[{"id":1725,"href":"https:\/\/guenther-bestattungen.com\/it\/wp-json\/wp\/v2\/pages\/1520\/revisions\/1725"}],"wp:attachment":[{"href":"https:\/\/guenther-bestattungen.com\/it\/wp-json\/wp\/v2\/media?parent=1520"}],"curies":[{"name":"wp","href":"https:\/\/api.w.org\/{rel}","templated":true}]}}