{"id":1556,"date":"2015-12-16T23:13:12","date_gmt":"2015-12-16T22:13:12","guid":{"rendered":"http:\/\/guenther-bestattungen.com\/it\/vorsorge\/"},"modified":"2016-09-22T16:01:53","modified_gmt":"2016-09-22T14:01:53","slug":"vorsorge","status":"publish","type":"page","link":"https:\/\/guenther-bestattungen.com\/it\/vorsorge\/","title":{"rendered":"Vorsorge"},"content":{"rendered":"<section class=\"wpb-content-wrapper\"><p>[vc_row][vc_column][vc_column_text]<\/p>\n<h3 style=\"text-align: center;\">precauzione<\/h3>\n<p style=\"text-align: center;\">di prendere precauzioni, d\u00e0 una buona sensazione di avere tutto controllato.<\/p>\n<p>[\/vc_column_text][vc_empty_space][\/vc_column][\/vc_row][vc_row][vc_column][vc_column_text]Mentre in precedenza la morte era considerata una parte integrante della vita, sta diventando sempre pi\u00f9 emarginato. A nessuno piace pensare alla morte della sua famiglia, o anche per la propria. Ma solo nel senso della famiglia, \u00e8 consigliabile fare uno dei primi pensieri sulle misure da adottare in caso di decesso.<\/p>\n<p>In un contratto di pensione funerale \u00e8 legalmente requisiti per la progettazione del funerale pu\u00f2 scrivere vincolante. Informazioni sul modo e la forma del funerale sono parte integrante del contratto. La copertura del costo pu\u00f2 essere fatto attraverso la creazione di un conto bancario speciale.<\/p>\n<p>Siamo felici di aiutarvi a formulare i vostri desideri individuali per progettare il funerale in un contratto di pensione funerale.<br \/>\nMentre in precedenza aveva tutte legale di assicurazione malattia hanno diritto alle prestazioni di morte, il beneficio di morte \u00e8 stato eliminato interamente da 1 1 del 2004. Eliminando il beneficio di morte con l&#8217;aumento dei canoni comuni e del lavoro stagnante e di reddito di pensione, le spese funebri per coloro che sono rimasti spesso un onere non trascurabile sono.<\/p>\n<p>Per alleviare il lutto, ha senso stipulare un&#8217;assicurazione funerale. Aiuta evitare di dover fare affidamento su risparmio o pensione di reversibilit\u00e0 nel soddisfare le spese funerarie.<\/p>\n<p>Anche per le persone anziane pu\u00f2 essere realizzato a condizioni relativamente favorevoli corrispondenti siepi autonome. Vorremmo presentare un&#8217;offerta su misura individualmente. Vi preghiamo di contattarci a questo proposito.<\/p>\n<p>I nostri partner assicurativi, siamo in grado di offrire a voi e la vostra famiglia una pensione sicura.[\/vc_column_text][\/vc_column][\/vc_row][vc_row][vc_column][vc_column_text]<\/p>\n<h3 style=\"text-align: center;\"><\/h3>\n<h3 style=\"text-align: center;\">testamento<\/h3>\n<p>[\/vc_column_text][vc_empty_space][\/vc_column][\/vc_row][vc_row][vc_column][vc_column_text]In ogni caso, ha senso creare una volont\u00e0. Per assicurarsi che l&#8217;emergenza \u00e8 tutto fatto secondo i vostri desideri.<\/p>\n<p>Il testamento olografo deve essere scritto a mano redatto e firmato. Le coppie possono anche redigere un testamento congiunto. In questo caso, entrambi devono firmare il testamento scritto a mano creato da un coniuge.<\/p>\n<p>Assicurarsi che le firme sono sempre fatte con nome e cognome. Per evitare Personenmissverst\u00e4ndnisse. \u00c8 inoltre necessario essere sicuri di tenere il luogo e la data della scrittura. Se si vuole essere sicuri che il vostro ora entrer\u00e0 in vigore, quindi per favore inseriscilo alla corte distrettuale o un notaio in custodia ufficiale.<\/p>\n<p>In sostanza, si \u00e8 liberi di determinare nella vostra volont\u00e0, che come e in quali condizioni devono ereditare ci\u00f2. Solo la parte obbligatoria si ha alcun controllo.<\/p>\n<p>Una volta creato Testamento si pu\u00f2 ritirare in qualsiasi momento. distruggendo Data la volont\u00e0 o fare una nota scritta a mano &#8220;non valido&#8221;. Un nuovo sar\u00e0 imposta automaticamente una precedente sospensione.[\/vc_column_text][\/vc_column][\/vc_row]<\/p>\n<\/section>","protected":false},"excerpt":{"rendered":"<p>[vc_row][vc_column][vc_column_text] precauzione di prendere precauzioni, d\u00e0 una buona sensazione di avere tutto controllato. [\/vc_column_text][vc_empty_space][\/vc_column][\/vc_row][vc_row][vc_column][vc_column_text]Mentre in precedenza la morte era considerata una parte integrante della vita, sta diventando sempre pi\u00f9 emarginato. A nessuno piace pensare alla morte della sua famiglia, o anche per la propria. Ma solo nel senso della famiglia, \u00e8 consigliabile fare uno dei [&hellip;]<\/p>\n","protected":false},"author":1,"featured_media":0,"parent":0,"menu_order":0,"comment_status":"closed","ping_status":"closed","template":"","meta":[],"_links":{"self":[{"href":"https:\/\/guenther-bestattungen.com\/it\/wp-json\/wp\/v2\/pages\/1556"}],"collection":[{"href":"https:\/\/guenther-bestattungen.com\/it\/wp-json\/wp\/v2\/pages"}],"about":[{"href":"https:\/\/guenther-bestattungen.com\/it\/wp-json\/wp\/v2\/types\/page"}],"author":[{"embeddable":true,"href":"https:\/\/guenther-bestattungen.com\/it\/wp-json\/wp\/v2\/users\/1"}],"replies":[{"embeddable":true,"href":"https:\/\/guenther-bestattungen.com\/it\/wp-json\/wp\/v2\/comments?post=1556"}],"version-history":[{"count":3,"href":"https:\/\/guenther-bestattungen.com\/it\/wp-json\/wp\/v2\/pages\/1556\/revisions"}],"predecessor-version":[{"id":1739,"href":"https:\/\/guenther-bestattungen.com\/it\/wp-json\/wp\/v2\/pages\/1556\/revisions\/1739"}],"wp:attachment":[{"href":"https:\/\/guenther-bestattungen.com\/it\/wp-json\/wp\/v2\/media?parent=1556"}],"curies":[{"name":"wp","href":"https:\/\/api.w.org\/{rel}","templated":true}]}}