{"id":1628,"date":"2015-12-20T11:47:24","date_gmt":"2015-12-20T10:47:24","guid":{"rendered":"http:\/\/guenther-bestattungen.com\/it\/bestattungsarten\/naturbestattungen\/"},"modified":"2016-09-23T20:39:09","modified_gmt":"2016-09-23T18:39:09","slug":"naturbestattungen","status":"publish","type":"page","link":"https:\/\/guenther-bestattungen.com\/it\/bestattungsarten\/naturbestattungen\/","title":{"rendered":"Naturbestattungen"},"content":{"rendered":"<section class=\"wpb-content-wrapper\"><p>[vc_row][vc_column][vc_column_text]<\/p>\n<h3 style=\"text-align: center;\">Sepolture naturali in G\u00f6ttingen<\/h3>\n<p>[\/vc_column_text][vc_empty_space][vc_column_text]Friedwald o fritti Park sulla frutteti Stadtfriedhof- tomba Parkfriedhof Junker Berg<\/p>\n<p>La sepoltura albero in una Friedwald prevede per tutte le persone di una alternativa, che vogliono un individuo e la sepoltura naturale al di fuori cimiteri normali.<\/p>\n<p>In Friedwald, un pezzo naturale del legno, le ceneri del defunto sar\u00e0 sepolto ai piedi di un albero. Fondamentalmente \u00e8 possibile che un albero nel corso del tempo l&#8217;ultima dimora per una famiglia intera pu\u00f2 essere. Se questo \u00e8 previsto, la questione Friedwald funerale dovrebbe essere discusso con la famiglia e accettata da tutti i soggetti interessati albero sono selezionati. L &#8216; &#8220;albero genealogico&#8221; quindi imposta spesso nel lontano come un punto centrale di riferimento, indipendentemente dal centro della vita dei singoli membri della famiglia.<br \/>\nalberi Friedwald sono esattamente cartograficamente registrati e inseriti nel registro albero. L&#8217;esatta rappresentazione dell&#8217;albero sul piano sito permette in qualsiasi momento di trovare e identificare. E &#8216;anche possibile fornire l&#8217;albero con un cartello in cui i dati di l\u00ec sepolto decedute possono essere incisi. Un certificato di riconoscimento attesta il diritto d&#8217;uso della struttura. Con l&#8217;iscrizione nel registro fondiario dell&#8217;albero \u00e8 protetto fino a 99 anni la deforestazione rispetto.<\/p>\n<p>Come nelle sepolture tradizionali, il funerale si svolge nella casa del defunto. Il funerale in Friedwald \u00e8 poi la famiglia di appartenenza, spesso coinvolgendo anche un sacerdote o un altoparlante libero. (In linea di principio, \u00e8 anche possibile effettuare un cineraria con sotterramento in loco.)<br \/>\nNaturalmente, tutti noi accettiamo in connessione con sepolture Friedwald che si verificano formalit\u00e0. Ci occupiamo della cremazione e organizzare il funerale.<\/p>\n<p>Hai bisogno di maggiori informazioni su sepolture Friedwald, si prega di visitare il seguente sito web:<\/p>\n<p><span style=\"color: #000000;\"><a href=\"http:\/\/www.friedwald.de\/\">www.friedwald.de<\/a><br \/>\n<\/span>[\/vc_column_text][vc_empty_space][\/vc_column][\/vc_row][vc_row][vc_column][vc_column_text]<\/p>\n<h3 style=\"text-align: center;\">L&#8217;alternativa a Friedwald<\/h3>\n<p>[\/vc_column_text][vc_empty_space][\/vc_column][\/vc_row][vc_row][vc_column width=&#8221;1\/2&#8243;][vc_column_text]<\/p>\n<p style=\"text-align: center;\">Fried Parco nella citt\u00e0 cimitero per G\u00f6ttingen<\/p>\n<p style=\"text-align: center;\">Una sepoltura individuale e naturale nel cimitero.<\/p>\n<p>[\/vc_column_text][vc_empty_space height=&#8221;15px&#8221;]<figure class=\"sc_image  sc_image_shape_square\"><div style=\"padding: 0.4em; padding-bottom: 0;\"><img src=\"https:\/\/guenther-bestattungen.com\/wp-content\/uploads\/2015\/12\/friedpark.jpg\" alt=\"\" \/><\/div><\/figure>[vc_empty_space height=&#8221;5px&#8221;][vc_column_text]<\/p>\n<p style=\"text-align: center;\"><a href=\"https:\/\/guenther-bestattungen.com\/wp-content\/uploads\/2015\/12\/Friedpark-Fotos.pdf\" target=\"_blank\">&#8211; ulteriori informazioni &#8211;\u00a0<\/a><\/p>\n<p>[\/vc_column_text][\/vc_column][vc_column width=&#8221;1\/2&#8243;][vc_column_text]<\/p>\n<p style=\"text-align: center;\">Frutteti tomba nel cimitero Parco Junker Berg<\/p>\n<p style=\"text-align: center;\">Una sepoltura individuale e naturale nel cimitero.<\/p>\n<p>[\/vc_column_text][vc_empty_space height=&#8221;15px&#8221;]<figure class=\"sc_image  sc_image_shape_square\"><div style=\"padding: 0.4em; padding-bottom: 0;\"><img src=\"https:\/\/guenther-bestattungen.com\/wp-content\/uploads\/2015\/12\/junkernberg.jpg\" alt=\"\" \/><\/div><\/figure>[vc_empty_space height=&#8221;5px&#8221;][vc_column_text]<\/p>\n<p style=\"text-align: center;\"><a href=\"https:\/\/guenther-bestattungen.com\/wp-content\/uploads\/2015\/12\/blatt1.pdf\" target=\"_blank\">&#8211; ulteriori informazioni &#8211;\u00a0<\/a><\/p>\n<p>[\/vc_column_text][\/vc_column][\/vc_row][vc_row][vc_column][vc_empty_space][vc_column_text]I funerali sono offerti in un ambiente naturale come siti comunit\u00e0 tomba il due cimiteri comunali anche. La scelta di luoghi gravi per le urne non hanno Grabbeet e possono anche essere prenotati in acquisto anticipato. Un impegno per una regolare cura tomba cancellato.<\/p>\n<p>Il funerale si svolge in una capsula di cenere transitorio. Le tombe anche una camera doppia con due capsule di cenere si sovrappone, selezionabile come una tomba di famiglia.<\/p>\n<p>Su richiesta vi \u00e8 la possibilit\u00e0 di un marchio per appello nominale su una stele commemorativa. La partecipazione dei membri alla sepoltura \u00e8 possibile. Il costo del funerale, si prega di fare riferimento alle tariffe statuti cimitero applicabili. Gli ospiti possono anche consiglia il amministrazione cimitero in Park Cemetery Junker Berg (0551) 400-5216.<\/p>\n<p>Il reparto &#8220;Fruit Wies tomba&#8221; sulla Park Cemetery Junker Berg Inaugurato nel 2006. La natura di un frutteto modellato stare qui 41 diversi alberi da frutto in una societ\u00e0 diversa, fiorente prato. La ogni albero assegnato granito Tele offre la possibilit\u00e0 di memorizzare gioielli lutto, cos\u00ec come con una piccola etichetta nome sulla \/ deceduto \/ n da ricordare.<\/p>\n<p>Al cimitero citt\u00e0 \u00e8 dal 2006 sotto gli alberi vecchi la possibilit\u00e0 di sepoltura nel &#8220;Fried Park&#8221;. Da una siepe di carpino schermato dominano quattro principali pilastri della quercia del reparto. Queste stele sono stati ottenuti dalle foreste locali e prendere il simbolismo della sepoltura albero a.<\/p>\n<p>Anche in questo caso, conservati gioielli lutto, e una targhetta attaccata.[\/vc_column_text][\/vc_column][\/vc_row]<\/p>\n<\/section>","protected":false},"excerpt":{"rendered":"<p>[vc_row][vc_column][vc_column_text] Sepolture naturali in G\u00f6ttingen [\/vc_column_text][vc_empty_space][vc_column_text]Friedwald o fritti Park sulla frutteti Stadtfriedhof- tomba Parkfriedhof Junker Berg La sepoltura albero in una Friedwald prevede per tutte le persone di una alternativa, che vogliono un individuo e la sepoltura naturale al di fuori cimiteri normali. In Friedwald, un pezzo naturale del legno, le ceneri del defunto sar\u00e0 [&hellip;]<\/p>\n","protected":false},"author":1,"featured_media":0,"parent":1592,"menu_order":0,"comment_status":"closed","ping_status":"closed","template":"","meta":[],"_links":{"self":[{"href":"https:\/\/guenther-bestattungen.com\/it\/wp-json\/wp\/v2\/pages\/1628"}],"collection":[{"href":"https:\/\/guenther-bestattungen.com\/it\/wp-json\/wp\/v2\/pages"}],"about":[{"href":"https:\/\/guenther-bestattungen.com\/it\/wp-json\/wp\/v2\/types\/page"}],"author":[{"embeddable":true,"href":"https:\/\/guenther-bestattungen.com\/it\/wp-json\/wp\/v2\/users\/1"}],"replies":[{"embeddable":true,"href":"https:\/\/guenther-bestattungen.com\/it\/wp-json\/wp\/v2\/comments?post=1628"}],"version-history":[{"count":3,"href":"https:\/\/guenther-bestattungen.com\/it\/wp-json\/wp\/v2\/pages\/1628\/revisions"}],"predecessor-version":[{"id":1895,"href":"https:\/\/guenther-bestattungen.com\/it\/wp-json\/wp\/v2\/pages\/1628\/revisions\/1895"}],"up":[{"embeddable":true,"href":"https:\/\/guenther-bestattungen.com\/it\/wp-json\/wp\/v2\/pages\/1592"}],"wp:attachment":[{"href":"https:\/\/guenther-bestattungen.com\/it\/wp-json\/wp\/v2\/media?parent=1628"}],"curies":[{"name":"wp","href":"https:\/\/api.w.org\/{rel}","templated":true}]}}