{"id":1680,"date":"2015-12-16T23:10:17","date_gmt":"2015-12-16T22:10:17","guid":{"rendered":"http:\/\/guenther-bestattungen.com\/it\/ueber-uns\/"},"modified":"2016-09-22T14:54:42","modified_gmt":"2016-09-22T12:54:42","slug":"ueber-uns","status":"publish","type":"page","link":"https:\/\/guenther-bestattungen.com\/it\/ueber-uns\/","title":{"rendered":"Chi siamo"},"content":{"rendered":"<section class=\"wpb-content-wrapper\"><p>[vc_row][vc_column][vc_column_text]<\/p>\n<h3 style=\"text-align: center;\">Bestattungshaus G\u00fcnther in\u00a0G\u00f6ttingen<\/h3>\n<p>[\/vc_column_text][vc_empty_space][\/vc_column][\/vc_row][vc_row][vc_column width=&#8221;1\/3&#8243;]<figure class=\"sc_image  sc_image_shape_square\"><div style=\"padding: 0.4em; padding-bottom: 0;\"><img src=\"https:\/\/guenther-bestattungen.com\/wp-content\/uploads\/2015\/05\/Bild2.jpg\" alt=\"\" \/><\/div><\/figure><ul class=\"sc_list boxed_icon sc_list_style_iconed\"><li class=\"sc_list_item odd first\"><span class=\"sc_list_icon icon-home-1\"><\/span>[vc_column_text]Pfalz-Grona-Breite 86,\u00a037081 G\u00f6ttingen[\/vc_column_text]<\/li><li class=\"sc_list_item even\"><span class=\"sc_list_icon icon-smartphone\"><\/span>[vc_column_text]0551 \/ 50 48 30[\/vc_column_text]<\/li><li class=\"sc_list_item odd\"><span class=\"sc_list_icon icon-printer\"><\/span>[vc_column_text]0551 \/\u00a050 48 319[\/vc_column_text]<\/li><li class=\"sc_list_item even\"><span class=\"sc_list_icon icon-mail-2\"><\/span>[vc_column_text]<a href=\"mailto:info@guenther-bestattungen.de\">info@guenther-bestattungen.com<\/a>[\/vc_column_text]<\/li><\/ul>[\/vc_column][vc_column width=&#8221;2\/3&#8243;][vc_column_text]La nostra vasta esperienza ci consente un supporto competente e affidabile del lutto nelle morti.<\/p>\n<p>In materia di servizi pensionistici individuali, siamo in grado di offrire una consulenza obiettiva e professionale in questo contesto. Naturalmente siamo a vostra disposizione per tutte le domande in un colloquio personale. Quando si verifica una morte, il dolore di perdere una persona cara complica pensieri Parzialmente nuvoloso. Proprio in quel che c&#8217;\u00e8 da fare una miriade di documenti e compiti.<\/p>\n<p>Qui siamo ruolo di sostegno e di consulenza. Siamo il vostro partner serio ed affidabile che abbia familiarit\u00e0 con tutte le modalit\u00e0 di un funerale e si pu\u00f2 quindi alleviare esso.<\/p>\n<p>La fiducia in questo difficile situazione per voi la nostra consulenza affidabile e competente.<\/p>\n<p>Il tuo Bestattungshaus G\u00fcnther[\/vc_column_text][\/vc_column][\/vc_row]<\/p>\n<\/section>","protected":false},"excerpt":{"rendered":"<p>[vc_row][vc_column][vc_column_text] Bestattungshaus G\u00fcnther in\u00a0G\u00f6ttingen [\/vc_column_text][vc_empty_space][\/vc_column][\/vc_row][vc_row][vc_column width=&#8221;1\/3&#8243;][\/vc_column][vc_column width=&#8221;2\/3&#8243;][vc_column_text]La nostra vasta esperienza ci consente un supporto competente e affidabile del lutto nelle morti. In materia di servizi pensionistici individuali, siamo in grado di offrire una consulenza obiettiva e professionale in questo contesto. Naturalmente siamo a vostra disposizione per tutte le domande in un colloquio personale. Quando si [&hellip;]<\/p>\n","protected":false},"author":1,"featured_media":0,"parent":0,"menu_order":0,"comment_status":"closed","ping_status":"closed","template":"","meta":[],"_links":{"self":[{"href":"https:\/\/guenther-bestattungen.com\/it\/wp-json\/wp\/v2\/pages\/1680"}],"collection":[{"href":"https:\/\/guenther-bestattungen.com\/it\/wp-json\/wp\/v2\/pages"}],"about":[{"href":"https:\/\/guenther-bestattungen.com\/it\/wp-json\/wp\/v2\/types\/page"}],"author":[{"embeddable":true,"href":"https:\/\/guenther-bestattungen.com\/it\/wp-json\/wp\/v2\/users\/1"}],"replies":[{"embeddable":true,"href":"https:\/\/guenther-bestattungen.com\/it\/wp-json\/wp\/v2\/comments?post=1680"}],"version-history":[{"count":4,"href":"https:\/\/guenther-bestattungen.com\/it\/wp-json\/wp\/v2\/pages\/1680\/revisions"}],"predecessor-version":[{"id":1704,"href":"https:\/\/guenther-bestattungen.com\/it\/wp-json\/wp\/v2\/pages\/1680\/revisions\/1704"}],"wp:attachment":[{"href":"https:\/\/guenther-bestattungen.com\/it\/wp-json\/wp\/v2\/media?parent=1680"}],"curies":[{"name":"wp","href":"https:\/\/api.w.org\/{rel}","templated":true}]}}