{"id":1512,"date":"2015-05-11T09:13:20","date_gmt":"2015-05-11T09:13:20","guid":{"rendered":"http:\/\/guenther-bestattungen.com\/pl\/homepage\/"},"modified":"2016-09-22T17:57:20","modified_gmt":"2016-09-22T15:57:20","slug":"homepage","status":"publish","type":"page","link":"https:\/\/guenther-bestattungen.com\/pl\/","title":{"rendered":"dom"},"content":{"rendered":"<section class=\"wpb-content-wrapper\"><p>[vc_row][vc_column css=&#8221;.vc_custom_1432042943665{padding-top: 5.5em !important;padding-bottom: 5em !important;background-image: url(https:\/\/guenther-bestattungen.com\/wp-content\/uploads\/2015\/05\/white_bg.jpg?id=332) !important;}&#8221;]<div class=\"sc_content content_wrap\" data-animation=\"animated fadeInUp normal\"><div class=\"sc_section\"><div class=\"columns_wrap sc_columns columns_nofluid sc_columns_count_2\"><div class=\"column-1_2 sc_column_item sc_column_item_1 odd first\"><figure class=\"sc_image  sc_image_shape_square\"><div style=\"padding: 0.4em; padding-bottom: 0;\"><img src=\"https:\/\/guenther-bestattungen.com\/wp-content\/uploads\/2015\/05\/Bild2.jpg\" alt=\"\" \/><\/div><\/figure><\/div><div class=\"column-1_2 sc_column_item sc_column_item_2 even\"><h2 class=\"sc_title sc_title_regular \" style=\"margin-top:0px;margin-bottom:0.15em;\">powitanie<\/h2>[vc_column_text]W \u017ca\u0142oby, szczeg\u00f3lnie wa\u017cne jest, aby mie\u0107 solidnego partnera na swojej stronie. Wiemy o emocjonalnej sytuacji stresowej cz\u0142onk\u00f3w i ocala\u0142ych.<\/p>\n<p>Tak wi\u0119c zadba\u0107 o wszystkie formalno\u015bci oczekuj\u0105cych i przej\u0105\u0107 na \u017c\u0105danie s\u0142u\u017cby organizacj\u0105 pogrzebu &#8211; od bukiet\u00f3w do mediacji pogrzebowego m\u00f3wca lub kap\u0142ana. Oczywi\u015bcie bierzemy du\u017co czasu na szczeg\u00f3\u0142owe i ufnej konsultacji. Wspieramy Pa\u0144stwa w wyniku decyzji i doradzi\u0107 z naszego wieloletniego do\u015bwiadczenia i wiedzy.<\/p>\n<p>Zaufaj nam &#8211; naszym zadaniem jest pom\u00f3c.[\/vc_column_text]<\/div><\/div><\/div><\/div>[\/vc_column][\/vc_row][vc_row][vc_column]<div class=\"sc_section\"><div class=\"sc_content content_wrap\" data-animation=\"animated fadeInUp normal\" style=\"margin-top:1.8em !important;\"><h2 class=\"sc_title sc_title_regular sc_align_center fig_border\" style=\"text-align:center;\">Jeste\u015bmy tu dla Ciebie!<\/h2><div class=\"columns_wrap sc_columns columns_nofluid sc_columns_count_4 history_service\" style=\"margin-bottom:5em;\"><div class=\"column-1_4 sc_column_item sc_column_item_1 odd first\"><figure class=\"sc_image  sc_image_shape_square\" style=\"width:11.866em;\"><div style=\"padding: 0.4em; padding-bottom: 0;\"><img src=\"https:\/\/guenther-bestattungen.com\/wp-content\/uploads\/2015\/05\/service.jpg\" alt=\"\" \/><\/div><\/figure>[vc_column_text]<\/p>\n<p style=\"text-align: center;\"><a href=\"https:\/\/guenther-bestattungen.com\/pl\/service\/\">us\u0142uga<\/a><\/p>\n<p>[\/vc_column_text]<\/div><div class=\"column-1_4 sc_column_item sc_column_item_2 even\"><figure class=\"sc_image  sc_image_shape_square\" style=\"width:11.866em;\"><div style=\"padding: 0.4em; padding-bottom: 0;\"><img src=\"https:\/\/guenther-bestattungen.com\/wp-content\/uploads\/2015\/05\/arten.jpg\" alt=\"\" \/><\/div><\/figure>[vc_column_text]<\/p>\n<p style=\"text-align: center;\"><a href=\"https:\/\/guenther-bestattungen.com\/pl\/bestattungsarten\/\">gatunki pogrzebowych<\/a><\/p>\n<p>[\/vc_column_text]<\/div><div class=\"column-1_4 sc_column_item sc_column_item_3 odd\"><figure class=\"sc_image  sc_image_shape_square\" style=\"width:11.866em;\"><div style=\"padding: 0.4em; padding-bottom: 0;\"><img src=\"https:\/\/guenther-bestattungen.com\/wp-content\/uploads\/2015\/05\/vorsorge-1.jpg\" alt=\"\" \/><\/div><\/figure>[vc_column_text]<\/p>\n<p style=\"text-align: center;\"><a href=\"https:\/\/guenther-bestattungen.com\/pl\/vorsorge\/\">ostro\u017cno\u015b\u0107<\/a><\/p>\n<p>[\/vc_column_text]<\/div><div class=\"column-1_4 sc_column_item sc_column_item_4 even\"><figure class=\"sc_image  sc_image_shape_square\" style=\"width:11.866em;\"><div style=\"padding: 0.4em; padding-bottom: 0;\"><img src=\"https:\/\/guenther-bestattungen.com\/wp-content\/uploads\/2015\/05\/kosten.jpg\" alt=\"\" \/><\/div><\/figure>[vc_column_text]<\/p>\n<p style=\"text-align: center;\"><a href=\"https:\/\/guenther-bestattungen.com\/pl\/kosten\/\">koszty<\/a><\/p>\n<p>[\/vc_column_text]<\/div><\/div><\/div><\/div>[\/vc_column][\/vc_row][vc_row][vc_column]<!-- #TRX_GAP_START# --><div class=\"sc_parallax bg_tint_light\" style=\"width:100%;height:27.866em;color:#ffffff;\" data-parallax-speed=\"0.4\" data-parallax-x-pos=\"50%\" data-parallax-y-pos=\"50%\"><div class=\"sc_parallax_content\" style=\"background-image:url(https:\/\/guenther-bestattungen.com\/wp-content\/uploads\/2015\/05\/parallax-1.jpg); background-position:50% 50%;\">[vc_column_text css=&#8221;.vc_custom_1474548023967{margin-top: 9em !important;}&#8221;]<\/p>\n<h2 style=\"text-align: center;\"><span style=\"color: #ffffff;\">Najlepsz\u0105 rzecz\u0105 jak\u0105 cz\u0142owiek mo\u017ce zostawi\u0107 to u\u015bmiech na twarzy tych, kt\u00f3rzy my\u015bl\u0105 o nim.<\/span><\/h2>\n<p>[\/vc_column_text][vc_column_text css=&#8221;.vc_custom_1450461261529{margin-top: 1em !important;}&#8221;][\/vc_column_text]<\/div><\/div><!-- #TRX_GAP_END# -->[\/vc_column][\/vc_row]<\/p>\n<\/section>","protected":false},"excerpt":{"rendered":"<p>[vc_row][vc_column css=&#8221;.vc_custom_1432042943665{padding-top: 5.5em !important;padding-bottom: 5em !important;background-image: url(https:\/\/guenther-bestattungen.com\/wp-content\/uploads\/2015\/05\/white_bg.jpg?id=332) !important;}&#8221;][\/vc_column][\/vc_row][vc_row][vc_column][\/vc_column][\/vc_row][vc_row][vc_column][\/vc_column][\/vc_row]<\/p>\n","protected":false},"author":1,"featured_media":0,"parent":0,"menu_order":0,"comment_status":"open","ping_status":"open","template":"","meta":[],"_links":{"self":[{"href":"https:\/\/guenther-bestattungen.com\/pl\/wp-json\/wp\/v2\/pages\/1512"}],"collection":[{"href":"https:\/\/guenther-bestattungen.com\/pl\/wp-json\/wp\/v2\/pages"}],"about":[{"href":"https:\/\/guenther-bestattungen.com\/pl\/wp-json\/wp\/v2\/types\/page"}],"author":[{"embeddable":true,"href":"https:\/\/guenther-bestattungen.com\/pl\/wp-json\/wp\/v2\/users\/1"}],"replies":[{"embeddable":true,"href":"https:\/\/guenther-bestattungen.com\/pl\/wp-json\/wp\/v2\/comments?post=1512"}],"version-history":[{"count":3,"href":"https:\/\/guenther-bestattungen.com\/pl\/wp-json\/wp\/v2\/pages\/1512\/revisions"}],"predecessor-version":[{"id":1864,"href":"https:\/\/guenther-bestattungen.com\/pl\/wp-json\/wp\/v2\/pages\/1512\/revisions\/1864"}],"wp:attachment":[{"href":"https:\/\/guenther-bestattungen.com\/pl\/wp-json\/wp\/v2\/media?parent=1512"}],"curies":[{"name":"wp","href":"https:\/\/api.w.org\/{rel}","templated":true}]}}