{"id":1525,"date":"2015-12-16T23:11:55","date_gmt":"2015-12-16T22:11:55","guid":{"rendered":"http:\/\/guenther-bestattungen.com\/pl\/service\/"},"modified":"2016-09-22T15:45:27","modified_gmt":"2016-09-22T13:45:27","slug":"service","status":"publish","type":"page","link":"https:\/\/guenther-bestattungen.com\/pl\/service\/","title":{"rendered":"Service"},"content":{"rendered":"<section class=\"wpb-content-wrapper\"><p>[vc_row][vc_column][vc_column_text]<\/p>\n<h3 style=\"text-align: center;\">Nasza oferta pomocy<\/h3>\n<p>[\/vc_column_text][vc_empty_space][\/vc_column][\/vc_row][vc_row][vc_column][vc_column_text]Szczeg\u00f3lnie w \u017ca\u0142obie, wa\u017cne jest, aby m\u00f3c ca\u0142kowicie polega\u0107 na profesjonalnym pogrzebie.<\/p>\n<p>Bierzemy ca\u0142e formalno\u015bci i doradzi pewnie i wyczuciem.<\/p>\n<p><strong>Nasze us\u0142ugi obejmuj\u0105:<\/strong><\/p>\n<ul>\n<li>Doradztwo i pomoc przy zakupie grobie<\/li>\n<li>Obchodzenie wszystkich spraw organizacyjnych na pogrzeb<\/li>\n<li>Zatrudnij pastora lub g\u0142o\u015bnik na pogrzeb<\/li>\n<li>Ozdoby kwiatowe kolejno\u015bci (urny i pojemniki trumny, wie\u0144ce, bukiety, r\u0119czne ozdoby ko\u015bcielne)<\/li>\n<li>Dekoracja sali ceremonialnej<\/li>\n<li>Produkcja liter \u017ca\u0142obnych, reklam i podzi\u0119kowania<\/li>\n<li>Zako\u0144czenie wszystkich formalno\u015bci administracyjnych (zgonu, aplikowania o \u015brodki zag\u0142ady, etc.)<\/li>\n<li>Transport os\u00f3b zmar\u0142ych (mi\u0119dzynarodowym)<\/li>\n<\/ul>\n<p>itd.[\/vc_column_text][\/vc_column][\/vc_row]<\/p>\n<\/section>","protected":false},"excerpt":{"rendered":"<p>[vc_row][vc_column][vc_column_text] Nasza oferta pomocy [\/vc_column_text][vc_empty_space][\/vc_column][\/vc_row][vc_row][vc_column][vc_column_text]Szczeg\u00f3lnie w \u017ca\u0142obie, wa\u017cne jest, aby m\u00f3c ca\u0142kowicie polega\u0107 na profesjonalnym pogrzebie. Bierzemy ca\u0142e formalno\u015bci i doradzi pewnie i wyczuciem. Nasze us\u0142ugi obejmuj\u0105: Doradztwo i pomoc przy zakupie grobie Obchodzenie wszystkich spraw organizacyjnych na pogrzeb Zatrudnij pastora lub g\u0142o\u015bnik na pogrzeb Ozdoby kwiatowe kolejno\u015bci (urny i pojemniki trumny, wie\u0144ce, bukiety, r\u0119czne [&hellip;]<\/p>\n","protected":false},"author":1,"featured_media":0,"parent":0,"menu_order":0,"comment_status":"closed","ping_status":"closed","template":"","meta":[],"_links":{"self":[{"href":"https:\/\/guenther-bestattungen.com\/pl\/wp-json\/wp\/v2\/pages\/1525"}],"collection":[{"href":"https:\/\/guenther-bestattungen.com\/pl\/wp-json\/wp\/v2\/pages"}],"about":[{"href":"https:\/\/guenther-bestattungen.com\/pl\/wp-json\/wp\/v2\/types\/page"}],"author":[{"embeddable":true,"href":"https:\/\/guenther-bestattungen.com\/pl\/wp-json\/wp\/v2\/users\/1"}],"replies":[{"embeddable":true,"href":"https:\/\/guenther-bestattungen.com\/pl\/wp-json\/wp\/v2\/comments?post=1525"}],"version-history":[{"count":2,"href":"https:\/\/guenther-bestattungen.com\/pl\/wp-json\/wp\/v2\/pages\/1525\/revisions"}],"predecessor-version":[{"id":1732,"href":"https:\/\/guenther-bestattungen.com\/pl\/wp-json\/wp\/v2\/pages\/1525\/revisions\/1732"}],"wp:attachment":[{"href":"https:\/\/guenther-bestattungen.com\/pl\/wp-json\/wp\/v2\/media?parent=1525"}],"curies":[{"name":"wp","href":"https:\/\/api.w.org\/{rel}","templated":true}]}}