{"id":1543,"date":"2015-12-16T23:12:48","date_gmt":"2015-12-16T22:12:48","guid":{"rendered":"http:\/\/guenther-bestattungen.com\/pl\/kosten\/"},"modified":"2016-09-22T15:13:05","modified_gmt":"2016-09-22T13:13:05","slug":"kosten","status":"publish","type":"page","link":"https:\/\/guenther-bestattungen.com\/pl\/kosten\/","title":{"rendered":"Kosten"},"content":{"rendered":"<section class=\"wpb-content-wrapper\"><p>[vc_row][vc_column][vc_column_text]<\/p>\n<h3 style=\"text-align: center;\">Do koszt\u00f3w pogrzebu \/ formy poch\u00f3wku<\/h3>\n<p>[\/vc_column_text][vc_empty_space][vc_column_text]Szczeg\u00f3lnie w \u017ca\u0142obie, wa\u017cne jest, aby m\u00f3c ca\u0142kowicie polega\u0107 na profesjonalnym pogrzebie.<\/p>\n<p>Pogrzeb koszty zale\u017c\u0105 od wielu indywidualnych aspekt\u00f3w, takich jak indywidualne \u017cyczenia i mo\u017cliwo\u015bci finansowych. Ukierunkowane rada dla dok\u0142adnego wyja\u015bnienia koszt\u00f3w jest wi\u0119c konieczne.<\/p>\n<p>Tutaj, aby stworzy\u0107 kompletny katalog by\u0142oby bardzo k\u0142opotliwe i zale\u017cy od wielu szczeg\u00f3\u0142\u00f3w.<\/p>\n<p>Nie oferujemy tak zwane pakiety pogrzebowych, ale tylko to, co chcemy obliczy\u0107 rozbitk\u00f3w. To jest do opanowania kalkulacji.<\/p>\n<p>Zadzwo\u0144 do nas, aby um\u00f3wi\u0107 si\u0119 na konsultacj\u0119 nie obowi\u0105zek, a tak\u017ce w domu w mie\u015bcie i powiecie G\u00f6ttingen i Northeim.[\/vc_column_text][\/vc_column][\/vc_row]<\/p>\n<\/section>","protected":false},"excerpt":{"rendered":"<p>[vc_row][vc_column][vc_column_text] Do koszt\u00f3w pogrzebu \/ formy poch\u00f3wku [\/vc_column_text][vc_empty_space][vc_column_text]Szczeg\u00f3lnie w \u017ca\u0142obie, wa\u017cne jest, aby m\u00f3c ca\u0142kowicie polega\u0107 na profesjonalnym pogrzebie. Pogrzeb koszty zale\u017c\u0105 od wielu indywidualnych aspekt\u00f3w, takich jak indywidualne \u017cyczenia i mo\u017cliwo\u015bci finansowych. Ukierunkowane rada dla dok\u0142adnego wyja\u015bnienia koszt\u00f3w jest wi\u0119c konieczne. Tutaj, aby stworzy\u0107 kompletny katalog by\u0142oby bardzo k\u0142opotliwe i zale\u017cy od wielu szczeg\u00f3\u0142\u00f3w. [&hellip;]<\/p>\n","protected":false},"author":1,"featured_media":0,"parent":0,"menu_order":0,"comment_status":"closed","ping_status":"closed","template":"","meta":[],"_links":{"self":[{"href":"https:\/\/guenther-bestattungen.com\/pl\/wp-json\/wp\/v2\/pages\/1543"}],"collection":[{"href":"https:\/\/guenther-bestattungen.com\/pl\/wp-json\/wp\/v2\/pages"}],"about":[{"href":"https:\/\/guenther-bestattungen.com\/pl\/wp-json\/wp\/v2\/types\/page"}],"author":[{"embeddable":true,"href":"https:\/\/guenther-bestattungen.com\/pl\/wp-json\/wp\/v2\/users\/1"}],"replies":[{"embeddable":true,"href":"https:\/\/guenther-bestattungen.com\/pl\/wp-json\/wp\/v2\/comments?post=1543"}],"version-history":[{"count":2,"href":"https:\/\/guenther-bestattungen.com\/pl\/wp-json\/wp\/v2\/pages\/1543\/revisions"}],"predecessor-version":[{"id":1718,"href":"https:\/\/guenther-bestattungen.com\/pl\/wp-json\/wp\/v2\/pages\/1543\/revisions\/1718"}],"wp:attachment":[{"href":"https:\/\/guenther-bestattungen.com\/pl\/wp-json\/wp\/v2\/media?parent=1543"}],"curies":[{"name":"wp","href":"https:\/\/api.w.org\/{rel}","templated":true}]}}