{"id":1561,"date":"2015-12-16T23:13:12","date_gmt":"2015-12-16T22:13:12","guid":{"rendered":"http:\/\/guenther-bestattungen.com\/pl\/vorsorge\/"},"modified":"2016-09-22T16:11:32","modified_gmt":"2016-09-22T14:11:32","slug":"vorsorge","status":"publish","type":"page","link":"https:\/\/guenther-bestattungen.com\/pl\/vorsorge\/","title":{"rendered":"Vorsorge"},"content":{"rendered":"<section class=\"wpb-content-wrapper\"><p>[vc_row][vc_column][vc_column_text]<\/p>\n<h3 style=\"text-align: center;\">ostro\u017cno\u015b\u0107<\/h3>\n<p style=\"text-align: center;\">podj\u0105\u0107 \u015brodki ostro\u017cno\u015bci, daje dobre uczucie mie\u0107 kontrolowan\u0105 wszystko.<\/p>\n<p>[\/vc_column_text][vc_empty_space][\/vc_column][\/vc_row][vc_row][vc_column][vc_column_text]Podczas gdy wcze\u015bniej \u015bmier\u0107 uznano za nieod\u0142\u0105czn\u0105 cz\u0119\u015bci\u0105 \u017cycia, jest obecnie coraz bardziej marginalizowana. Nikt nie lubi my\u015ble\u0107 o \u015bmierci swojej rodziny, a nawet do ich w\u0142asnych. Ale tylko w tym sensie rodziny, wskazane jest, aby dokona\u0107 wcze\u015bniejszego przemy\u015blenia na temat \u015brodk\u00f3w, jakie nale\u017cy podj\u0105\u0107 w przypadku \u015bmierci.<\/p>\n<p>W pogrzebie umowy emerytalnej jest prawnie wi\u0105\u017c\u0105ce wymogi dotycz\u0105ce projektowania pogrzebu mo\u017ce pisa\u0107. Informacja o sposobie i formie pogrzebu stanowi\u0105 integraln\u0105 cz\u0119\u015b\u0107 umowy. Zabezpieczenie koszt\u00f3w mo\u017cna osi\u0105gn\u0105\u0107 poprzez utworzenie specjalnego konta bankowego.<\/p>\n<p>Jeste\u015bmy szcz\u0119\u015bliwi mog\u0105c pom\u00f3c sformu\u0142owa\u0107 swoje indywidualne \u017cyczenia projektowania pogrzeb w pogrzebowej umowy emerytalnej.<br \/>\nCho\u0107 wcze\u015bniej mia\u0142 wszystko ustawowego ubezpieczenia zdrowotnego maj\u0105 prawo do \u015bwiadcze\u0144 z tytu\u0142u \u015bmierci, \u015bwiadczenie z tytu\u0142u \u015bmierci zosta\u0142 usuni\u0119ty w ca\u0142o\u015bci z 1 1 2004. Dzi\u0119ki wyeliminowaniu \u015bwiadczenie z tytu\u0142u \u015bmierci z rosn\u0105cych op\u0142at komunalnych i stagnacji zatrudnienia i dochod\u00f3w emerytalnych, koszty pogrzebu dla tych pozostawionych cz\u0119sto niepomijalnym obci\u0105\u017cenia s\u0105.<\/p>\n<p>Aby z\u0142agodzi\u0107 \u017ca\u0142obie, ma sens wykupienia ubezpieczenia pogrzebowego. To pomaga unikn\u0105\u0107 konieczno\u015bci polegania na oszcz\u0119dno\u015bci lub renty rodzinnej w spe\u0142nianiu koszty pogrzebu.<\/p>\n<p>Nawet dla os\u00f3b starszych mo\u017ce by\u0107 realizowana przy relatywnie korzystnych warunkach odpowiadaj\u0105cych autonomiczne \u017cywop\u0142ot\u00f3w. Chcieliby\u015bmy z\u0142o\u017cy\u0107 indywidualnie dostosowan\u0105 ofert\u0119. Prosz\u0119 o kontakt w tej sprawie.<\/p>\n<p>Nasi partnerzy ubezpieczeniowych, mo\u017cemy zaoferowa\u0107 Tobie i Twojej rodzinie bezpieczne emerytury.[\/vc_column_text][\/vc_column][\/vc_row][vc_row][vc_column][vc_column_text]<\/p>\n<h3 style=\"text-align: center;\"><\/h3>\n<h3 style=\"text-align: center;\">testament<\/h3>\n<p>[\/vc_column_text][vc_empty_space][\/vc_column][\/vc_row][vc_row][vc_column][vc_column_text]W ka\u017cdym razie, ma to sens, aby stworzy\u0107 wol\u0119. Aby upewni\u0107 si\u0119, \u017ce wszystko jest zrobione awaryjne zgodnie z w\u0142asnymi \u017cyczeniami.<\/p>\n<p>Holograficzny wola musi by\u0107 odr\u0119cznie sporz\u0105dzony i podpisany. Pary mog\u0105 r\u00f3wnie\u017c opracowa\u0107 wsp\u00f3ln\u0105 wol\u0119. W tym przypadku obie strony musz\u0105 podpisa\u0107 odr\u0119cznie testament utworzony przez wsp\u00f3\u0142ma\u0142\u017conka.<\/p>\n<p>Upewni\u0107 si\u0119, \u017ce podpisy s\u0105 zawsze wykonane z pe\u0142nym imieniem i nazwiskiem. Aby unikn\u0105\u0107 Personenmissverst\u00e4ndnisse. Musisz by\u0107 pewny, aby utrzyma\u0107 miejsce i dat\u0119 zapisu. Je\u015bli chcesz mie\u0107 pewno\u015b\u0107, \u017ce b\u0119dzie teraz wprowadzi\u0107 w \u017cycie, wi\u0119c nale\u017cy wpisa\u0107 w s\u0105dzie rejonowym lub notariusza w oficjalnej areszcie.<\/p>\n<p>Zasadniczo, jeste\u015b wolny, aby okre\u015bli\u0107 w swojej woli, jak i na jakich warunkach powinny dziedziczy\u0107 co. Tylko obowi\u0105zkowa cz\u0119\u015b\u0107 nie masz kontroli.<\/p>\n<p>Po utworzeniu Testament mo\u017cna odwo\u0142a\u0107 w ka\u017cdej chwili. Bior\u0105c pod uwag\u0119 zniszczenia testamentu lub dokona\u0107 odr\u0119czna notatka &#8222;niewa\u017cny&#8221;. Nowa automatycznie ustawia poprzedni zawieszone.[\/vc_column_text][\/vc_column][\/vc_row]<\/p>\n<\/section>","protected":false},"excerpt":{"rendered":"<p>[vc_row][vc_column][vc_column_text] ostro\u017cno\u015b\u0107 podj\u0105\u0107 \u015brodki ostro\u017cno\u015bci, daje dobre uczucie mie\u0107 kontrolowan\u0105 wszystko. [\/vc_column_text][vc_empty_space][\/vc_column][\/vc_row][vc_row][vc_column][vc_column_text]Podczas gdy wcze\u015bniej \u015bmier\u0107 uznano za nieod\u0142\u0105czn\u0105 cz\u0119\u015bci\u0105 \u017cycia, jest obecnie coraz bardziej marginalizowana. Nikt nie lubi my\u015ble\u0107 o \u015bmierci swojej rodziny, a nawet do ich w\u0142asnych. Ale tylko w tym sensie rodziny, wskazane jest, aby dokona\u0107 wcze\u015bniejszego przemy\u015blenia na temat \u015brodk\u00f3w, jakie nale\u017cy [&hellip;]<\/p>\n","protected":false},"author":1,"featured_media":0,"parent":0,"menu_order":0,"comment_status":"closed","ping_status":"closed","template":"","meta":[],"_links":{"self":[{"href":"https:\/\/guenther-bestattungen.com\/pl\/wp-json\/wp\/v2\/pages\/1561"}],"collection":[{"href":"https:\/\/guenther-bestattungen.com\/pl\/wp-json\/wp\/v2\/pages"}],"about":[{"href":"https:\/\/guenther-bestattungen.com\/pl\/wp-json\/wp\/v2\/types\/page"}],"author":[{"embeddable":true,"href":"https:\/\/guenther-bestattungen.com\/pl\/wp-json\/wp\/v2\/users\/1"}],"replies":[{"embeddable":true,"href":"https:\/\/guenther-bestattungen.com\/pl\/wp-json\/wp\/v2\/comments?post=1561"}],"version-history":[{"count":3,"href":"https:\/\/guenther-bestattungen.com\/pl\/wp-json\/wp\/v2\/pages\/1561\/revisions"}],"predecessor-version":[{"id":1747,"href":"https:\/\/guenther-bestattungen.com\/pl\/wp-json\/wp\/v2\/pages\/1561\/revisions\/1747"}],"wp:attachment":[{"href":"https:\/\/guenther-bestattungen.com\/pl\/wp-json\/wp\/v2\/media?parent=1561"}],"curies":[{"name":"wp","href":"https:\/\/api.w.org\/{rel}","templated":true}]}}