{"id":1597,"date":"2015-12-16T23:13:01","date_gmt":"2015-12-16T22:13:01","guid":{"rendered":"http:\/\/guenther-bestattungen.com\/pl\/bestattungsarten\/"},"modified":"2016-09-22T17:41:25","modified_gmt":"2016-09-22T15:41:25","slug":"bestattungsarten","status":"publish","type":"page","link":"https:\/\/guenther-bestattungen.com\/pl\/bestattungsarten\/","title":{"rendered":"Bestattungsarten"},"content":{"rendered":"<section class=\"wpb-content-wrapper\"><p>[vc_row][vc_column width=&#8221;1\/3&#8243;][vc_column_text]<\/p>\n<p style=\"text-align: center;\"><a href=\"https:\/\/guenther-bestattungen.com\/pl\/bestattungsarten\/erd-feuerbestattungen\/\">Gliniane zak\u0142ad przeciwpo\u017carowe<\/a><\/p>\n<p>[\/vc_column_text]<figure class=\"sc_image  sc_image_shape_square\" style=\"margin-top:30px !important;\"><div style=\"padding: 0.4em; padding-bottom: 0;\"><img src=\"https:\/\/guenther-bestattungen.com\/wp-content\/uploads\/2015\/05\/Bild_1.jpg\" alt=\"\" \/><\/div><\/figure>[\/vc_column][vc_column width=&#8221;1\/3&#8243;][vc_column_text]<\/p>\n<p style=\"text-align: center;\"><a href=\"https:\/\/guenther-bestattungen.com\/pl\/bestattungsarten\/naturbestattungen\/\">naturalne poch\u00f3wki<\/a><\/p>\n<p>[\/vc_column_text]<figure class=\"sc_image  sc_image_shape_square\" style=\"margin-top:30px !important;\"><div style=\"padding: 0.4em; padding-bottom: 0;\"><img src=\"https:\/\/guenther-bestattungen.com\/wp-content\/uploads\/2015\/12\/natur-1.jpg\" alt=\"\" \/><\/div><\/figure>[\/vc_column][vc_column width=&#8221;1\/3&#8243;][vc_column_text]<\/p>\n<p style=\"text-align: center;\"><a href=\"https:\/\/guenther-bestattungen.com\/pl\/bestattungsarten\/seebestattungen\/\">pogrzeby morskie<\/a><\/p>\n<p>[\/vc_column_text]<figure class=\"sc_image  sc_image_shape_square\" style=\"margin-top:30px !important;\"><div style=\"padding: 0.4em; padding-bottom: 0;\"><img src=\"https:\/\/guenther-bestattungen.com\/wp-content\/uploads\/2015\/12\/see-1.jpg\" alt=\"\" \/><\/div><\/figure>[\/vc_column][\/vc_row][vc_row][vc_column][vc_empty_space][vc_column_text]<\/p>\n<p style=\"text-align: center;\"><strong>Aby uzyska\u0107 wi\u0119cej informacji, prosz\u0119 klikn\u0105\u0107 na odpowiedni poch\u00f3wku.\u00a0<\/strong><\/p>\n<p>[\/vc_column_text][\/vc_column][\/vc_row]<\/p>\n<\/section>","protected":false},"excerpt":{"rendered":"<p>[vc_row][vc_column width=&#8221;1\/3&#8243;][vc_column_text] Gliniane zak\u0142ad przeciwpo\u017carowe [\/vc_column_text][\/vc_column][vc_column width=&#8221;1\/3&#8243;][vc_column_text] naturalne poch\u00f3wki [\/vc_column_text][\/vc_column][vc_column width=&#8221;1\/3&#8243;][vc_column_text] pogrzeby morskie [\/vc_column_text][\/vc_column][\/vc_row][vc_row][vc_column][vc_empty_space][vc_column_text] Aby uzyska\u0107 wi\u0119cej informacji, prosz\u0119 klikn\u0105\u0107 na odpowiedni poch\u00f3wku.\u00a0 [\/vc_column_text][\/vc_column][\/vc_row]<\/p>\n","protected":false},"author":1,"featured_media":0,"parent":0,"menu_order":0,"comment_status":"closed","ping_status":"closed","template":"","meta":[],"_links":{"self":[{"href":"https:\/\/guenther-bestattungen.com\/pl\/wp-json\/wp\/v2\/pages\/1597"}],"collection":[{"href":"https:\/\/guenther-bestattungen.com\/pl\/wp-json\/wp\/v2\/pages"}],"about":[{"href":"https:\/\/guenther-bestattungen.com\/pl\/wp-json\/wp\/v2\/types\/page"}],"author":[{"embeddable":true,"href":"https:\/\/guenther-bestattungen.com\/pl\/wp-json\/wp\/v2\/users\/1"}],"replies":[{"embeddable":true,"href":"https:\/\/guenther-bestattungen.com\/pl\/wp-json\/wp\/v2\/comments?post=1597"}],"version-history":[{"count":3,"href":"https:\/\/guenther-bestattungen.com\/pl\/wp-json\/wp\/v2\/pages\/1597\/revisions"}],"predecessor-version":[{"id":1872,"href":"https:\/\/guenther-bestattungen.com\/pl\/wp-json\/wp\/v2\/pages\/1597\/revisions\/1872"}],"wp:attachment":[{"href":"https:\/\/guenther-bestattungen.com\/pl\/wp-json\/wp\/v2\/media?parent=1597"}],"curies":[{"name":"wp","href":"https:\/\/api.w.org\/{rel}","templated":true}]}}