{"id":1615,"date":"2015-12-20T11:47:06","date_gmt":"2015-12-20T10:47:06","guid":{"rendered":"http:\/\/guenther-bestattungen.com\/pl\/bestattungsarten\/erd-feuerbestattungen\/"},"modified":"2016-09-23T14:37:53","modified_gmt":"2016-09-23T12:37:53","slug":"erd-feuerbestattungen","status":"publish","type":"page","link":"https:\/\/guenther-bestattungen.com\/pl\/bestattungsarten\/erd-feuerbestattungen\/","title":{"rendered":"Erd-Feuerbestattungen"},"content":{"rendered":"<section class=\"wpb-content-wrapper\"><p>[vc_row][vc_column][vc_column_text]<\/p>\n<h3 style=\"text-align: center;\">Kremacje Ziemia<\/h3>\n<p>[\/vc_column_text][vc_empty_space][vc_column_text]Jak sama nazwa m\u00f3wi, zmar\u0142ego jest przekazywana bezpo\u015brednio do pogrzebu ziemi.<\/p>\n<p>Pogrzeb odbywa si\u0119 u krewnych, przyjaci\u00f3\u0142 i znajomych zmar\u0142ego odby\u0142 si\u0119 w Kaplicy danego cmentarza gr\u00f3b znajduje. W nast\u0119pstwie projektowane indywidualnie zgodnie z \u017cyczeniem zmar\u0142ego i uroczysto\u015bci rodzinnej, zmar\u0142ego odbywa si\u0119 w trumnie od przewo\u017anik\u00f3w cmentarnych z kaplicy do grobu miejscu, kt\u00f3re towarzysz\u0105 mu \u017ca\u0142obnik\u00f3w. Z Pastor lub g\u0142o\u015bnom\u00f3wi\u0105cy niekt\u00f3re ostatnie s\u0142owa s\u0105 wypowiedziane przy grobie zmar\u0142ego przed uk\u0142ada si\u0119 w jego miejsce spoczynku.<\/p>\n<p>R\u00f3\u017cne opcje pomagaj\u0105 nam wyrazi\u0107 nasze serdeczne uczucia. Ozdobione kwiatami sali pogrzebowej i ukwieconym trumny zapewni\u0107 pocieszaj\u0105ce wzrok i s\u0105 wyrazem uznania i czci zmar\u0142ego.[\/vc_column_text][vc_empty_space][\/vc_column][\/vc_row][vc_row][vc_column width=&#8221;1\/2&#8243;]<figure class=\"sc_image  sc_image_shape_square\"><div style=\"padding: 0.4em; padding-bottom: 0;\"><img src=\"https:\/\/guenther-bestattungen.com\/wp-content\/uploads\/2015\/12\/3123789.jpg\" alt=\"\" \/><\/div><\/figure>[\/vc_column][vc_column width=&#8221;1\/2&#8243;]<figure class=\"sc_image  sc_image_shape_square\"><div style=\"padding: 0.4em; padding-bottom: 0;\"><img src=\"https:\/\/guenther-bestattungen.com\/wp-content\/uploads\/2015\/12\/4451918.jpg\" alt=\"\" \/><\/div><\/figure>[\/vc_column][\/vc_row]<\/p>\n<\/section>","protected":false},"excerpt":{"rendered":"<p>[vc_row][vc_column][vc_column_text] Kremacje Ziemia [\/vc_column_text][vc_empty_space][vc_column_text]Jak sama nazwa m\u00f3wi, zmar\u0142ego jest przekazywana bezpo\u015brednio do pogrzebu ziemi. Pogrzeb odbywa si\u0119 u krewnych, przyjaci\u00f3\u0142 i znajomych zmar\u0142ego odby\u0142 si\u0119 w Kaplicy danego cmentarza gr\u00f3b znajduje. W nast\u0119pstwie projektowane indywidualnie zgodnie z \u017cyczeniem zmar\u0142ego i uroczysto\u015bci rodzinnej, zmar\u0142ego odbywa si\u0119 w trumnie od przewo\u017anik\u00f3w cmentarnych z kaplicy do grobu miejscu, [&hellip;]<\/p>\n","protected":false},"author":1,"featured_media":0,"parent":1597,"menu_order":0,"comment_status":"closed","ping_status":"closed","template":"","meta":[],"_links":{"self":[{"href":"https:\/\/guenther-bestattungen.com\/pl\/wp-json\/wp\/v2\/pages\/1615"}],"collection":[{"href":"https:\/\/guenther-bestattungen.com\/pl\/wp-json\/wp\/v2\/pages"}],"about":[{"href":"https:\/\/guenther-bestattungen.com\/pl\/wp-json\/wp\/v2\/types\/page"}],"author":[{"embeddable":true,"href":"https:\/\/guenther-bestattungen.com\/pl\/wp-json\/wp\/v2\/users\/1"}],"replies":[{"embeddable":true,"href":"https:\/\/guenther-bestattungen.com\/pl\/wp-json\/wp\/v2\/comments?post=1615"}],"version-history":[{"count":2,"href":"https:\/\/guenther-bestattungen.com\/pl\/wp-json\/wp\/v2\/pages\/1615\/revisions"}],"predecessor-version":[{"id":1888,"href":"https:\/\/guenther-bestattungen.com\/pl\/wp-json\/wp\/v2\/pages\/1615\/revisions\/1888"}],"up":[{"embeddable":true,"href":"https:\/\/guenther-bestattungen.com\/pl\/wp-json\/wp\/v2\/pages\/1597"}],"wp:attachment":[{"href":"https:\/\/guenther-bestattungen.com\/pl\/wp-json\/wp\/v2\/media?parent=1615"}],"curies":[{"name":"wp","href":"https:\/\/api.w.org\/{rel}","templated":true}]}}