{"id":1633,"date":"2015-12-20T11:47:24","date_gmt":"2015-12-20T10:47:24","guid":{"rendered":"http:\/\/guenther-bestattungen.com\/pl\/bestattungsarten\/naturbestattungen\/"},"modified":"2016-09-23T20:49:54","modified_gmt":"2016-09-23T18:49:54","slug":"naturbestattungen","status":"publish","type":"page","link":"https:\/\/guenther-bestattungen.com\/pl\/bestattungsarten\/naturbestattungen\/","title":{"rendered":"Naturbestattungen"},"content":{"rendered":"<section class=\"wpb-content-wrapper\"><p>[vc_row][vc_column][vc_column_text]<\/p>\n<h3 style=\"text-align: center;\">Naturalne poch\u00f3wki w Getyndze<\/h3>\n<p>[\/vc_column_text][vc_empty_space][vc_column_text]<em>Friedwald lub sma\u017cone Park na sad\u00f3w Stadtfriedhof- powa\u017cnego Parkfriedhof Junker Berg<\/em><\/p>\n<p>Pogrzeb drzewa w Friedwald zapewnia dla wszystkich ludzi alternatywa, kt\u00f3rzy chc\u0105 indywidualny i naturaln\u0105 poch\u00f3wku poza normalnymi cmentarzach.<\/p>\n<p>W Friedwald, naturalny kawa\u0142ek drewna, prochy zmar\u0142ego zostanie pochowany u st\u00f3p drzewa. To jest w zasadzie mo\u017cliwe, \u017ce drzewo z czasem ostatecznym miejscem odpoczynku dla ca\u0142ej rodziny mo\u017ce by\u0107. Je\u015bli jest planowane, kwestia Friedwald Pogrzeb nale\u017cy om\u00f3wi\u0107 z rodzin\u0105 i zaakceptowany przez wszystkie zainteresowane strony drzewa s\u0105 zaznaczone. &#8222;Drzewo rodziny&#8221;, a nast\u0119pnie ustawia cz\u0119sto, jak daleko wstecz jako centralny punkt odniesienia, niezale\u017cnie od tego centrum \u017cycia poszczeg\u00f3lnych cz\u0142onk\u00f3w rodziny.<\/p>\n<p>Friedwald drzewa s\u0105 dok\u0142adnie cartographically rejestrowane i wpisany do rejestru drzewa. Dok\u0142adne przedstawienie drzewa na planie obiektu pozwala w dowolnym momencie, aby znale\u017a\u0107 i zidentyfikowa\u0107. Jest r\u00f3wnie\u017c mo\u017cliwe, aby zapewni\u0107 drzewa ze znakiem, na kt\u00f3rej dane nie interred zmar\u0142y mo\u017ce by\u0107 wygrawerowany. Certyfikat wyr\u00f3\u017cnienie potwierdza prawo do korzystania z drzewa. Poprzez rejestracj\u0119 w wieczystej drzewa s\u0105 chronione do 99 lat w por\u00f3wnaniu wylesiania.<\/p>\n<p>Podobnie jak w tradycyjnych poch\u00f3wk\u00f3w, pogrzeb odbywa si\u0119 w domu zmar\u0142ego. Pogrzeb w Friedwald jest potem najbli\u017csza rodzina, cz\u0119sto r\u00f3wnie\u017c z udzia\u0142em duchownego lub g\u0142o\u015bnom\u00f3wi\u0105cy. (W zasadzie, jest to r\u00f3wnie\u017c mo\u017cliwe, pogrzeb urna z poch\u00f3wku wykonywa\u0107 lokalnie).<br \/>\nOczywi\u015bcie, wszyscy akceptuj\u0105 w zwi\u0105zku z Friedwald poch\u00f3wki wyst\u0119puj\u0105ce formalno\u015bci. Dbamy o kremacji i zorganizowa\u0107 pogrzeb.<\/p>\n<p>Potrzebujesz wi\u0119cej informacji o Friedwald poch\u00f3wk\u00f3w, prosz\u0119 odwiedzi\u0107 nast\u0119puj\u0105c\u0105 stron\u0119 internetow\u0105:<\/p>\n<p><span style=\"color: #000000;\"><a href=\"http:\/\/www.friedwald.de\/\">www.friedwald.de<\/a><br \/>\n<\/span>[\/vc_column_text][vc_empty_space][\/vc_column][\/vc_row][vc_row][vc_column][vc_column_text]<\/p>\n<h3 style=\"text-align: center;\">Alternatyw\u0105 dla Friedwald<\/h3>\n<p>[\/vc_column_text][vc_empty_space][\/vc_column][\/vc_row][vc_row][vc_column width=&#8221;1\/2&#8243;][vc_column_text]<\/p>\n<p style=\"text-align: center;\"><em>Fried Park na cmentarzu miasta G\u00f6ttingen<\/em><\/p>\n<p style=\"text-align: center;\">Osoba fizyczna i naturalne poch\u00f3wku na cmentarzu.<\/p>\n<p>[\/vc_column_text][vc_empty_space height=&#8221;15px&#8221;]<figure class=\"sc_image  sc_image_shape_square\"><div style=\"padding: 0.4em; padding-bottom: 0;\"><img src=\"https:\/\/guenther-bestattungen.com\/wp-content\/uploads\/2015\/12\/friedpark.jpg\" alt=\"\" \/><\/div><\/figure>[vc_empty_space height=&#8221;5px&#8221;][vc_column_text]<\/p>\n<p style=\"text-align: center;\"><a href=\"https:\/\/guenther-bestattungen.com\/wp-content\/uploads\/2015\/12\/Friedpark-Fotos.pdf\" target=\"_blank\">&#8211; wi\u0119cej informacji &#8211;\u00a0<\/a><\/p>\n<p>[\/vc_column_text][\/vc_column][vc_column width=&#8221;1\/2&#8243;][vc_column_text]<\/p>\n<p style=\"text-align: center;\"><em>Sady gr\u00f3b na cmentarzu Park Junker Berg<\/em><\/p>\n<p style=\"text-align: center;\">Osoba fizyczna i naturalne poch\u00f3wku na cmentarzu.<\/p>\n<p>[\/vc_column_text][vc_empty_space height=&#8221;15px&#8221;]<figure class=\"sc_image  sc_image_shape_square\"><div style=\"padding: 0.4em; padding-bottom: 0;\"><img src=\"https:\/\/guenther-bestattungen.com\/wp-content\/uploads\/2015\/12\/junkernberg.jpg\" alt=\"\" \/><\/div><\/figure>[vc_empty_space height=&#8221;5px&#8221;][vc_column_text]<\/p>\n<p style=\"text-align: center;\"><a href=\"https:\/\/guenther-bestattungen.com\/wp-content\/uploads\/2015\/12\/blatt1.pdf\" target=\"_blank\">&#8211; wi\u0119cej informacji &#8211;\u00a0<\/a><\/p>\n<p>[\/vc_column_text][\/vc_column][\/vc_row][vc_row][vc_column][vc_empty_space][vc_column_text]Pogrzeby s\u0105 oferowane w \u015brodowisku ziemnego jako witrynach spo\u0142eczno\u015bci ci\u0119\u017ckich na dw\u00f3ch cmentarzach komunalnych r\u00f3wnie\u017c. Wyb\u00f3r miejsca na gr\u00f3b urnach nie Grabbeet i mog\u0105 by\u0107 zastrze\u017cone w zakupie z wyprzedzeniem. Zobowi\u0105zanie do regularnej piel\u0119gnacji grobu usuni\u0119ty.<\/p>\n<p>Pogrzeb odbywa si\u0119 w przej\u015bciowym kapsu\u0142y popio\u0142u. Groby r\u00f3wnie\u017c dw\u00f3ch os\u00f3b z dwoma popio\u0142u kapsu\u0142ek na\u0142o\u017cone, do wyboru w rodzinnym grobowcu.<\/p>\n<p>Na \u017cyczenie istnieje mo\u017cliwo\u015b\u0107 znaku imiennego na pami\u0105tk\u0119 steli. Udzia\u0142 cz\u0142onk\u00f3w w poch\u00f3wku jest mo\u017cliwe. Koszt pogrzebu, nale\u017cy zapozna\u0107 si\u0119 z obowi\u0105zuj\u0105cymi ustawami op\u0142at cmentarnych. Go\u015bcie mog\u0105 r\u00f3wnie\u017c doradza administracji cmentarza w Parku Cmentarz Junker Berg w (0551) 400-5216.<\/p>\n<p>Dzia\u0142 &#8222;Owoce Wies gr\u00f3b&#8221; na Park Cemetery Junker Berg zosta\u0142 otwarty w 2006 roku. Charakter sadzie modelowanego stoj\u0119 tu 41 r\u00f3\u017cnych drzew owocowych w zr\u00f3\u017cnicowanym, kwitn\u0105ce \u0142\u0105ki. Ka\u017cde drzewo przypisane granitu Tele oferuje mo\u017cliwo\u015b\u0107 przechowywania \u017ca\u0142obn\u0105 bi\u017cuteri\u0119, a tak\u017ce z ma\u0142ym nazwy znacznika w \/ zmar\u0142ego \/ n do zapami\u0119tania.<\/p>\n<p>Na cmentarzu miasta od 2006 pod starymi drzewami mo\u017cliwo\u015b\u0107 grzebania w &#8222;Fried Park&#8221;. Od zabezpieczenie grabu ekranowany dominuj\u0105 cztery g\u0142\u00f3wne filary d\u0119bu Departamentu. Te stele uzyskano z miejscowych las\u00f3w i podejmuje symbolik\u0119 poch\u00f3wku drzewa przy ul.<\/p>\n<p>Ponownie, przechowywane \u017ca\u0142obn\u0105 bi\u017cuteri\u0119, a tag w za\u0142\u0105czeniu.[\/vc_column_text][\/vc_column][\/vc_row]<\/p>\n<\/section>","protected":false},"excerpt":{"rendered":"<p>[vc_row][vc_column][vc_column_text] Naturalne poch\u00f3wki w Getyndze [\/vc_column_text][vc_empty_space][vc_column_text]Friedwald lub sma\u017cone Park na sad\u00f3w Stadtfriedhof- powa\u017cnego Parkfriedhof Junker Berg Pogrzeb drzewa w Friedwald zapewnia dla wszystkich ludzi alternatywa, kt\u00f3rzy chc\u0105 indywidualny i naturaln\u0105 poch\u00f3wku poza normalnymi cmentarzach. W Friedwald, naturalny kawa\u0142ek drewna, prochy zmar\u0142ego zostanie pochowany u st\u00f3p drzewa. To jest w zasadzie mo\u017cliwe, \u017ce drzewo z czasem [&hellip;]<\/p>\n","protected":false},"author":1,"featured_media":0,"parent":1597,"menu_order":0,"comment_status":"closed","ping_status":"closed","template":"","meta":[],"_links":{"self":[{"href":"https:\/\/guenther-bestattungen.com\/pl\/wp-json\/wp\/v2\/pages\/1633"}],"collection":[{"href":"https:\/\/guenther-bestattungen.com\/pl\/wp-json\/wp\/v2\/pages"}],"about":[{"href":"https:\/\/guenther-bestattungen.com\/pl\/wp-json\/wp\/v2\/types\/page"}],"author":[{"embeddable":true,"href":"https:\/\/guenther-bestattungen.com\/pl\/wp-json\/wp\/v2\/users\/1"}],"replies":[{"embeddable":true,"href":"https:\/\/guenther-bestattungen.com\/pl\/wp-json\/wp\/v2\/comments?post=1633"}],"version-history":[{"count":3,"href":"https:\/\/guenther-bestattungen.com\/pl\/wp-json\/wp\/v2\/pages\/1633\/revisions"}],"predecessor-version":[{"id":1903,"href":"https:\/\/guenther-bestattungen.com\/pl\/wp-json\/wp\/v2\/pages\/1633\/revisions\/1903"}],"up":[{"embeddable":true,"href":"https:\/\/guenther-bestattungen.com\/pl\/wp-json\/wp\/v2\/pages\/1597"}],"wp:attachment":[{"href":"https:\/\/guenther-bestattungen.com\/pl\/wp-json\/wp\/v2\/media?parent=1633"}],"curies":[{"name":"wp","href":"https:\/\/api.w.org\/{rel}","templated":true}]}}