{"id":1651,"date":"2015-12-20T11:47:50","date_gmt":"2015-12-20T10:47:50","guid":{"rendered":"http:\/\/guenther-bestattungen.com\/pl\/bestattungsarten\/seebestattungen\/"},"modified":"2016-09-23T14:29:21","modified_gmt":"2016-09-23T12:29:21","slug":"seebestattungen","status":"publish","type":"page","link":"https:\/\/guenther-bestattungen.com\/pl\/bestattungsarten\/seebestattungen\/","title":{"rendered":"Seebestattungen"},"content":{"rendered":"<section class=\"wpb-content-wrapper\"><p>[vc_row][vc_column][vc_column_text]<\/p>\n<h3 style=\"text-align: center;\">pogrzeby morskie<\/h3>\n<p>[\/vc_column_text][vc_empty_space][vc_column_text]Morze jako miejsce spoczynku<\/p>\n<p>Cz\u0119sto wybieraj\u0105 osoby, kt\u00f3re mia\u0142y ju\u017c \u015bcis\u0142y zwi\u0105zek do morza \u017cywe, na ich miejsce spoczynku jak taki fascynuj\u0105cy, zmieniaj\u0105cym si\u0119 jak nad morzem. Ale dla os\u00f3b z ch\u0119ci\u0105 na specjalne po\u017cegnanie, pogrzeb na morzu doskona\u0142a alternatywa dla. Przyk\u0142ad Aby cmentarza. Symbolicznie zamyka poch\u00f3wku na morzu cyklu \u017cycia, poniewa\u017c woda jest uznawany za orygina\u0142 i o\u017cywiaj\u0105cym elementem.[\/vc_column_text][vc_empty_space][\/vc_column][\/vc_row][vc_row][vc_column width=&#8221;1\/2&#8243;]<figure class=\"sc_image  sc_image_shape_square\"><div style=\"padding: 0.4em; padding-bottom: 0;\"><img src=\"https:\/\/guenther-bestattungen.com\/wp-content\/uploads\/2015\/12\/see-1.jpg\" alt=\"\" \/><\/div><\/figure>[\/vc_column][vc_column width=&#8221;1\/2&#8243;]<figure class=\"sc_image  sc_image_shape_square\"><div style=\"padding: 0.4em; padding-bottom: 0;\"><img src=\"https:\/\/guenther-bestattungen.com\/wp-content\/uploads\/2015\/12\/see_2-1.jpg\" alt=\"\" \/><\/div><\/figure>[\/vc_column][\/vc_row]<\/p>\n<\/section>","protected":false},"excerpt":{"rendered":"<p>[vc_row][vc_column][vc_column_text] pogrzeby morskie [\/vc_column_text][vc_empty_space][vc_column_text]Morze jako miejsce spoczynku Cz\u0119sto wybieraj\u0105 osoby, kt\u00f3re mia\u0142y ju\u017c \u015bcis\u0142y zwi\u0105zek do morza \u017cywe, na ich miejsce spoczynku jak taki fascynuj\u0105cy, zmieniaj\u0105cym si\u0119 jak nad morzem. Ale dla os\u00f3b z ch\u0119ci\u0105 na specjalne po\u017cegnanie, pogrzeb na morzu doskona\u0142a alternatywa dla. Przyk\u0142ad Aby cmentarza. Symbolicznie zamyka poch\u00f3wku na morzu cyklu \u017cycia, poniewa\u017c [&hellip;]<\/p>\n","protected":false},"author":1,"featured_media":0,"parent":1597,"menu_order":0,"comment_status":"closed","ping_status":"closed","template":"","meta":[],"_links":{"self":[{"href":"https:\/\/guenther-bestattungen.com\/pl\/wp-json\/wp\/v2\/pages\/1651"}],"collection":[{"href":"https:\/\/guenther-bestattungen.com\/pl\/wp-json\/wp\/v2\/pages"}],"about":[{"href":"https:\/\/guenther-bestattungen.com\/pl\/wp-json\/wp\/v2\/types\/page"}],"author":[{"embeddable":true,"href":"https:\/\/guenther-bestattungen.com\/pl\/wp-json\/wp\/v2\/users\/1"}],"replies":[{"embeddable":true,"href":"https:\/\/guenther-bestattungen.com\/pl\/wp-json\/wp\/v2\/comments?post=1651"}],"version-history":[{"count":2,"href":"https:\/\/guenther-bestattungen.com\/pl\/wp-json\/wp\/v2\/pages\/1651\/revisions"}],"predecessor-version":[{"id":1880,"href":"https:\/\/guenther-bestattungen.com\/pl\/wp-json\/wp\/v2\/pages\/1651\/revisions\/1880"}],"up":[{"embeddable":true,"href":"https:\/\/guenther-bestattungen.com\/pl\/wp-json\/wp\/v2\/pages\/1597"}],"wp:attachment":[{"href":"https:\/\/guenther-bestattungen.com\/pl\/wp-json\/wp\/v2\/media?parent=1651"}],"curies":[{"name":"wp","href":"https:\/\/api.w.org\/{rel}","templated":true}]}}