{"id":1685,"date":"2015-12-16T23:10:17","date_gmt":"2015-12-16T22:10:17","guid":{"rendered":"http:\/\/guenther-bestattungen.com\/pl\/ueber-uns\/"},"modified":"2016-09-22T14:57:38","modified_gmt":"2016-09-22T12:57:38","slug":"ueber-uns","status":"publish","type":"page","link":"https:\/\/guenther-bestattungen.com\/pl\/ueber-uns\/","title":{"rendered":"\u00dcber uns"},"content":{"rendered":"<section class=\"wpb-content-wrapper\"><p>[vc_row][vc_column][vc_column_text]<\/p>\n<h3 style=\"text-align: center;\">Bestattungshaus G\u00fcnther G\u00f6ttingen<\/h3>\n<p>[\/vc_column_text][vc_empty_space][\/vc_column][\/vc_row][vc_row][vc_column width=&#8221;1\/3&#8243;]<figure class=\"sc_image  sc_image_shape_square\"><div style=\"padding: 0.4em; padding-bottom: 0;\"><img src=\"https:\/\/guenther-bestattungen.com\/wp-content\/uploads\/2015\/05\/Bild2.jpg\" alt=\"\" \/><\/div><\/figure><ul class=\"sc_list boxed_icon sc_list_style_iconed\"><li class=\"sc_list_item odd first\"><span class=\"sc_list_icon icon-home-1\"><\/span>[vc_column_text]Pfalz-Grona-Breite 86,\u00a037081 G\u00f6ttingen[\/vc_column_text]<\/li><li class=\"sc_list_item even\"><span class=\"sc_list_icon icon-smartphone\"><\/span>[vc_column_text]0551 \/ 50 48 30[\/vc_column_text]<\/li><li class=\"sc_list_item odd\"><span class=\"sc_list_icon icon-printer\"><\/span>[vc_column_text]0551 \/\u00a050 48 319[\/vc_column_text]<\/li><li class=\"sc_list_item even\"><span class=\"sc_list_icon icon-mail-2\"><\/span>[vc_column_text]<a href=\"mailto:info@guenther-bestattungen.de\">info@guenther-bestattungen.com<\/a>[\/vc_column_text]<\/li><\/ul>[\/vc_column][vc_column width=&#8221;2\/3&#8243;][vc_column_text]Nasze bogate do\u015bwiadczenie pozwala nam kompetentne i rzetelne wsparcie w \u017ca\u0142obie \u015bmierci.<\/p>\n<p>W obszarze emerytury osobistej, mo\u017cemy zaoferowa\u0107 obiektywne i profesjonalne doradztwo w tym zakresie. Oczywi\u015bcie, jeste\u015bmy do Pa\u0144stwa dyspozycji na wszystkie pytania w osobistej rozmowie. Gdy nast\u0105pi \u015bmier\u0107, b\u00f3l utraty bliskiej osoby komplikuje Pogodnie my\u015bli. W\u0142a\u015bnie wtedy jest do zrobienia mn\u00f3stwo papierkowej roboty i zada\u0144.<\/p>\n<p>Tu jeste\u015bmy wspiera\u0107 i doradcz\u0105 rol\u0119. Jeste\u015bmy Pa\u0144stwa powa\u017cnym i wiarygodnym partnerem, kt\u00f3ry zna wszystkich formalno\u015bci zwi\u0105zanych z pogrzebem, a nast\u0119pnie mo\u017cna je z\u0142agodzi\u0107.<\/p>\n<p>Zaufaj w tej trudnej sytuacji dla ciebie naszej rzetelnej i kompetentnej porady.<\/p>\n<p>Tw\u00f3j Bestattungshaus G\u00fcnther[\/vc_column_text][\/vc_column][\/vc_row]<\/p>\n<\/section>","protected":false},"excerpt":{"rendered":"<p>[vc_row][vc_column][vc_column_text] Bestattungshaus G\u00fcnther G\u00f6ttingen [\/vc_column_text][vc_empty_space][\/vc_column][\/vc_row][vc_row][vc_column width=&#8221;1\/3&#8243;][\/vc_column][vc_column width=&#8221;2\/3&#8243;][vc_column_text]Nasze bogate do\u015bwiadczenie pozwala nam kompetentne i rzetelne wsparcie w \u017ca\u0142obie \u015bmierci. W obszarze emerytury osobistej, mo\u017cemy zaoferowa\u0107 obiektywne i profesjonalne doradztwo w tym zakresie. Oczywi\u015bcie, jeste\u015bmy do Pa\u0144stwa dyspozycji na wszystkie pytania w osobistej rozmowie. Gdy nast\u0105pi \u015bmier\u0107, b\u00f3l utraty bliskiej osoby komplikuje Pogodnie my\u015bli. W\u0142a\u015bnie wtedy jest [&hellip;]<\/p>\n","protected":false},"author":1,"featured_media":0,"parent":0,"menu_order":0,"comment_status":"closed","ping_status":"closed","template":"","meta":[],"_links":{"self":[{"href":"https:\/\/guenther-bestattungen.com\/pl\/wp-json\/wp\/v2\/pages\/1685"}],"collection":[{"href":"https:\/\/guenther-bestattungen.com\/pl\/wp-json\/wp\/v2\/pages"}],"about":[{"href":"https:\/\/guenther-bestattungen.com\/pl\/wp-json\/wp\/v2\/types\/page"}],"author":[{"embeddable":true,"href":"https:\/\/guenther-bestattungen.com\/pl\/wp-json\/wp\/v2\/users\/1"}],"replies":[{"embeddable":true,"href":"https:\/\/guenther-bestattungen.com\/pl\/wp-json\/wp\/v2\/comments?post=1685"}],"version-history":[{"count":2,"href":"https:\/\/guenther-bestattungen.com\/pl\/wp-json\/wp\/v2\/pages\/1685\/revisions"}],"predecessor-version":[{"id":1709,"href":"https:\/\/guenther-bestattungen.com\/pl\/wp-json\/wp\/v2\/pages\/1685\/revisions\/1709"}],"wp:attachment":[{"href":"https:\/\/guenther-bestattungen.com\/pl\/wp-json\/wp\/v2\/media?parent=1685"}],"curies":[{"name":"wp","href":"https:\/\/api.w.org\/{rel}","templated":true}]}}