{"id":1513,"date":"2015-05-11T09:13:20","date_gmt":"2015-05-11T09:13:20","guid":{"rendered":"http:\/\/guenther-bestattungen.com\/tr\/homepage\/"},"modified":"2016-09-22T17:57:48","modified_gmt":"2016-09-22T15:57:48","slug":"homepage","status":"publish","type":"page","link":"https:\/\/guenther-bestattungen.com\/tr\/","title":{"rendered":"ev"},"content":{"rendered":"<section class=\"wpb-content-wrapper\"><p>[vc_row][vc_column css=&#8221;.vc_custom_1432042943665{padding-top: 5.5em !important;padding-bottom: 5em !important;background-image: url(https:\/\/guenther-bestattungen.com\/wp-content\/uploads\/2015\/05\/white_bg.jpg?id=332) !important;}&#8221;]<div class=\"sc_content content_wrap\" data-animation=\"animated fadeInUp normal\"><div class=\"sc_section\"><div class=\"columns_wrap sc_columns columns_nofluid sc_columns_count_2\"><div class=\"column-1_2 sc_column_item sc_column_item_1 odd first\"><figure class=\"sc_image  sc_image_shape_square\"><div style=\"padding: 0.4em; padding-bottom: 0;\"><img src=\"https:\/\/guenther-bestattungen.com\/wp-content\/uploads\/2015\/05\/Bild2.jpg\" alt=\"\" \/><\/div><\/figure><\/div><div class=\"column-1_2 sc_column_item sc_column_item_2 even\"><h2 class=\"sc_title sc_title_regular \" style=\"margin-top:0px;margin-bottom:0.15em;\">kar\u015f\u0131lama<\/h2>[vc_column_text]Yas, senin yan\u0131nda g\u00fcvenilir bir orta\u011fa sahip olmak \u00f6zellikle \u00f6nemlidir. Biz \u00fcyeleri ve hayatta kalanlar i\u00e7in duygusal stresli durumu hakk\u0131nda biliyorum.<\/p>\n<p>Bu y\u00fczden t\u00fcm bekleyen formaliteleri \u00f6zen ve organizasyon cenaze hizmeti talebi devralacak &#8211; cenaze hatip ya da rahip arac\u0131l\u0131\u011f\u0131 \u00e7i\u00e7ek d\u00fczenlemeleri. Tabii ki, biz ayr\u0131nt\u0131l\u0131 ve g\u00fcvenilir dan\u0131\u015fma i\u00e7in \u00e7ok fazla zaman al\u0131r. Biz ortaya \u00e7\u0131kan kararlara size destek ve deneyim ve uzmanl\u0131k bizim y\u0131ll\u0131k \u00f6neriyoruz.<\/p>\n<p>Bize g\u00fcvenin &#8211; bizim i\u015fimiz size yard\u0131mc\u0131 olmakt\u0131r.[\/vc_column_text]<\/div><\/div><\/div><\/div>[\/vc_column][\/vc_row][vc_row][vc_column]<div class=\"sc_section\"><div class=\"sc_content content_wrap\" data-animation=\"animated fadeInUp normal\" style=\"margin-top:1.8em !important;\"><h2 class=\"sc_title sc_title_regular sc_align_center fig_border\" style=\"text-align:center;\">Biz sizin i\u00e7in buraday\u0131z!<\/h2><div class=\"columns_wrap sc_columns columns_nofluid sc_columns_count_4 history_service\" style=\"margin-bottom:5em;\"><div class=\"column-1_4 sc_column_item sc_column_item_1 odd first\"><figure class=\"sc_image  sc_image_shape_square\" style=\"width:11.866em;\"><div style=\"padding: 0.4em; padding-bottom: 0;\"><img src=\"https:\/\/guenther-bestattungen.com\/wp-content\/uploads\/2015\/05\/service.jpg\" alt=\"\" \/><\/div><\/figure>[vc_column_text]<\/p>\n<p style=\"text-align: center;\"><a href=\"https:\/\/guenther-bestattungen.com\/tr\/service\/\">hizmet<\/a><\/p>\n<p>[\/vc_column_text]<\/div><div class=\"column-1_4 sc_column_item sc_column_item_2 even\"><figure class=\"sc_image  sc_image_shape_square\" style=\"width:11.866em;\"><div style=\"padding: 0.4em; padding-bottom: 0;\"><img src=\"https:\/\/guenther-bestattungen.com\/wp-content\/uploads\/2015\/05\/arten.jpg\" alt=\"\" \/><\/div><\/figure>[vc_column_text]<\/p>\n<p style=\"text-align: center;\"><a href=\"https:\/\/guenther-bestattungen.com\/tr\/bestattungsarten\/\">cenaze t\u00fcrler<\/a><\/p>\n<p>[\/vc_column_text]<\/div><div class=\"column-1_4 sc_column_item sc_column_item_3 odd\"><figure class=\"sc_image  sc_image_shape_square\" style=\"width:11.866em;\"><div style=\"padding: 0.4em; padding-bottom: 0;\"><img src=\"https:\/\/guenther-bestattungen.com\/wp-content\/uploads\/2015\/05\/vorsorge-1.jpg\" alt=\"\" \/><\/div><\/figure>[vc_column_text]<\/p>\n<p style=\"text-align: center;\"><a href=\"https:\/\/guenther-bestattungen.com\/tr\/vorsorge\/\">\u00f6nlem<\/a><\/p>\n<p>[\/vc_column_text]<\/div><div class=\"column-1_4 sc_column_item sc_column_item_4 even\"><figure class=\"sc_image  sc_image_shape_square\" style=\"width:11.866em;\"><div style=\"padding: 0.4em; padding-bottom: 0;\"><img src=\"https:\/\/guenther-bestattungen.com\/wp-content\/uploads\/2015\/05\/kosten.jpg\" alt=\"\" \/><\/div><\/figure>[vc_column_text]<\/p>\n<p style=\"text-align: center;\"><a href=\"https:\/\/guenther-bestattungen.com\/tr\/kosten\/\">maliyetler<\/a><\/p>\n<p>[\/vc_column_text]<\/div><\/div><\/div><\/div>[\/vc_column][\/vc_row][vc_row][vc_column]<!-- #TRX_GAP_START# --><div class=\"sc_parallax bg_tint_light\" style=\"width:100%;height:27.866em;color:#ffffff;\" data-parallax-speed=\"0.4\" data-parallax-x-pos=\"50%\" data-parallax-y-pos=\"50%\"><div class=\"sc_parallax_content\" style=\"background-image:url(https:\/\/guenther-bestattungen.com\/wp-content\/uploads\/2015\/05\/parallax-1.jpg); background-position:50% 50%;\">[vc_column_text css=&#8221;.vc_custom_1474548312766{margin-top: 9em !important;}&#8221;]<\/p>\n<h2 style=\"text-align: center;\"><span style=\"color: #ffffff;\">Bir ki\u015finin b\u0131rakabilirsiniz iyi \u015fey onu d\u00fc\u015f\u00fcnenlerin y\u00fcz\u00fcnde bir g\u00fcl\u00fcmseme.<\/span><\/h2>\n<p>[\/vc_column_text][vc_column_text css=&#8221;.vc_custom_1450461261529{margin-top: 1em !important;}&#8221;][\/vc_column_text]<\/div><\/div><!-- #TRX_GAP_END# -->[\/vc_column][\/vc_row]<\/p>\n<\/section>","protected":false},"excerpt":{"rendered":"<p>[vc_row][vc_column css=&#8221;.vc_custom_1432042943665{padding-top: 5.5em !important;padding-bottom: 5em !important;background-image: url(https:\/\/guenther-bestattungen.com\/wp-content\/uploads\/2015\/05\/white_bg.jpg?id=332) !important;}&#8221;][\/vc_column][\/vc_row][vc_row][vc_column][\/vc_column][\/vc_row][vc_row][vc_column][\/vc_column][\/vc_row]<\/p>\n","protected":false},"author":1,"featured_media":0,"parent":0,"menu_order":0,"comment_status":"open","ping_status":"open","template":"","meta":[],"_links":{"self":[{"href":"https:\/\/guenther-bestattungen.com\/tr\/wp-json\/wp\/v2\/pages\/1513"}],"collection":[{"href":"https:\/\/guenther-bestattungen.com\/tr\/wp-json\/wp\/v2\/pages"}],"about":[{"href":"https:\/\/guenther-bestattungen.com\/tr\/wp-json\/wp\/v2\/types\/page"}],"author":[{"embeddable":true,"href":"https:\/\/guenther-bestattungen.com\/tr\/wp-json\/wp\/v2\/users\/1"}],"replies":[{"embeddable":true,"href":"https:\/\/guenther-bestattungen.com\/tr\/wp-json\/wp\/v2\/comments?post=1513"}],"version-history":[{"count":3,"href":"https:\/\/guenther-bestattungen.com\/tr\/wp-json\/wp\/v2\/pages\/1513\/revisions"}],"predecessor-version":[{"id":1865,"href":"https:\/\/guenther-bestattungen.com\/tr\/wp-json\/wp\/v2\/pages\/1513\/revisions\/1865"}],"wp:attachment":[{"href":"https:\/\/guenther-bestattungen.com\/tr\/wp-json\/wp\/v2\/media?parent=1513"}],"curies":[{"name":"wp","href":"https:\/\/api.w.org\/{rel}","templated":true}]}}