{"id":1526,"date":"2015-12-16T23:11:55","date_gmt":"2015-12-16T22:11:55","guid":{"rendered":"http:\/\/guenther-bestattungen.com\/tr\/service\/"},"modified":"2016-09-22T15:46:23","modified_gmt":"2016-09-22T13:46:23","slug":"service","status":"publish","type":"page","link":"https:\/\/guenther-bestattungen.com\/tr\/service\/","title":{"rendered":"Service"},"content":{"rendered":"<section class=\"wpb-content-wrapper\"><p>[vc_row][vc_column][vc_column_text]<\/p>\n<h3 style=\"text-align: center;\">Yard\u0131m Bizim teklifimiz<\/h3>\n<p>[\/vc_column_text][vc_empty_space][\/vc_column][\/vc_row][vc_row][vc_column][vc_column_text]\u00d6zellikle yas i\u00e7inde, profesyonel bir cenaze t\u00f6reni tamamen g\u00fcvenmek m\u00fcmk\u00fcn olmak \u00f6nemlidir.<\/p>\n<p>Biz t\u00fcm formaliteleri almak ve g\u00fcvenle ve hassas \u00f6neriyoruz.<\/p>\n<p><strong>Hizmetlerimiz aras\u0131nda:<\/strong><\/p>\n<ul>\n<li>\u00d6neri ve destek vahim bir siteyi sat\u0131n<\/li>\n<li>Cenaze i\u00e7in t\u00fcm \u00f6rg\u00fctsel sorunlar\u0131n Handling<\/li>\n<li>Cenaze i\u00e7in papaz ya da hoparl\u00f6r Kiralama<\/li>\n<li>Sipari\u015f \u00e7i\u00e7ek s\u00fcslemeler (kaplard\u0131r tabut, \u00e7elenk, el buketleri, kilise s\u00fcsler)<br \/>\nT\u00f6ren salonun dekorasyonu<\/li>\n<li>Yas mektuplar, reklamlar ve Te\u015fekk\u00fcr \u00dcretimi<\/li>\n<li>T\u00fcm idari formalitelerin tamamlanmas\u0131 (\u00f6l\u00fcm sertifikalar\u0131, vb \u00f6l\u00fcm fonlar i\u00e7in ba\u015fvuran)<\/li>\n<li>\u00d6len ki\u015filerin nakliye (uluslararas\u0131)<\/li>\n<\/ul>\n<p>vb[\/vc_column_text][\/vc_column][\/vc_row]<\/p>\n<\/section>","protected":false},"excerpt":{"rendered":"<p>[vc_row][vc_column][vc_column_text] Yard\u0131m Bizim teklifimiz [\/vc_column_text][vc_empty_space][\/vc_column][\/vc_row][vc_row][vc_column][vc_column_text]\u00d6zellikle yas i\u00e7inde, profesyonel bir cenaze t\u00f6reni tamamen g\u00fcvenmek m\u00fcmk\u00fcn olmak \u00f6nemlidir. Biz t\u00fcm formaliteleri almak ve g\u00fcvenle ve hassas \u00f6neriyoruz. Hizmetlerimiz aras\u0131nda: \u00d6neri ve destek vahim bir siteyi sat\u0131n Cenaze i\u00e7in t\u00fcm \u00f6rg\u00fctsel sorunlar\u0131n Handling Cenaze i\u00e7in papaz ya da hoparl\u00f6r Kiralama Sipari\u015f \u00e7i\u00e7ek s\u00fcslemeler (kaplard\u0131r tabut, \u00e7elenk, el buketleri, [&hellip;]<\/p>\n","protected":false},"author":1,"featured_media":0,"parent":0,"menu_order":0,"comment_status":"closed","ping_status":"closed","template":"","meta":[],"_links":{"self":[{"href":"https:\/\/guenther-bestattungen.com\/tr\/wp-json\/wp\/v2\/pages\/1526"}],"collection":[{"href":"https:\/\/guenther-bestattungen.com\/tr\/wp-json\/wp\/v2\/pages"}],"about":[{"href":"https:\/\/guenther-bestattungen.com\/tr\/wp-json\/wp\/v2\/types\/page"}],"author":[{"embeddable":true,"href":"https:\/\/guenther-bestattungen.com\/tr\/wp-json\/wp\/v2\/users\/1"}],"replies":[{"embeddable":true,"href":"https:\/\/guenther-bestattungen.com\/tr\/wp-json\/wp\/v2\/comments?post=1526"}],"version-history":[{"count":2,"href":"https:\/\/guenther-bestattungen.com\/tr\/wp-json\/wp\/v2\/pages\/1526\/revisions"}],"predecessor-version":[{"id":1733,"href":"https:\/\/guenther-bestattungen.com\/tr\/wp-json\/wp\/v2\/pages\/1526\/revisions\/1733"}],"wp:attachment":[{"href":"https:\/\/guenther-bestattungen.com\/tr\/wp-json\/wp\/v2\/media?parent=1526"}],"curies":[{"name":"wp","href":"https:\/\/api.w.org\/{rel}","templated":true}]}}