{"id":1544,"date":"2015-12-16T23:12:48","date_gmt":"2015-12-16T22:12:48","guid":{"rendered":"http:\/\/guenther-bestattungen.com\/tr\/kosten\/"},"modified":"2016-09-22T15:13:52","modified_gmt":"2016-09-22T13:13:52","slug":"kosten","status":"publish","type":"page","link":"https:\/\/guenther-bestattungen.com\/tr\/kosten\/","title":{"rendered":"Kosten"},"content":{"rendered":"<section class=\"wpb-content-wrapper\"><p>[vc_row][vc_column][vc_column_text]<\/p>\n<h3 style=\"text-align: center;\">Defin cenaze masraflar\u0131 \/ formlar<\/h3>\n<p>[\/vc_column_text][vc_empty_space][vc_column_text]\u00d6zellikle yas i\u00e7inde, profesyonel bir cenaze t\u00f6reni tamamen g\u00fcvenmek m\u00fcmk\u00fcn olmak \u00f6nemlidir.<\/p>\n<p>Maliyet cenaze gibi bireysel arzular\u0131 veya mali bir f\u0131rsat olarak bir\u00e7ok bireysel y\u00f6nleri ba\u011fl\u0131d\u0131r. Maliyetlerin kesin a\u00e7\u0131klama i\u00e7in hedeflenen tavsiye gereklidir.<\/p>\n<p>Burada \u00e7ok karma\u015f\u0131k olaca\u011f\u0131n\u0131 tam bir katalog olu\u015fturmak ve pek \u00e7ok detay ba\u011fl\u0131d\u0131r i\u00e7in.<\/p>\n<p>Biz s\u00f6zde cenaze paketleri sunan, ancak hayatta kalanlar istediklerini hesaplamak yok. Bu y\u00f6netilebilir bir hesaplama oldu\u011funu.<\/p>\n<p>Bizi aray\u0131n ve ayn\u0131 zamanda \u015fehir ve il\u00e7e G\u00f6ttingen ve Northeim evde, y\u00fck\u00fcml\u00fcl\u00fc\u011f\u00fc olmaks\u0131z\u0131n randevu.[\/vc_column_text][\/vc_column][\/vc_row]<\/p>\n<\/section>","protected":false},"excerpt":{"rendered":"<p>[vc_row][vc_column][vc_column_text] Defin cenaze masraflar\u0131 \/ formlar [\/vc_column_text][vc_empty_space][vc_column_text]\u00d6zellikle yas i\u00e7inde, profesyonel bir cenaze t\u00f6reni tamamen g\u00fcvenmek m\u00fcmk\u00fcn olmak \u00f6nemlidir. Maliyet cenaze gibi bireysel arzular\u0131 veya mali bir f\u0131rsat olarak bir\u00e7ok bireysel y\u00f6nleri ba\u011fl\u0131d\u0131r. Maliyetlerin kesin a\u00e7\u0131klama i\u00e7in hedeflenen tavsiye gereklidir. Burada \u00e7ok karma\u015f\u0131k olaca\u011f\u0131n\u0131 tam bir katalog olu\u015fturmak ve pek \u00e7ok detay ba\u011fl\u0131d\u0131r i\u00e7in. Biz s\u00f6zde [&hellip;]<\/p>\n","protected":false},"author":1,"featured_media":0,"parent":0,"menu_order":0,"comment_status":"closed","ping_status":"closed","template":"","meta":[],"_links":{"self":[{"href":"https:\/\/guenther-bestattungen.com\/tr\/wp-json\/wp\/v2\/pages\/1544"}],"collection":[{"href":"https:\/\/guenther-bestattungen.com\/tr\/wp-json\/wp\/v2\/pages"}],"about":[{"href":"https:\/\/guenther-bestattungen.com\/tr\/wp-json\/wp\/v2\/types\/page"}],"author":[{"embeddable":true,"href":"https:\/\/guenther-bestattungen.com\/tr\/wp-json\/wp\/v2\/users\/1"}],"replies":[{"embeddable":true,"href":"https:\/\/guenther-bestattungen.com\/tr\/wp-json\/wp\/v2\/comments?post=1544"}],"version-history":[{"count":2,"href":"https:\/\/guenther-bestattungen.com\/tr\/wp-json\/wp\/v2\/pages\/1544\/revisions"}],"predecessor-version":[{"id":1719,"href":"https:\/\/guenther-bestattungen.com\/tr\/wp-json\/wp\/v2\/pages\/1544\/revisions\/1719"}],"wp:attachment":[{"href":"https:\/\/guenther-bestattungen.com\/tr\/wp-json\/wp\/v2\/media?parent=1544"}],"curies":[{"name":"wp","href":"https:\/\/api.w.org\/{rel}","templated":true}]}}