{"id":1562,"date":"2015-12-16T23:13:12","date_gmt":"2015-12-16T22:13:12","guid":{"rendered":"http:\/\/guenther-bestattungen.com\/tr\/vorsorge\/"},"modified":"2016-09-22T16:13:03","modified_gmt":"2016-09-22T14:13:03","slug":"vorsorge","status":"publish","type":"page","link":"https:\/\/guenther-bestattungen.com\/tr\/vorsorge\/","title":{"rendered":"Vorsorge"},"content":{"rendered":"<section class=\"wpb-content-wrapper\"><p>[vc_row][vc_column][vc_column_text]<\/p>\n<h3 style=\"text-align: center;\">\u00f6nlem<\/h3>\n<p style=\"text-align: center;\">\u00f6nlemleri almak, kontroll\u00fc her \u015feye sahip iyi bir duygu veriyor.<\/p>\n<p>[\/vc_column_text][vc_empty_space][\/vc_column][\/vc_row][vc_row][vc_column][vc_column_text]Daha \u00f6nce \u00f6l\u00fcm ya\u015fam\u0131n ayr\u0131lmaz bir par\u00e7as\u0131 olarak kabul edildi Oysa, art\u0131k giderek marjinal hale gelmektedir. Kimse ailesinin, hatta kendi \u00f6l\u00fcm hakk\u0131nda d\u00fc\u015f\u00fcnmek i\u00e7in seviyor. Ama sadece aile anlam\u0131nda, \u00f6nlemlere erken d\u00fc\u015f\u00fcnceler \u00f6l\u00fcm\u00fc halinde al\u0131nacak yap\u0131lmas\u0131 tavsiye edilir.<\/p>\n<p>Bir cenaze emeklilik s\u00f6zle\u015fmesinde yasal yazabilirsiniz cenaze tasar\u0131m\u0131 i\u00e7in gereksinimleri ba\u011flay\u0131c\u0131d\u0131r. \u015fekilde ve cenaze formdaki bilgiler s\u00f6zle\u015fmenin ayr\u0131lmaz bir par\u00e7as\u0131d\u0131r. maliyet korunma \u00f6zel banka hesab\u0131 kurulmas\u0131 yoluyla yap\u0131labilir.<\/p>\n<p>Biz bir cenaze emeklilik s\u00f6zle\u015fmesi i\u00e7in cenaze tasar\u0131m\u0131 i\u00e7in bireysel isteklerini form\u00fcle yard\u0131mc\u0131 olmaktan memnuniyet duyar\u0131z.<br \/>\nDaha \u00f6nce \u00f6l\u00fcm ayl\u0131\u011f\u0131 almaya hak kazan\u0131rlar t\u00fcm yasal sa\u011fl\u0131k sigortas\u0131 varken, \u00f6l\u00fcm yard\u0131m\u0131 2004 1 1 tamamen silindi. olmayan bir ihmal y\u00fck\u00fc genellikle geride olanlar i\u00e7in y\u00fckselen toplumsal aidat ve durgun istihdam ve emeklilik geliri, cenaze giderleri ile \u00f6l\u00fcm paras\u0131 ortadan kald\u0131rarak vard\u0131r.<\/p>\n<p>yasl\u0131 rahatlatmak i\u00e7in, cenaze sigortas\u0131 yapt\u0131rmak mant\u0131kl\u0131. Bu tasarruf veya cenaze masraflar\u0131n\u0131 kar\u015f\u0131lamada dul ve yetim ayl\u0131\u011f\u0131 g\u00fcvenmek zorunda kalmamak yard\u0131mc\u0131 olur.<\/p>\n<p>Hatta ya\u015fl\u0131 insanlar i\u00e7in \u00f6zerk \u00e7itlerin gelen nispeten olumlu ko\u015fullarda ger\u00e7ekle\u015ftirilebilir. Biz ki\u015fiye \u00f6zel bir teklif sunmak istiyorum. Bu konuda bizimle irtibata ge\u00e7iniz.<\/p>\n<p>Bizim sigorta ortaklar\u0131, biz size ve ailenize g\u00fcvenli bir emeklilik sunabilir.[\/vc_column_text][\/vc_column][\/vc_row][vc_row][vc_column][vc_column_text]<\/p>\n<h3 style=\"text-align: center;\"><\/h3>\n<h3 style=\"text-align: center;\">vasiyetname<\/h3>\n<p>[\/vc_column_text][vc_empty_space][\/vc_column][\/vc_row][vc_row][vc_column][vc_column_text]Herhangi bir durumda, bir irade olu\u015fturmak i\u00e7in mant\u0131kl\u0131. Acil t\u00fcm isteklerine g\u00f6re yap\u0131ld\u0131\u011f\u0131ndan emin olun.<\/p>\n<p>holografik irade haz\u0131rlanan ve imzalanan el yaz\u0131s\u0131yla gerekir. \u00c7iftler ayr\u0131ca ortak bir irade kadar \u00e7izebilirsiniz. Bu durumda, her iki e\u015f taraf\u0131ndan olu\u015fturulan vasiyetname el yaz\u0131s\u0131yla imzalamas\u0131 gerekmektedir.<\/p>\n<p>imzalar her zaman tam ad ve soyad\u0131 ile yap\u0131l\u0131r emin olun. Personenmissverst\u00e4ndnisse \u00f6nlemek i\u00e7in. Ayr\u0131ca yaz\u0131l\u0131 tarihini ve yerini tutmak i\u00e7in emin olmal\u0131d\u0131r. E\u011fer irade \u015fimdi y\u00fcr\u00fcrl\u00fc\u011fe girer emin olmak istiyorsan\u0131z, bu y\u00fczden b\u00f6lge mahkemesi ya da resmi g\u00f6zalt\u0131nda noter it at girin.<\/p>\n<p>Temel olarak, \u015fartlar neyi miras nas\u0131l ve hangi alt\u0131nda kimin iradesi belirlemek i\u00e7in \u00fccretsizdir. Sadece zorunlu k\u0131sm\u0131 hi\u00e7bir kontrole sahip.<\/p>\n<p>Ahit olu\u015fturulan kez istedi\u011finiz zaman iptal edebilirsiniz. Verilen iradesini yok ya yaz\u0131l\u0131 bir not &#8220;ge\u00e7ersiz&#8221; olun. Yeni olacakt\u0131r Bir otomatik olarak ask\u0131ya \u00f6nceki ayarlar.[\/vc_column_text][\/vc_column][\/vc_row]<\/p>\n<\/section>","protected":false},"excerpt":{"rendered":"<p>[vc_row][vc_column][vc_column_text] \u00f6nlem \u00f6nlemleri almak, kontroll\u00fc her \u015feye sahip iyi bir duygu veriyor. [\/vc_column_text][vc_empty_space][\/vc_column][\/vc_row][vc_row][vc_column][vc_column_text]Daha \u00f6nce \u00f6l\u00fcm ya\u015fam\u0131n ayr\u0131lmaz bir par\u00e7as\u0131 olarak kabul edildi Oysa, art\u0131k giderek marjinal hale gelmektedir. Kimse ailesinin, hatta kendi \u00f6l\u00fcm hakk\u0131nda d\u00fc\u015f\u00fcnmek i\u00e7in seviyor. Ama sadece aile anlam\u0131nda, \u00f6nlemlere erken d\u00fc\u015f\u00fcnceler \u00f6l\u00fcm\u00fc halinde al\u0131nacak yap\u0131lmas\u0131 tavsiye edilir. Bir cenaze emeklilik s\u00f6zle\u015fmesinde yasal [&hellip;]<\/p>\n","protected":false},"author":1,"featured_media":0,"parent":0,"menu_order":0,"comment_status":"closed","ping_status":"closed","template":"","meta":[],"_links":{"self":[{"href":"https:\/\/guenther-bestattungen.com\/tr\/wp-json\/wp\/v2\/pages\/1562"}],"collection":[{"href":"https:\/\/guenther-bestattungen.com\/tr\/wp-json\/wp\/v2\/pages"}],"about":[{"href":"https:\/\/guenther-bestattungen.com\/tr\/wp-json\/wp\/v2\/types\/page"}],"author":[{"embeddable":true,"href":"https:\/\/guenther-bestattungen.com\/tr\/wp-json\/wp\/v2\/users\/1"}],"replies":[{"embeddable":true,"href":"https:\/\/guenther-bestattungen.com\/tr\/wp-json\/wp\/v2\/comments?post=1562"}],"version-history":[{"count":2,"href":"https:\/\/guenther-bestattungen.com\/tr\/wp-json\/wp\/v2\/pages\/1562\/revisions"}],"predecessor-version":[{"id":1748,"href":"https:\/\/guenther-bestattungen.com\/tr\/wp-json\/wp\/v2\/pages\/1562\/revisions\/1748"}],"wp:attachment":[{"href":"https:\/\/guenther-bestattungen.com\/tr\/wp-json\/wp\/v2\/media?parent=1562"}],"curies":[{"name":"wp","href":"https:\/\/api.w.org\/{rel}","templated":true}]}}