{"id":1616,"date":"2015-12-20T11:47:06","date_gmt":"2015-12-20T10:47:06","guid":{"rendered":"http:\/\/guenther-bestattungen.com\/tr\/bestattungsarten\/erd-feuerbestattungen\/"},"modified":"2016-09-23T14:38:34","modified_gmt":"2016-09-23T12:38:34","slug":"erd-feuerbestattungen","status":"publish","type":"page","link":"https:\/\/guenther-bestattungen.com\/tr\/bestattungsarten\/erd-feuerbestattungen\/","title":{"rendered":"Erd-Feuerbestattungen"},"content":{"rendered":"<section class=\"wpb-content-wrapper\"><p>[vc_row][vc_column][vc_column_text]<\/p>\n<h3 style=\"text-align: center;\">D\u00fcnya cremations<\/h3>\n<p>[\/vc_column_text][vc_empty_space][vc_column_text]Ad\u0131ndan da anla\u015f\u0131laca\u011f\u0131 gibi, \u00f6len toprak cenazesi do\u011frudan ge\u00e7irilir.<\/p>\n<p>Cenaze mezar bulundu\u011fu ile ilgili mezarl\u0131k \u015fapeli d\u00fczenlenen akraba, arkada\u015f ve \u00f6l\u00fcn\u00fcn tan\u0131d\u0131klar\u0131 ile ger\u00e7ekle\u015fir. A\u015fa\u011f\u0131daki tek tek ona yasl\u0131 kalabal\u0131\u011fa e\u015flik \u00f6l\u00fcn\u00fcn isteklerine ve aile t\u00f6reni, \u00f6len mezar siteye \u015eapel mezarl\u0131k ta\u015f\u0131y\u0131c\u0131lar\u0131 onun tabutuna yap\u0131l\u0131r, uygun olarak tasarlanm\u0131\u015ft\u0131r. \u00d6len yapt\u0131\u011f\u0131 son dinlenme yeri olarak serilir \u00f6nce Pastor veya hoparl\u00f6rden baz\u0131 son s\u00f6zler mezar\u0131nda konu\u015fulmaktad\u0131r.<\/p>\n<p>\u00c7e\u015fitli se\u00e7enekler bize i\u00e7ten duygular\u0131n\u0131 ifade etmek yard\u0131mc\u0131 olur. \u00c7i\u00e7ekler cenaze salonu ve \u00e7i\u00e7ekli tabut ile s\u00fcslenmi\u015f bir rahatlat\u0131c\u0131 g\u00f6r\u00fc\u015f sa\u011flar ve ayn\u0131 zamanda \u00f6len takdir ve onur bir ifadesidir.[\/vc_column_text][vc_empty_space][\/vc_column][\/vc_row][vc_row][vc_column width=&#8221;1\/2&#8243;]<figure class=\"sc_image  sc_image_shape_square\"><div style=\"padding: 0.4em; padding-bottom: 0;\"><img src=\"https:\/\/guenther-bestattungen.com\/wp-content\/uploads\/2015\/12\/3123789.jpg\" alt=\"\" \/><\/div><\/figure>[\/vc_column][vc_column width=&#8221;1\/2&#8243;]<figure class=\"sc_image  sc_image_shape_square\"><div style=\"padding: 0.4em; padding-bottom: 0;\"><img src=\"https:\/\/guenther-bestattungen.com\/wp-content\/uploads\/2015\/12\/4451918.jpg\" alt=\"\" \/><\/div><\/figure>[\/vc_column][\/vc_row]<\/p>\n<\/section>","protected":false},"excerpt":{"rendered":"<p>[vc_row][vc_column][vc_column_text] D\u00fcnya cremations [\/vc_column_text][vc_empty_space][vc_column_text]Ad\u0131ndan da anla\u015f\u0131laca\u011f\u0131 gibi, \u00f6len toprak cenazesi do\u011frudan ge\u00e7irilir. Cenaze mezar bulundu\u011fu ile ilgili mezarl\u0131k \u015fapeli d\u00fczenlenen akraba, arkada\u015f ve \u00f6l\u00fcn\u00fcn tan\u0131d\u0131klar\u0131 ile ger\u00e7ekle\u015fir. A\u015fa\u011f\u0131daki tek tek ona yasl\u0131 kalabal\u0131\u011fa e\u015flik \u00f6l\u00fcn\u00fcn isteklerine ve aile t\u00f6reni, \u00f6len mezar siteye \u015eapel mezarl\u0131k ta\u015f\u0131y\u0131c\u0131lar\u0131 onun tabutuna yap\u0131l\u0131r, uygun olarak tasarlanm\u0131\u015ft\u0131r. \u00d6len yapt\u0131\u011f\u0131 son dinlenme [&hellip;]<\/p>\n","protected":false},"author":1,"featured_media":0,"parent":1598,"menu_order":0,"comment_status":"closed","ping_status":"closed","template":"","meta":[],"_links":{"self":[{"href":"https:\/\/guenther-bestattungen.com\/tr\/wp-json\/wp\/v2\/pages\/1616"}],"collection":[{"href":"https:\/\/guenther-bestattungen.com\/tr\/wp-json\/wp\/v2\/pages"}],"about":[{"href":"https:\/\/guenther-bestattungen.com\/tr\/wp-json\/wp\/v2\/types\/page"}],"author":[{"embeddable":true,"href":"https:\/\/guenther-bestattungen.com\/tr\/wp-json\/wp\/v2\/users\/1"}],"replies":[{"embeddable":true,"href":"https:\/\/guenther-bestattungen.com\/tr\/wp-json\/wp\/v2\/comments?post=1616"}],"version-history":[{"count":2,"href":"https:\/\/guenther-bestattungen.com\/tr\/wp-json\/wp\/v2\/pages\/1616\/revisions"}],"predecessor-version":[{"id":1889,"href":"https:\/\/guenther-bestattungen.com\/tr\/wp-json\/wp\/v2\/pages\/1616\/revisions\/1889"}],"up":[{"embeddable":true,"href":"https:\/\/guenther-bestattungen.com\/tr\/wp-json\/wp\/v2\/pages\/1598"}],"wp:attachment":[{"href":"https:\/\/guenther-bestattungen.com\/tr\/wp-json\/wp\/v2\/media?parent=1616"}],"curies":[{"name":"wp","href":"https:\/\/api.w.org\/{rel}","templated":true}]}}