{"id":1634,"date":"2015-12-20T11:47:24","date_gmt":"2015-12-20T10:47:24","guid":{"rendered":"http:\/\/guenther-bestattungen.com\/tr\/bestattungsarten\/naturbestattungen\/"},"modified":"2016-09-23T20:52:23","modified_gmt":"2016-09-23T18:52:23","slug":"naturbestattungen","status":"publish","type":"page","link":"https:\/\/guenther-bestattungen.com\/tr\/bestattungsarten\/naturbestattungen\/","title":{"rendered":"Naturbestattungen"},"content":{"rendered":"<section class=\"wpb-content-wrapper\"><p>[vc_row][vc_column][vc_column_text]<\/p>\n<h3 style=\"text-align: center;\">G\u00f6ttingen&#8217;de do\u011fal g\u00f6m\u00fcler<\/h3>\n<p>[\/vc_column_text][vc_empty_space][vc_column_text]<em>Fried Park Stadtfriedhof- bah\u00e7eleri mezar Parkfriedhof Junker Berg \u00fczerine Friedwald veya<\/em><\/p>\n<p>Bir Friedwald a\u011fa\u00e7 mezar, normal mezarl\u0131klar d\u0131\u015f\u0131nda bir birey ve do\u011fal cenaze istedi\u011finiz t\u00fcm insanlar bir alternatif sa\u011flar.<\/p>\n<p>Friedwald olarak, ah\u015fap do\u011fal bir par\u00e7as\u0131, \u00f6len ki\u015finin k\u00fclleri bir a\u011fac\u0131n dibinde topra\u011fa verilecek. Zamanla bir a\u011fa\u00e7 bir b\u00fct\u00fcn aile i\u00e7in son dinlenme yeri olabilir temelde m\u00fcmk\u00fcnd\u00fcr. Bu planlanan, sorun Friedwald cenaze aile ile g\u00f6r\u00fc\u015f\u00fclerek se\u00e7ilen t\u00fcm payda\u015flar\u0131n a\u011fa\u00e7 taraf\u0131ndan kabul edilmelidir. &#8220;Soya\u011fac\u0131&#8221; sonra ne olursa olsun bireysel aile \u00fcyelerinin ya\u015fam merkezinin, s\u0131k s\u0131k kadar geri bir referans merkezi noktas\u0131 olarak ayarlar.<\/p>\n<p>Friedwald a\u011fa\u00e7lar tam kartografik kaydedilir ve a\u011fa\u00e7 defterine girilir. Site plan\u0131 \u00fczerinde a\u011fac\u0131n tam temsil bulmak ve tan\u0131mlamak i\u00e7in herhangi bir zamanda izin verir. Orada hayatta defnedildi veri oyulmu\u015f edilebilir bir i\u015faret ile a\u011fa\u00e7 sa\u011flamak da m\u00fcmk\u00fcnd\u00fcr. \u00d6d\u00fcl belgesi a\u011fac\u0131n\u0131n kullan\u0131m hakk\u0131n\u0131 onaylar. A\u011fac\u0131n Tapu kay\u0131t 99 y\u0131la kadar korunur taraf\u0131ndan ormans\u0131zla\u015fma kar\u015f\u0131la\u015ft\u0131rd\u0131k.<\/p>\n<p>Geleneksel g\u00f6m\u00fc oldu\u011fu gibi, cenaze merhumun evinde ger\u00e7ekle\u015fir. Friedwald cenaze daha sonra s\u0131k s\u0131k ayn\u0131 zamanda bir din adam\u0131 ya da free hoparl\u00f6r i\u00e7eren daha sonra yak\u0131n aile vard\u0131r. (\u0130lke olarak, g\u00f6m\u00fclmesi ile cenaze kap yerel olarak ger\u00e7ekle\u015ftirmek de m\u00fcmk\u00fcnd\u00fcr.)<br \/>\nTabii ki, hepimiz Friedwald g\u00f6m\u00fcler formaliteleri meydana ile ba\u011flant\u0131l\u0131 olarak kabul ediyoruz. Biz kremasyon \u00f6zen ve cenaze d\u00fczenlemek.<\/p>\n<p>A\u015fa\u011f\u0131daki web sitesini ziyaret edin, Friedwald g\u00f6m\u00fc hakk\u0131nda daha fazla bilgi gerekiyor:<\/p>\n<p><span style=\"color: #000000;\"><a href=\"http:\/\/www.friedwald.de\/\">www.friedwald.de<\/a><br \/>\n<\/span>[\/vc_column_text][vc_empty_space][\/vc_column][\/vc_row][vc_row][vc_column][vc_column_text]<\/p>\n<h3 style=\"text-align: center;\">Alternatif Friedwald i\u00e7in<\/h3>\n<p>[\/vc_column_text][vc_empty_space][\/vc_column][\/vc_row][vc_row][vc_column width=&#8221;1\/2&#8243;][vc_column_text]<\/p>\n<p style=\"text-align: center;\">G\u00f6ttingen \u015fehir mezarl\u0131\u011f\u0131nda Fried Park<\/p>\n<p style=\"text-align: center;\">Mezarl\u0131kta bir birey ve do\u011fal mezar.<\/p>\n<p>[\/vc_column_text][vc_empty_space height=&#8221;15px&#8221;]<figure class=\"sc_image  sc_image_shape_square\"><div style=\"padding: 0.4em; padding-bottom: 0;\"><img src=\"https:\/\/guenther-bestattungen.com\/wp-content\/uploads\/2015\/12\/friedpark.jpg\" alt=\"\" \/><\/div><\/figure>[vc_empty_space height=&#8221;5px&#8221;][vc_column_text]<\/p>\n<p style=\"text-align: center;\"><a href=\"https:\/\/guenther-bestattungen.com\/wp-content\/uploads\/2015\/12\/Friedpark-Fotos.pdf\" target=\"_blank\">&#8211; daha fazla bilgi &#8211;\u00a0<\/a><\/p>\n<p>[\/vc_column_text][\/vc_column][vc_column width=&#8221;1\/2&#8243;][vc_column_text]<\/p>\n<p style=\"text-align: center;\"><em>Mezarl\u0131k Park Junker Berg bah\u00e7elerinde mezar<\/em><\/p>\n<p style=\"text-align: center;\">Mezarl\u0131kta bir birey ve do\u011fal mezar.<\/p>\n<p>[\/vc_column_text][vc_empty_space height=&#8221;15px&#8221;]<figure class=\"sc_image  sc_image_shape_square\"><div style=\"padding: 0.4em; padding-bottom: 0;\"><img src=\"https:\/\/guenther-bestattungen.com\/wp-content\/uploads\/2015\/12\/junkernberg.jpg\" alt=\"\" \/><\/div><\/figure>[vc_empty_space height=&#8221;5px&#8221;][vc_column_text]<\/p>\n<p style=\"text-align: center;\"><a href=\"https:\/\/guenther-bestattungen.com\/wp-content\/uploads\/2015\/12\/blatt1.pdf\" target=\"_blank\">&#8211; daha fazla bilgi &#8211;\u00a0<\/a><\/p>\n<p>[\/vc_column_text][\/vc_column][\/vc_row][vc_row][vc_column][vc_empty_space][vc_column_text]Cenazeler de iki belediye mezarl\u0131klar \u00fczerinde bir topluluk mezar siteleri gibi bir do\u011fal ortamda sunulmaktad\u0131r. Grabbeet de\u011fil kutular i\u00e7in mezar yerleri se\u00e7me ve ayr\u0131ca pe\u015fin al\u0131m rezerve edilebilir. D\u00fczenli mezar bak\u0131m ba\u011fl\u0131l\u0131k silindi.<\/p>\n<p>cenaze bir ge\u00e7i\u015f k\u00fcl kaps\u00fcl i\u00e7inde yer al\u0131r. Ayr\u0131ca mezarlar iki k\u00fcl kaps\u00fcl ile iki ki\u015filik bir aile mezar\u0131 olarak se\u00e7ilebilir, \u00fcst \u00fcste edilir.<\/p>\n<p>istek \u00fczerine bir an\u0131t stel \u00fczerinde bir ad okunarak i\u015fareti imkan\u0131 vard\u0131r. mezar \u00fcyeler taraf\u0131ndan kat\u0131l\u0131m m\u00fcmk\u00fcnd\u00fcr. Cenaze maliyeti, y\u00fcr\u00fcrl\u00fckteki t\u00fcz\u00fck mezarl\u0131k \u00fccretleri bak\u0131n. ayr\u0131ca (0551) 400-5216 biz Park Mezarl\u0131\u011f\u0131 Junker Berg mezarl\u0131k y\u00f6netimini \u00f6nerir can Misafirler.<\/p>\n<p>Park Mezarl\u0131\u011f\u0131 Junker Berg \u00fczerinde b\u00f6l\u00fcm &#8220;Meyve Wies mezar&#8221; 2006 y\u0131l\u0131nda a\u00e7\u0131lan. modellenmi\u015f bir meyve bah\u00e7esi niteli\u011fi \u00e7e\u015fitli, geli\u015fen \u00e7ay\u0131r burada 41 farkl\u0131 meyve a\u011fa\u00e7lar\u0131 duruyor. her a\u011fa\u00e7 atanan granit Tele yas tak\u0131 depolanmas\u0131 yan\u0131 s\u0131ra hat\u0131rlamak \/ merhum \/ n k\u00fc\u00e7\u00fck bir isim etiketi ile imkan\u0131 sunuyor.<\/p>\n<p>Kasaba mezarl\u0131\u011f\u0131nda eski a\u011fa\u00e7lar &#8220;Fried Park&#8221; defin olas\u0131l\u0131\u011f\u0131 alt\u0131nda 2006 y\u0131l\u0131ndan bu yana. Bir g\u00fcrgen \u00e7it itibaren me\u015fe hakim d\u00f6rt ana aya\u011f\u0131 b\u00f6l\u00fcm\u00fc korumal\u0131. Bu steller yerel ormanlardan elde edilen ve en a\u011fa\u00e7 mezar sembolizmi almak bulundu.<\/p>\n<p>Yine, yas tak\u0131 depolan\u0131r ve bir isim etiketi eklenmi\u015f.[\/vc_column_text][\/vc_column][\/vc_row]<\/p>\n<\/section>","protected":false},"excerpt":{"rendered":"<p>[vc_row][vc_column][vc_column_text] G\u00f6ttingen&#8217;de do\u011fal g\u00f6m\u00fcler [\/vc_column_text][vc_empty_space][vc_column_text]Fried Park Stadtfriedhof- bah\u00e7eleri mezar Parkfriedhof Junker Berg \u00fczerine Friedwald veya Bir Friedwald a\u011fa\u00e7 mezar, normal mezarl\u0131klar d\u0131\u015f\u0131nda bir birey ve do\u011fal cenaze istedi\u011finiz t\u00fcm insanlar bir alternatif sa\u011flar. Friedwald olarak, ah\u015fap do\u011fal bir par\u00e7as\u0131, \u00f6len ki\u015finin k\u00fclleri bir a\u011fac\u0131n dibinde topra\u011fa verilecek. Zamanla bir a\u011fa\u00e7 bir b\u00fct\u00fcn aile i\u00e7in son [&hellip;]<\/p>\n","protected":false},"author":1,"featured_media":0,"parent":1598,"menu_order":0,"comment_status":"closed","ping_status":"closed","template":"","meta":[],"_links":{"self":[{"href":"https:\/\/guenther-bestattungen.com\/tr\/wp-json\/wp\/v2\/pages\/1634"}],"collection":[{"href":"https:\/\/guenther-bestattungen.com\/tr\/wp-json\/wp\/v2\/pages"}],"about":[{"href":"https:\/\/guenther-bestattungen.com\/tr\/wp-json\/wp\/v2\/types\/page"}],"author":[{"embeddable":true,"href":"https:\/\/guenther-bestattungen.com\/tr\/wp-json\/wp\/v2\/users\/1"}],"replies":[{"embeddable":true,"href":"https:\/\/guenther-bestattungen.com\/tr\/wp-json\/wp\/v2\/comments?post=1634"}],"version-history":[{"count":3,"href":"https:\/\/guenther-bestattungen.com\/tr\/wp-json\/wp\/v2\/pages\/1634\/revisions"}],"predecessor-version":[{"id":1905,"href":"https:\/\/guenther-bestattungen.com\/tr\/wp-json\/wp\/v2\/pages\/1634\/revisions\/1905"}],"up":[{"embeddable":true,"href":"https:\/\/guenther-bestattungen.com\/tr\/wp-json\/wp\/v2\/pages\/1598"}],"wp:attachment":[{"href":"https:\/\/guenther-bestattungen.com\/tr\/wp-json\/wp\/v2\/media?parent=1634"}],"curies":[{"name":"wp","href":"https:\/\/api.w.org\/{rel}","templated":true}]}}