{"id":1652,"date":"2015-12-20T11:47:50","date_gmt":"2015-12-20T10:47:50","guid":{"rendered":"http:\/\/guenther-bestattungen.com\/tr\/bestattungsarten\/seebestattungen\/"},"modified":"2016-09-23T14:30:04","modified_gmt":"2016-09-23T12:30:04","slug":"seebestattungen","status":"publish","type":"page","link":"https:\/\/guenther-bestattungen.com\/tr\/bestattungsarten\/seebestattungen\/","title":{"rendered":"Seebestattungen"},"content":{"rendered":"<section class=\"wpb-content-wrapper\"><p>[vc_row][vc_column][vc_column_text]<\/p>\n<h3 style=\"text-align: center;\">deniz g\u00f6m\u00fc<\/h3>\n<p>[\/vc_column_text][vc_empty_space][vc_column_text]Son dinlenme yeri olarak deniz<\/p>\n<p>Genellikle zaten deniz gibi b\u00fcy\u00fcleyici, de\u011fi\u015fen yer gibi onlar\u0131n son dinlenme yeri, canl\u0131 denize yak\u0131n bir ba\u011flant\u0131 vard\u0131 ki\u015fileri se\u00e7in. Su, \u00f6zg\u00fcn ve hayat veren unsur olarak kabul edilir \u00e7\u00fcnk\u00fc ancak \u00f6zel bir veda i\u00e7in arzu, mezarl\u0131k. \u00d6rnek i\u00e7in benzersiz bir alternatif denizde mezar olan insanlar i\u00e7in. Sembolik olarak, ya\u015fam d\u00f6ng\u00fcs\u00fcn\u00fcn denizde mezar ile kapat\u0131r.[\/vc_column_text][vc_empty_space][\/vc_column][\/vc_row][vc_row][vc_column width=&#8221;1\/2&#8243;]<figure class=\"sc_image  sc_image_shape_square\"><div style=\"padding: 0.4em; padding-bottom: 0;\"><img src=\"https:\/\/guenther-bestattungen.com\/wp-content\/uploads\/2015\/12\/see-1.jpg\" alt=\"\" \/><\/div><\/figure>[\/vc_column][vc_column width=&#8221;1\/2&#8243;]<figure class=\"sc_image  sc_image_shape_square\"><div style=\"padding: 0.4em; padding-bottom: 0;\"><img src=\"https:\/\/guenther-bestattungen.com\/wp-content\/uploads\/2015\/12\/see_2-1.jpg\" alt=\"\" \/><\/div><\/figure>[\/vc_column][\/vc_row]<\/p>\n<\/section>","protected":false},"excerpt":{"rendered":"<p>[vc_row][vc_column][vc_column_text] deniz g\u00f6m\u00fc [\/vc_column_text][vc_empty_space][vc_column_text]Son dinlenme yeri olarak deniz Genellikle zaten deniz gibi b\u00fcy\u00fcleyici, de\u011fi\u015fen yer gibi onlar\u0131n son dinlenme yeri, canl\u0131 denize yak\u0131n bir ba\u011flant\u0131 vard\u0131 ki\u015fileri se\u00e7in. Su, \u00f6zg\u00fcn ve hayat veren unsur olarak kabul edilir \u00e7\u00fcnk\u00fc ancak \u00f6zel bir veda i\u00e7in arzu, mezarl\u0131k. \u00d6rnek i\u00e7in benzersiz bir alternatif denizde mezar olan insanlar i\u00e7in. [&hellip;]<\/p>\n","protected":false},"author":1,"featured_media":0,"parent":1598,"menu_order":0,"comment_status":"closed","ping_status":"closed","template":"","meta":[],"_links":{"self":[{"href":"https:\/\/guenther-bestattungen.com\/tr\/wp-json\/wp\/v2\/pages\/1652"}],"collection":[{"href":"https:\/\/guenther-bestattungen.com\/tr\/wp-json\/wp\/v2\/pages"}],"about":[{"href":"https:\/\/guenther-bestattungen.com\/tr\/wp-json\/wp\/v2\/types\/page"}],"author":[{"embeddable":true,"href":"https:\/\/guenther-bestattungen.com\/tr\/wp-json\/wp\/v2\/users\/1"}],"replies":[{"embeddable":true,"href":"https:\/\/guenther-bestattungen.com\/tr\/wp-json\/wp\/v2\/comments?post=1652"}],"version-history":[{"count":2,"href":"https:\/\/guenther-bestattungen.com\/tr\/wp-json\/wp\/v2\/pages\/1652\/revisions"}],"predecessor-version":[{"id":1881,"href":"https:\/\/guenther-bestattungen.com\/tr\/wp-json\/wp\/v2\/pages\/1652\/revisions\/1881"}],"up":[{"embeddable":true,"href":"https:\/\/guenther-bestattungen.com\/tr\/wp-json\/wp\/v2\/pages\/1598"}],"wp:attachment":[{"href":"https:\/\/guenther-bestattungen.com\/tr\/wp-json\/wp\/v2\/media?parent=1652"}],"curies":[{"name":"wp","href":"https:\/\/api.w.org\/{rel}","templated":true}]}}