{"id":1686,"date":"2015-12-16T23:10:17","date_gmt":"2015-12-16T22:10:17","guid":{"rendered":"http:\/\/guenther-bestattungen.com\/tr\/ueber-uns\/"},"modified":"2016-09-22T14:58:01","modified_gmt":"2016-09-22T12:58:01","slug":"ueber-uns","status":"publish","type":"page","link":"https:\/\/guenther-bestattungen.com\/tr\/ueber-uns\/","title":{"rendered":"\u00dcber uns"},"content":{"rendered":"<section class=\"wpb-content-wrapper\"><p>[vc_row][vc_column][vc_column_text]<\/p>\n<h3 style=\"text-align: center;\">Bestattungshaus G\u00fcnther G\u00f6ttingen<\/h3>\n<p>[\/vc_column_text][vc_empty_space][\/vc_column][\/vc_row][vc_row][vc_column width=&#8221;1\/3&#8243;]<figure class=\"sc_image  sc_image_shape_square\"><div style=\"padding: 0.4em; padding-bottom: 0;\"><img src=\"https:\/\/guenther-bestattungen.com\/wp-content\/uploads\/2015\/05\/Bild2.jpg\" alt=\"\" \/><\/div><\/figure><ul class=\"sc_list boxed_icon sc_list_style_iconed\"><li class=\"sc_list_item odd first\"><span class=\"sc_list_icon icon-home-1\"><\/span>[vc_column_text]Pfalz-Grona-Breite 86,\u00a037081 G\u00f6ttingen[\/vc_column_text]<\/li><li class=\"sc_list_item even\"><span class=\"sc_list_icon icon-smartphone\"><\/span>[vc_column_text]0551 \/ 50 48 30[\/vc_column_text]<\/li><li class=\"sc_list_item odd\"><span class=\"sc_list_icon icon-printer\"><\/span>[vc_column_text]0551 \/\u00a050 48 319[\/vc_column_text]<\/li><li class=\"sc_list_item even\"><span class=\"sc_list_icon icon-mail-2\"><\/span>[vc_column_text]<a href=\"mailto:info@guenther-bestattungen.de\">info@guenther-bestattungen.com<\/a>[\/vc_column_text]<\/li><\/ul>[\/vc_column][vc_column width=&#8221;2\/3&#8243;][vc_column_text]Bizim geni\u015f deneyimi bize \u00f6l\u00fcmlerde yasl\u0131 bir uzman ve g\u00fcvenilir destek sa\u011flar.<\/p>\n<p>Ki\u015fisel emeklilik alan\u0131nda, biz bu ba\u011flamda nesnel ve profesyonel tavsiyeler sunabilir. Tabii ki ki\u015fisel bir konu\u015fma t\u00fcm sorular i\u00e7in hizmetinizdedir. Bir \u00f6l\u00fcm meydana geldi\u011finde, sevilen bir kaybetmenin ac\u0131s\u0131 \u00e7ok net d\u00fc\u015f\u00fcnceler zorla\u015ft\u0131rmaktad\u0131r. Tam o evrak ve g\u00f6revleri say\u0131s\u0131z yapmak vard\u0131r.<\/p>\n<p>Burada destekleyici ve dan\u0131\u015fmanl\u0131k rol\u00fc vard\u0131r. Biz bir cenaze t\u00fcm formaliteleri a\u015fina senin ciddi ve g\u00fcvenilir bir orta\u011f\u0131 vard\u0131r ve o zaman rahatlatmak olabilir.<\/p>\n<p>Bizim g\u00fcvenilir ve yetkili tavsiye i\u00e7in bu zor durumda g\u00fcven.<\/p>\n<p>Sizin Bestattungshaus G\u00fcnther[\/vc_column_text][\/vc_column][\/vc_row]<\/p>\n<\/section>","protected":false},"excerpt":{"rendered":"<p>[vc_row][vc_column][vc_column_text] Bestattungshaus G\u00fcnther G\u00f6ttingen [\/vc_column_text][vc_empty_space][\/vc_column][\/vc_row][vc_row][vc_column width=&#8221;1\/3&#8243;][\/vc_column][vc_column width=&#8221;2\/3&#8243;][vc_column_text]Bizim geni\u015f deneyimi bize \u00f6l\u00fcmlerde yasl\u0131 bir uzman ve g\u00fcvenilir destek sa\u011flar. Ki\u015fisel emeklilik alan\u0131nda, biz bu ba\u011flamda nesnel ve profesyonel tavsiyeler sunabilir. Tabii ki ki\u015fisel bir konu\u015fma t\u00fcm sorular i\u00e7in hizmetinizdedir. Bir \u00f6l\u00fcm meydana geldi\u011finde, sevilen bir kaybetmenin ac\u0131s\u0131 \u00e7ok net d\u00fc\u015f\u00fcnceler zorla\u015ft\u0131rmaktad\u0131r. Tam o evrak ve g\u00f6revleri [&hellip;]<\/p>\n","protected":false},"author":1,"featured_media":0,"parent":0,"menu_order":0,"comment_status":"closed","ping_status":"closed","template":"","meta":[],"_links":{"self":[{"href":"https:\/\/guenther-bestattungen.com\/tr\/wp-json\/wp\/v2\/pages\/1686"}],"collection":[{"href":"https:\/\/guenther-bestattungen.com\/tr\/wp-json\/wp\/v2\/pages"}],"about":[{"href":"https:\/\/guenther-bestattungen.com\/tr\/wp-json\/wp\/v2\/types\/page"}],"author":[{"embeddable":true,"href":"https:\/\/guenther-bestattungen.com\/tr\/wp-json\/wp\/v2\/users\/1"}],"replies":[{"embeddable":true,"href":"https:\/\/guenther-bestattungen.com\/tr\/wp-json\/wp\/v2\/comments?post=1686"}],"version-history":[{"count":3,"href":"https:\/\/guenther-bestattungen.com\/tr\/wp-json\/wp\/v2\/pages\/1686\/revisions"}],"predecessor-version":[{"id":1711,"href":"https:\/\/guenther-bestattungen.com\/tr\/wp-json\/wp\/v2\/pages\/1686\/revisions\/1711"}],"wp:attachment":[{"href":"https:\/\/guenther-bestattungen.com\/tr\/wp-json\/wp\/v2\/media?parent=1686"}],"curies":[{"name":"wp","href":"https:\/\/api.w.org\/{rel}","templated":true}]}}